{"id":17149,"date":"2021-09-13T11:30:39","date_gmt":"2021-09-13T11:30:39","guid":{"rendered":"https:\/\/cultivers.es\/cookies-politik\/"},"modified":"2023-09-16T18:04:17","modified_gmt":"2023-09-16T18:04:17","slug":"cookies-politik","status":"publish","type":"page","link":"https:\/\/cultivers.es\/de\/cookies-politik\/","title":{"rendered":"Cookies-Politik"},"content":{"rendered":"\n<p><strong>Konzept der Cookies<\/strong><br\/>Cookies sind ein Hilfsmittel, das von Webservern zum Speichern und Abrufen von Informationen \u00fcber ihre Besucher oder Nutzer verwendet wird.<br\/>Es handelt sich dabei lediglich um eine Textdatei, die von einigen Servern w\u00e4hrend des Surfens installiert wird und die es ihnen erm\u00f6glicht, Informationen wie den Ort, von dem aus Sie zugreifen, die Verbindungszeit, das Ger\u00e4t, von dem aus Sie zugreifen (fest oder mobil), das Betriebssystem und den verwendeten Browser, die am h\u00e4ufigsten besuchten Seiten, die Anzahl der Klicks und Daten \u00fcber das Verhalten des Nutzers auf der Website zu erfahren.<br\/>Internet.<br\/>Sie liefern keine Hinweise, die R\u00fcckschl\u00fcsse auf den Vor- und Nachnamen des Benutzers zulassen, und k\u00f6nnen keine Daten von der Festplatte des Benutzers lesen oder Viren auf dessen Ger\u00e4t einschleusen.<br\/>Ebenso k\u00f6nnen keine Cookies gelesen werden, die auf der Festplatte des Nutzers von anderen Servern gespeichert sind. Warum sind sie wichtig?<br\/>Die Website ist auch ohne aktivierte Cookies zug\u00e4nglich, allerdings kann die Deaktivierung von Cookies dazu f\u00fchren, dass die Website nicht richtig funktioniert.<br\/>Aus technischer Sicht erm\u00f6glichen Cookies den Websites, flexibler zu arbeiten und sich an die Pr\u00e4ferenzen der Nutzer anzupassen, indem sie beispielsweise die Sprache oder die W\u00e4hrung des Landes speichern oder das Zugangsger\u00e4t erkennen.<br\/>Sie schaffen ein Schutz- und Sicherheitsniveau, das Cyberangriffe auf die Website oder ihre Nutzer verhindert oder erschwert, und erm\u00f6glichen es den Medienmanagern, statistische Daten zu erhalten, die zur Verbesserung der Qualit\u00e4t und der Erfahrung ihrer Dienste erhoben werden. Sie werden verwendet, um die Werbung, die wir den Nutzern zeigen, zu optimieren und ihnen die Werbung anzubieten, die ihren Interessen am besten entspricht.<\/p>\n\n<p><strong>Genehmigung f\u00fcr die Verwendung von Cookies<\/strong><\/p>\n\n<p>Auf der Website erscheint ein Cookie-Hinweis, den der Nutzer oder Besucher akzeptieren kann, indem er sich mit Folgendem einverstanden erkl\u00e4rt<br\/>ausdr\u00fccklich der Verwendung von Cookies wie unten beschrieben zustimmen.<br\/>Die Nutzer k\u00f6nnen ihren Browser so konfigurieren, dass alle Cookies standardm\u00e4\u00dfig abgelehnt werden oder dass sie auf dem Bildschirm eine Warnung \u00fcber den Empfang jedes Cookies erhalten und entscheiden k\u00f6nnen, ob sie diese auf ihrer Festplatte installieren m\u00f6chten oder nicht.<br\/>Konfiguration des Browsers ECOFORCE S.L. weist seine Nutzer darauf hin, dass die Verwendung von Cookies von deren Akzeptanz bei der Installation oder Aktualisierung des von ihnen verwendeten Browsers abh\u00e4ngen kann.<\/p>\n\n<p><strong>ECOFORCE S.L. Cookie-Richtlinie<\/strong><\/p>\n\n<p>Diese Zustimmung kann \u00fcber die Inhalts- und Datenschutzeinstellungen widerrufen werden.<br\/>verf\u00fcgbar. Der Inhaber empfiehlt seinen Nutzern, die Hilfe ihres Browsers zu konsultieren oder<br\/>Zugriff auf die Hilfe-Webseiten der wichtigsten Browser: Firefox, Internet Explorer, Safari,<br\/>Chrom.<br\/>Weitere Informationen \u00fcber den Widerruf der Einwilligung oder \u00fcber das Verfahren<br\/>um Cookies zu deaktivieren oder Fragen zur Cookie-Richtlinie zu stellen, k\u00f6nnen Sie<br\/>den Inhaber \u00fcber die folgende E-Mail-Adresse zu kontaktieren<br\/>ADMINISTRACION@FERTILIZANTESECOFORCE.ES mit dem Hinweis &#8222;Cookie-Richtlinie&#8220; auf der<br\/>Problem.<\/p>\n\n<p><strong>Arten von Cookies, die im Web verwendet werden<\/strong><br\/>Nutzer, die auf der Website surfen, k\u00f6nnen auf Cookies sto\u00dfen, die direkt vom Eigent\u00fcmer eingesetzt werden, oder auf Cookies, die von anderen Stellen als dem Eigent\u00fcmer eingesetzt werden, wie in den folgenden Abschnitten beschrieben:<br\/>(geben Sie die Art der verwendeten Cookies an)<\/p>\n\n<p>* <strong> Session-Cookies<\/strong>, die ablaufen, wenn der Nutzer die Seite verl\u00e4sst oder den Browser schlie\u00dft, d. h. sie sind f\u00fcr die Dauer des Besuchs der Website aktiv und werden daher von unserem Computer gel\u00f6scht, wenn der Nutzer ihn verl\u00e4sst.<\/p>\n\n<p>* <strong> Permanente Cookies<\/strong>, sie verfallen, wenn der Zweck, f\u00fcr den sie verwendet werden, erf\u00fcllt ist oder wenn sie manuell gel\u00f6scht werden, sie haben ein L\u00f6schdatum und werden normalerweise beim Online-Kauf, bei der Personalisierung oder bei der Registrierung verwendet, um nicht st\u00e4ndig ein Passwort eingeben zu m\u00fcssen.<br\/>Je nach der Einrichtung, die das Ger\u00e4t oder die Dom\u00e4ne verwaltet, von der die Cookies gesendet werden, und die die erhaltenen Daten verarbeitet, k\u00f6nnen wir zwischen Erstanbieter- und Drittanbieter-Cookies unterscheiden.<\/p>\n\n<p>* <strong> Eigene Cookies<\/strong> sind Cookies, die an den Computer des Nutzers gesendet werden und ausschlie\u00dflich von uns f\u00fcr das bessere Funktionieren der Website verwaltet werden. Die von uns gesammelten Informationen werden verwendet, um die Qualit\u00e4t unseres Dienstes und Ihre Nutzererfahrung zu verbessern.<\/p>\n\n<p>* <strong> Cookies von Drittanbietern<\/strong>: Wenn der Nutzer mit dem Inhalt unserer Website interagiert, k\u00f6nnen auch Cookies von Drittanbietern gesetzt werden (z. B. beim Anklicken von Schaltfl\u00e4chen sozialer Netzwerke oder beim Betrachten von Videos, die auf einer anderen Website gehostet werden), d. h. Cookies, die von einer anderen Dom\u00e4ne als unserer Website gesetzt werden. Wir k\u00f6nnen nicht auf die in Cookies gespeicherten Daten anderer Websites zugreifen, wenn Sie diese Websites besuchen.<\/p>\n","protected":false},"excerpt":{"rendered":"<p>Konzept der CookiesCookies sind ein Hilfsmittel, das von Webservern zum Speichern und Abrufen von Informationen \u00fcber ihre Besucher oder Nutzer verwendet wird.Es handelt sich dabei lediglich um eine Textdatei, die von einigen Servern w\u00e4hrend des Surfens installiert wird und die es ihnen erm\u00f6glicht, Informationen wie den Ort, von dem aus Sie zugreifen, die Verbindungszeit, das [&hellip;]<\/p>\n","protected":false},"author":1,"featured_media":0,"parent":0,"menu_order":0,"comment_status":"closed","ping_status":"closed","template":"","meta":{"_acf_changed":false,"footnotes":""},"class_list":["post-17149","page","type-page","status-publish","hentry"],"acf":[],"_links":{"self":[{"href":"https:\/\/cultivers.es\/de\/wp-json\/wp\/v2\/pages\/17149","targetHints":{"allow":["GET"]}}],"collection":[{"href":"https:\/\/cultivers.es\/de\/wp-json\/wp\/v2\/pages"}],"about":[{"href":"https:\/\/cultivers.es\/de\/wp-json\/wp\/v2\/types\/page"}],"author":[{"embeddable":true,"href":"https:\/\/cultivers.es\/de\/wp-json\/wp\/v2\/users\/1"}],"replies":[{"embeddable":true,"href":"https:\/\/cultivers.es\/de\/wp-json\/wp\/v2\/comments?post=17149"}],"version-history":[{"count":0,"href":"https:\/\/cultivers.es\/de\/wp-json\/wp\/v2\/pages\/17149\/revisions"}],"wp:attachment":[{"href":"https:\/\/cultivers.es\/de\/wp-json\/wp\/v2\/media?parent=17149"}],"curies":[{"name":"wp","href":"https:\/\/api.w.org\/{rel}","templated":true}]}}