{"id":20608,"date":"2020-05-28T18:15:46","date_gmt":"2020-05-28T18:15:46","guid":{"rendered":"https:\/\/cultivers.es\/kontakt\/"},"modified":"2025-09-22T04:19:55","modified_gmt":"2025-09-22T04:19:55","slug":"kontakt","status":"publish","type":"page","link":"https:\/\/cultivers.es\/de\/kontakt\/","title":{"rendered":"KONTAKT"},"content":{"rendered":"<p>[et_pb_section fb_built=&#8220;1&#8243; admin_label=&#8220;Contact Section&#8220; _builder_version=&#8220;4.27.0&#8243; background_color=&#8220;gcid-368b5e3a-09c6-482e-873c-c4265b67c126&#8243; background_image=&#8220;https:\/\/cultivers.es\/wp-content\/uploads\/2024\/09\/contacta-fondo-inverse.svg&#8220; background_size=&#8220;custom&#8220; background_image_width=&#8220;300px&#8220; background_position=&#8220;bottom_left&#8220; background_horizontal_offset=&#8220;-5%&#8220; custom_padding=&#8220;60px||120px||false|false&#8220; global_colors_info=&#8220;{%22gcid-368b5e3a-09c6-482e-873c-c4265b67c126%22:%91%22background_color%22%93}&#8220;][et_pb_row column_structure=&#8220;1_2,1_2&#8243; use_custom_gutter=&#8220;on&#8220; gutter_width=&#8220;2&#8243; _builder_version=&#8220;4.27.0&#8243; _module_preset=&#8220;default&#8220; background_last_edited=&#8220;on|desktop&#8220; custom_css_main_element=&#8220;\/* estilo formulario de contacto %22Contact Form 7 *\/||||#contact{||\tlist-style:none;||\tmargin:0;||}||#contact li{||\tfloat: left;||    height: 60px;||\tmargin:0 0 30px;||    position: relative;||    width: 540px;||}||#contact li .text{||\tbackground: #F0EFEF;||\tpadding:15px 10px 10px 0;||\tposition:absolute;||\tz-index:100;||\tmin-width:85px;||\tborder-bottom-right-radius: 5px;||\t-moz-border-radius-bottomright:5px;||\t-webkit-border-bottom-right-radius:5px;||\tborder-top-left-radius: 5px;||\t-moz-border-radius-topleft:5px;||\t-webkit-border-top-left-radius:5px;||\ttext-indent: 5px;||}||#contact li .required{||\tposition:absolute;||\tright:10px;||\ttop:10px;||\tz-index:100;||}||#contact li .wpcf7-form-control-wrap{||\tposition: absolute;||}||||#contact li .wpcf7-form-control-wrap input, #contact li .wpcf7-form-control-wrap textarea{||\tbackground:#fff;||\tborder:solid 5px #34bd0f;||\tborder-radius:5px;||\t-moz-border-radius:5px;||\t-webkit-border-radius:5px;||\tpadding:15px 10px 25px;||\twidth: 509px;||\ttext-indent:95px;||\tz-index:100;||\tmargin:0;||||}||#contact li .wpcf7-form-control-wrap input:focus, #contact li .wpcf7-form-control-wrap textarea:focus{||\tbackground:#F0EFEF||}||#contact li .wpcf7-form-control-wrap textarea{||\tline-height: 28px;||    padding: 10px;||\theight:200px;||}||#contact li#message{||\tmin-height:220px;||}||#contact li#submit input{||\tcolor:#fff;||\ttext-decoration:none;||\tmargin:50px 30px 0 0;||\tbackground:#34bd0f;||\tfilter: progid:DXImageTransform.Microsoft.gradient(startColorstr=&#8217;#33bd12&#8242;, endColorstr=&#8217;#008700&#8242;);||\tbackground: -webkit-gradient(linear, 0% 0%, 0% 100%, from(#008700), to(#008700));||\tbackground: -moz-linear-gradient(top, #008700, #33bd12);||\tborder:none;||\t-moz-border-radius:3px;||\t-webkit-border-radius:3px;||\t-0-border-radius:3px;||\tborder-radius:3px;||\tdisplay:block;||\tpadding:10px 25px;||\ttext-align:center;||\ttext-shadow:0 1px 0 #008700;||\ttext-transform:uppercase;||}||#contact li#submit input:hover{||\tbackground:#34bd0f;||\tfilter: progid:DXImageTransform.Microsoft.gradient(startColorstr=&#8217;#33bd12&#8242;, endColorstr=&#8217;#008700&#8242;);||\tbackground: -webkit-gradient(linear, 0% 0%, 0% 100%, from(#09b2f3), to(#69d2f9));||\tbackground: -moz-linear-gradient(top, #09b2f3, #69d2f9);||\t-moz-box-shadow:0 1px 2px rgba(0,0,0,.5) inset;||\t-webkit-box-shadow:0 1px 2px rgba(0,0,0,.5) inset;||\t-o-box-shadow:0 1px 2px rgba(0,0,0,.5) inset;||\tbox-shadow:0 1px 2px rgba(0,0,0,.5) inset;||\tcolor:#34bd0f;||\ttext-shadow:0 1px 0 rgba(255,255,255,.25);||\ttext-transform:uppercase;||\tcursor:pointer;||}||div.wpcf7-validation-errors {||    clear: left;||}&#8220; global_colors_info=&#8220;{}&#8220; background__hover_enabled=&#8220;on|desktop&#8220;][et_pb_column type=&#8220;1_2&#8243; _builder_version=&#8220;4.27.0&#8243; _module_preset=&#8220;default&#8220; global_colors_info=&#8220;{}&#8220;][et_pb_text _builder_version=&#8220;4.27.2&#8243; _module_preset=&#8220;e093e515-2f51-4ef7-840c-a2d3d382bc48&#8243; text_orientation=&#8220;left&#8220; global_colors_info=&#8220;{}&#8220;]<\/p>\n<h1>Kontaktieren Sie uns unter<\/h1>\n<p>[\/et_pb_text][et_pb_text _builder_version=&#8220;4.27.0&#8243; _module_preset=&#8220;default&#8220; text_font=&#8220;Lato||||||||&#8220; text_text_color=&#8220;gcid-e3f7f872-28fa-40a7-ba11-a8438a89bffe&#8220; text_font_size=&#8220;18px&#8220; text_line_height=&#8220;24px&#8220; global_colors_info=&#8220;{%22gcid-e3f7f872-28fa-40a7-ba11-a8438a89bffe%22:%91%22text_text_color%22%93}&#8220;]Wir bei Cultivers setzen uns f\u00fcr eine nachhaltige und verantwortungsvolle Landwirtschaft ein und achten dabei auf die Auswirkungen unserer Arbeit auf die Umwelt. Wir glauben, dass gesunde B\u00f6den der Schl\u00fcssel zu einer Zukunft mit einem stabilen Klima und einer atembaren Atmosph\u00e4re sind. Wenn Sie unsere Vision teilen und mehr wissen m\u00f6chten, z\u00f6gern Sie nicht, uns zu kontaktieren - wir sind f\u00fcr Sie da![\/et_pb_text][et_pb_code _builder_version=&#8220;4.27.0&#8243; _module_preset=&#8220;default&#8220; custom_css_free_form=&#8220;.card{||  width:50% !important;||}||.cont{||  display:flex;||  margin-bottom:12px;||}&#8220; global_colors_info=&#8220;{}&#8220;]<\/p>\n<div class=\"cont\"><!-- [et_pb_line_break_holder] -->\t<a class=\"card\" href=\"tel:+34962839179\"><!-- [et_pb_line_break_holder] -->  \t<img decoding=\"async\" src=\"https:\/\/cultivers.es\/wp-content\/uploads\/2024\/08\/Phone-Streamline-Core.svg\" alt=\"Januar Ikone\" title=\"\"><!-- [et_pb_line_break_holder] -->  \t<span>RUFEN SIE UNS AN<\/span><!-- [et_pb_line_break_holder] -->\t<\/a><!-- [et_pb_line_break_holder] -->\t<a class=\"card\" href=\"https:\/\/wa.me\/34687013603\" target=\"_blank\" rel=\"noopener\"><!-- [et_pb_line_break_holder] -->  \t<img decoding=\"async\" src=\"https:\/\/cultivers.es\/wp-content\/uploads\/2024\/08\/Whatsapp-Streamline-Core.svg\" alt=\"Februar Ikone\" title=\"\"><!-- [et_pb_line_break_holder] -->  \t<span>  WHATSAPP<\/span><!-- [et_pb_line_break_holder] -->\t<\/a><!-- [et_pb_line_break_holder] --><\/div>\n<p>[\/et_pb_code][et_pb_text _builder_version=&#8220;4.27.0&#8243; _module_preset=&#8220;default&#8220; text_font=&#8220;Lato||||||||&#8220; text_text_color=&#8220;gcid-e3f7f872-28fa-40a7-ba11-a8438a89bffe&#8220; text_font_size=&#8220;18px&#8220; text_line_height=&#8220;24px&#8220; global_colors_info=&#8220;{%22gcid-e3f7f872-28fa-40a7-ba11-a8438a89bffe%22:%91%22text_text_color%22%93}&#8220;]<strong>Peninsula:<\/strong> Partida Rombins 30, 03780 Pego, Alicante. 962 839 179[\/et_pb_text][et_pb_text _builder_version=&#8220;4.27.0&#8243; _module_preset=&#8220;default&#8220; text_font=&#8220;Lato||||||||&#8220; text_text_color=&#8220;gcid-e3f7f872-28fa-40a7-ba11-a8438a89bffe&#8220; text_font_size=&#8220;18px&#8220; text_line_height=&#8220;24px&#8220; global_colors_info=&#8220;{%22gcid-e3f7f872-28fa-40a7-ba11-a8438a89bffe%22:%91%22text_text_color%22%93}&#8220;]<strong>Kanarische Inseln:<\/strong> Lomo de Barranquillo frio, 49. Santa Cristina.Santa Mar\u00eda de Gu\u00eda.[\/et_pb_text][\/et_pb_column][et_pb_column type=&#8220;1_2&#8243; _builder_version=&#8220;4.20.4&#8243; _module_preset=&#8220;default&#8220; global_colors_info=&#8220;{}&#8220;][et_pb_text module_class=&#8220;contact-page-form&#8220; _builder_version=&#8220;4.27.0&#8243; _module_preset=&#8220;default&#8220; background_color=&#8220;#FFFFFF&#8220; custom_padding=&#8220;15px|15px|15px|15px|true|true&#8220; custom_css_free_form=&#8220;.contact-page-form .wpcf7-form-control{||  border: 1px solid #958080;||  border-radius:25px;||  padding: 12px 24px;||    color:#2C0000;||}||selector label{||  font-family: &#8218;Lato&#8216;, Helvetica, Arial, Lucida, sans-serif;;||  font-size:16px;||  font-weight:700;||  color:#2C0000;||}||.contact-page-form .wpcf7-submit{||  background-color:#968218;||  border-radius:100px;||  border:none;||  padding: 20px;||  height: auto;||  width:170px;||  color:white;||    font-family: &#8218;Lato&#8216;, Helvetica, Arial, Lucida, sans-serif;||font-size: 18px;||  font-weight:900;||}&#8220; border_radii=&#8220;on|10px|10px|10px|10px&#8220; global_colors_info=&#8220;{}&#8220;]<\/p>\n\n<div class=\"wpcf7 no-js\" id=\"wpcf7-f21617-o1\" lang=\"de-DE\" dir=\"ltr\" data-wpcf7-id=\"21617\">\n<div class=\"screen-reader-response\"><p role=\"status\" aria-live=\"polite\" aria-atomic=\"true\"><\/p> <ul><\/ul><\/div>\n<form action=\"\/de\/wp-json\/wp\/v2\/pages\/20608#wpcf7-f21617-o1\" method=\"post\" class=\"wpcf7-form init\" aria-label=\"Kontaktformular\" novalidate=\"novalidate\" data-status=\"init\">\n<fieldset class=\"hidden-fields-container\"><input type=\"hidden\" name=\"_wpcf7\" value=\"21617\" \/><input type=\"hidden\" name=\"_wpcf7_version\" value=\"6.1.5\" \/><input type=\"hidden\" name=\"_wpcf7_locale\" value=\"de_DE\" \/><input type=\"hidden\" name=\"_wpcf7_unit_tag\" value=\"wpcf7-f21617-o1\" \/><input type=\"hidden\" name=\"_wpcf7_container_post\" value=\"0\" \/><input type=\"hidden\" name=\"_wpcf7_posted_data_hash\" value=\"\" \/>\n<\/fieldset>\n<p><label> Ihr Name<br \/>\n<span class=\"wpcf7-form-control-wrap\" data-name=\"your-name\"><input size=\"40\" maxlength=\"400\" class=\"wpcf7-form-control wpcf7-text wpcf7-validates-as-required\" autocomplete=\"name\" aria-required=\"true\" aria-invalid=\"false\" value=\"\" type=\"text\" name=\"your-name\" \/><\/span> <\/label>\n<\/p>\n<p><label> Ihre E-Mail Adresse<br \/>\n<span class=\"wpcf7-form-control-wrap\" data-name=\"your-email\"><input size=\"40\" maxlength=\"400\" class=\"wpcf7-form-control wpcf7-email wpcf7-validates-as-required wpcf7-text wpcf7-validates-as-email\" autocomplete=\"email\" aria-required=\"true\" aria-invalid=\"false\" value=\"\" type=\"email\" name=\"your-email\" \/><\/span> <\/label>\n<\/p>\n<p><span class=\"wpcf7-form-control-wrap\" data-name=\"Asunto\"><select class=\"wpcf7-form-control wpcf7-select wpcf7-validates-as-required\" aria-required=\"true\" aria-invalid=\"false\" name=\"Asunto\"><option value=\"\">&#8211; Bitte ausw\u00e4hlen &#8211;<\/option><option value=\"Pedidos\">Pedidos<\/option><option value=\"Consulta t\u00e9cnica\">Consulta t\u00e9cnica<\/option><option value=\"Ventas\">Ventas<\/option><option value=\"Jardiner\u00eda profesional\">Jardiner\u00eda profesional<\/option><option value=\"Distribuidor\">Distribuidor<\/option><option value=\"Marca Blanca\">Marca Blanca<\/option><\/select><\/span>\n<\/p>\n<p><span class=\"wpcf7-form-control-wrap\" data-name=\"tel\"><input size=\"40\" maxlength=\"400\" class=\"wpcf7-form-control wpcf7-tel wpcf7-validates-as-required wpcf7-text wpcf7-validates-as-tel\" aria-required=\"true\" aria-invalid=\"false\" value=\"\" type=\"tel\" name=\"tel\" \/><\/span>\n<\/p>\n<p><span class=\"wpcf7-form-control-wrap\" data-name=\"Mensaje\"><textarea cols=\"40\" rows=\"10\" maxlength=\"2000\" class=\"wpcf7-form-control wpcf7-textarea wpcf7-validates-as-required\" aria-required=\"true\" aria-invalid=\"false\" name=\"Mensaje\"><\/textarea><\/span>\n<\/p>\n<p><input class=\"wpcf7-form-control wpcf7-submit has-spinner\" type=\"submit\" value=\"Enviar\" \/>\n<\/p><div class=\"wpcf7-response-output\" aria-hidden=\"true\"><\/div>\n<\/form>\n<\/div>\n\n<p>[\/et_pb_text][\/et_pb_column][\/et_pb_row][\/et_pb_section]<\/p>\n","protected":false},"excerpt":{"rendered":"<p>[et_pb_section fb_built=&#8220;1&#8243; admin_label=&#8220;Contact Section&#8220; _builder_version=&#8220;4.27.0&#8243; background_color=&#8220;gcid-368b5e3a-09c6-482e-873c-c4265b67c126&#8243; background_image=&#8220;https:\/\/cultivers.es\/wp-content\/uploads\/2024\/09\/contacta-fondo-inverse.svg&#8220; background_size=&#8220;custom&#8220; background_image_width=&#8220;300px&#8220; background_position=&#8220;bottom_left&#8220; background_horizontal_offset=&#8220;-5%&#8220; custom_padding=&#8220;60px||120px||false|false&#8220; global_colors_info=&#8220;{%22gcid-368b5e3a-09c6-482e-873c-c4265b67c126%22:%91%22background_color%22%93}&#8220;][et_pb_row column_structure=&#8220;1_2,1_2&#8243; use_custom_gutter=&#8220;on&#8220; gutter_width=&#8220;2&#8243; _builder_version=&#8220;4.27.0&#8243; _module_preset=&#8220;default&#8220; background_last_edited=&#8220;on|desktop&#8220; custom_css_main_element=&#8220;\/* estilo formulario de contacto %22Contact Form 7 *\/||||#contact{|| list-style:none;|| margin:0;||}||#contact li{|| float: left;|| height: 60px;|| margin:0 0 30px;|| position: relative;|| width: 540px;||}||#contact li .text{|| background: #F0EFEF;|| padding:15px 10px 10px 0;|| position:absolute;|| z-index:100;|| min-width:85px;|| border-bottom-right-radius: 5px;|| [&hellip;]<\/p>\n","protected":false},"author":1,"featured_media":0,"parent":0,"menu_order":0,"comment_status":"closed","ping_status":"closed","template":"","meta":{"_acf_changed":false,"footnotes":""},"class_list":["post-20608","page","type-page","status-publish","hentry"],"acf":[],"_links":{"self":[{"href":"https:\/\/cultivers.es\/de\/wp-json\/wp\/v2\/pages\/20608","targetHints":{"allow":["GET"]}}],"collection":[{"href":"https:\/\/cultivers.es\/de\/wp-json\/wp\/v2\/pages"}],"about":[{"href":"https:\/\/cultivers.es\/de\/wp-json\/wp\/v2\/types\/page"}],"author":[{"embeddable":true,"href":"https:\/\/cultivers.es\/de\/wp-json\/wp\/v2\/users\/1"}],"replies":[{"embeddable":true,"href":"https:\/\/cultivers.es\/de\/wp-json\/wp\/v2\/comments?post=20608"}],"version-history":[{"count":1,"href":"https:\/\/cultivers.es\/de\/wp-json\/wp\/v2\/pages\/20608\/revisions"}],"predecessor-version":[{"id":48335,"href":"https:\/\/cultivers.es\/de\/wp-json\/wp\/v2\/pages\/20608\/revisions\/48335"}],"wp:attachment":[{"href":"https:\/\/cultivers.es\/de\/wp-json\/wp\/v2\/media?parent=20608"}],"curies":[{"name":"wp","href":"https:\/\/api.w.org\/{rel}","templated":true}]}}