{"id":20609,"date":"2020-05-28T16:59:04","date_gmt":"2020-05-28T16:59:04","guid":{"rendered":"https:\/\/cultivers.es\/datenschutzbestimmungen-2\/"},"modified":"2023-09-18T12:16:00","modified_gmt":"2023-09-18T12:16:00","slug":"datenschutzbestimmungen-2","status":"publish","type":"page","link":"https:\/\/cultivers.es\/de\/datenschutzbestimmungen-2\/","title":{"rendered":"Datenschutzbestimmungen"},"content":{"rendered":"\n<p>ECOFORCE S.L mit CIF B54671656 und der Adresse CALLE MAESTRO SERRANO,1, ALICANTE (EL VERGEL), 03770 ist der Eigent\u00fcmer der Website WWW.FERTILIZANTESECOFORCE.ES und ist verantwortlich f\u00fcr die Verarbeitung der pers\u00f6nlichen Daten, die von den Nutzern \u00fcber diese Website bereitgestellt werden.<\/p>\n\n<p>ECOFORCE S.L. informiert die Nutzer dieser Website \u00fcber seine Politik bez\u00fcglich der Behandlung und des Schutzes der pers\u00f6nlichen Daten der Nutzer und Kunden, die durch das Surfen und die Nutzung dieser Website gesammelt werden k\u00f6nnen.<br\/>Zweck dieses Dokuments ist es, die Nutzer dar\u00fcber zu informieren, was wir mit ihren personenbezogenen Daten machen, wie sie erhoben werden, wof\u00fcr sie verwendet werden, welche Rechte sie haben und alle notwendigen Informationen, die in den geltenden Rechtsvorschriften festgelegt sind.<\/p>\n\n<p>Durch die Nutzung dieser Website gehen wir davon aus, dass Sie die Informationen \u00fcber die Verarbeitung Ihrer personenbezogenen Daten gelesen und verstanden haben.<br\/>Unser Hauptziel ist es, personenbezogene Daten auf rechtm\u00e4\u00dfige, faire und transparente Weise zu verarbeiten.<\/p>\n\n<p><strong>Erhobene Daten, Zweck und Rechtm\u00e4\u00dfigkeit<\/strong><br\/>Bei den verarbeiteten personenbezogenen Daten handelt es sich um diejenigen, die von den Nutzern \u00fcber die auf dieser Website verf\u00fcgbaren Formulare zur Verf\u00fcgung gestellt werden, und um das Minimum, das erforderlich ist, um Ihnen Informationen \u00fcber unsere Produkte\/Dienstleistungen zukommen zu lassen, Bestellungen aufzugeben sowie die entsprechenden Rechnungen zu erstellen, \u00fcber den Status der Bestellungen zu berichten, Beschwerden zu bearbeiten und jede andere Verwaltung, die sich aus der Erbringung der \u00fcber diese Website angebotenen Dienstleistung ergibt.<br\/>Diese Zwecke beruhen auf den Rechtsgrunds\u00e4tzen f\u00fcr die Verarbeitung von Daten, die nach geltendem Recht erhoben werden: f\u00fcr die Erf\u00fcllung eines Vertrags oder die Erbringung einer Dienstleistung f\u00fcr die Nutzer, f\u00fcr die Erf\u00fcllung rechtlicher Verpflichtungen, aus berechtigtem Interesse und mit Zustimmung der Nutzer.<\/p>\n\n<p>Daten, die bei der Anforderung von Informationen \u00fcber das Webformular erhoben werden.<br\/>Die pers\u00f6nlichen Daten, die \u00fcber das Webformular f\u00fcr die Informationsanforderung gesammelt werden, dienen dem Zweck, kommerzielle Informationen \u00fcber unsere Produkte und Dienstleistungen zu versenden.<br\/>Die Verarbeitung der Daten ist in diesem speziellen Fall durch die ausdr\u00fcckliche Zustimmung legitimiert, die Sie uns durch die Zustimmung zur \u00dcbermittlung der \u00fcber das Formular bereitgestellten Informationen erteilen.<\/p>\n\n<p><strong>Vorg\u00e4nge, die mit personenbezogenen Daten durchgef\u00fchrt werden<\/strong><\/p>\n\n<p>Personenbezogene Daten werden \u00fcber die Website erfasst und auf elektronischen Medien gespeichert, die vom f\u00fcr die Datenverarbeitung Verantwortlichen kontrolliert und \u00fcberwacht werden. Die Medien sind mit den notwendigen technischen und organisatorischen Ma\u00dfnahmen ausgestattet, um die Vertraulichkeit bei der Verarbeitung der Daten zu gew\u00e4hrleisten.<br\/>Das Personal, das mit der Datenverarbeitung befasst ist (Zugang, Bearbeitung, L\u00f6schung usw.), ist geschult und auf unsere Datenschutzpolitik verpflichtet.<\/p>\n\n<p><strong>Datenschutzpolitik von ECOFORCE S.L.<\/strong><\/p>\n\n<p><strong>Vorratsspeicherung von Daten<\/strong><br\/>Personenbezogene Daten werden so lange aufbewahrt, wie es zur Erf\u00fcllung des Zwecks\/der Zwecke, f\u00fcr den\/die sie erhoben wurden, erforderlich ist.<br\/>Wir werden Ihre personenbezogenen Daten daher so lange aufbewahren, wie eine vertragliche und\/oder gesch\u00e4ftliche Beziehung zu Ihnen besteht oder Sie Ihr Recht auf L\u00f6schung, Stornierung und\/oder Einschr\u00e4nkung der Verarbeitung Ihrer Daten nicht wahrnehmen.<br\/>In diesen F\u00e4llen bewahren wir die Daten ordnungsgem\u00e4\u00df gesperrt auf, ohne sie zu verwenden, solange sie f\u00fcr die Geltendmachung oder Verteidigung von Anspr\u00fcchen erforderlich sind oder solange sich aus ihrer Verarbeitung irgendeine Art von gerichtlicher, gesetzlicher oder vertraglicher Haftung ergibt, die erf\u00fcllt werden muss und f\u00fcr die ihre Wiederherstellung erforderlich ist.<\/p>\n\n<p><strong>Schutz von Minderj\u00e4hrigen<\/strong><br\/>Diese Website ist nicht f\u00fcr minderj\u00e4hrige Nutzer bestimmt. Wenn Sie minderj\u00e4hrig sind, versuchen Sie bitte nicht, sich als Benutzer zu registrieren. Wenn wir feststellen, dass wir versehentlich personenbezogene Daten von einem Kind erhalten haben, werden wir diese Daten so schnell wie m\u00f6glich l\u00f6schen.<\/p>\n\n<p><strong>Empf\u00e4nger Ihrer personenbezogenen Daten<\/strong><br\/>Wir informieren die Nutzer dar\u00fcber, dass ihre personenbezogenen Daten nicht an Dritte weitergegeben werden, es sei denn, dass eine solche Weitergabe von Daten durch eine gesetzliche Verpflichtung abgedeckt ist oder wenn es f\u00fcr die korrekte Erbringung der Dienstleistung oder die Ausf\u00fchrung des Vertrags erforderlich ist, ihre Daten an andere f\u00fcr die Datenverarbeitung Verantwortliche wie andere Unternehmen der Gruppe, Datenverarbeiter, weiterzugeben.<br\/>In den F\u00e4llen, in denen die Weitergabe von Daten an Dritte nicht durch die im vorstehenden Abschnitt genannten Rechtsgrundlagen gedeckt ist, erfolgt die Weitergabe von Daten an andere Empf\u00e4nger nur, wenn der Nutzer ausdr\u00fccklich zugestimmt hat.<br\/>ECOFORCE S.L. wendet strenge Kriterien f\u00fcr die Auswahl der Datenverarbeiter an und verpflichtet sich vertraglich mit jedem von ihnen, die im Bereich des Datenschutzes festgelegten Verpflichtungen einzuhalten und durchzusetzen.<br\/>Weitere Informationen \u00fcber die Verarbeitung personenbezogener Daten durch unsere Organisation erhalten Sie, wenn Sie auf den folgenden Link klicken:<\/p>\n\n<p><strong>Aus\u00fcbung der Rechte<\/strong><br\/>Gem\u00e4\u00df den Rechten, die sich aus den geltenden Rechtsvorschriften \u00fcber den Schutz personenbezogener Daten ergeben, k\u00f6nnen die Nutzer ihr Recht auf Zugang, Berichtigung, Einschr\u00e4nkung der Verarbeitung, L\u00f6schung, \u00dcbertragbarkeit und Widerspruch gegen die Verarbeitung ihrer Daten aus\u00fcben, indem sie ihren Antrag an die angegebene Postanschrift oder an die E-Mail-Adresse ADMINISTRACION@FERTILIZANTESECOFORCE.ES richten.<br\/>Datenschutzpolitik von ECOFORCE S.L.<\/p>\n\n<p>Um Ihre Rechte wahrnehmen zu k\u00f6nnen, m\u00fcssen Sie sich durch Vorlage Ihres Personalausweises ausweisen.<br\/>Sollten Sie Beschwerden haben, wenden Sie sich bitte an dieselbe Adresse. Sie k\u00f6nnen sich auch an die<br\/>Spanische Datenschutzbeh\u00f6rde: www.agpd.es<\/p>\n","protected":false},"excerpt":{"rendered":"<p>ECOFORCE S.L mit CIF B54671656 und der Adresse CALLE MAESTRO SERRANO,1, ALICANTE (EL VERGEL), 03770 ist der Eigent\u00fcmer der Website WWW.FERTILIZANTESECOFORCE.ES und ist verantwortlich f\u00fcr die Verarbeitung der pers\u00f6nlichen Daten, die von den Nutzern \u00fcber diese Website bereitgestellt werden. ECOFORCE S.L. informiert die Nutzer dieser Website \u00fcber seine Politik bez\u00fcglich der Behandlung und des Schutzes [&hellip;]<\/p>\n","protected":false},"author":1,"featured_media":0,"parent":0,"menu_order":0,"comment_status":"closed","ping_status":"closed","template":"","meta":{"_acf_changed":false,"footnotes":""},"class_list":["post-20609","page","type-page","status-publish","hentry"],"acf":[],"_links":{"self":[{"href":"https:\/\/cultivers.es\/de\/wp-json\/wp\/v2\/pages\/20609","targetHints":{"allow":["GET"]}}],"collection":[{"href":"https:\/\/cultivers.es\/de\/wp-json\/wp\/v2\/pages"}],"about":[{"href":"https:\/\/cultivers.es\/de\/wp-json\/wp\/v2\/types\/page"}],"author":[{"embeddable":true,"href":"https:\/\/cultivers.es\/de\/wp-json\/wp\/v2\/users\/1"}],"replies":[{"embeddable":true,"href":"https:\/\/cultivers.es\/de\/wp-json\/wp\/v2\/comments?post=20609"}],"version-history":[{"count":0,"href":"https:\/\/cultivers.es\/de\/wp-json\/wp\/v2\/pages\/20609\/revisions"}],"wp:attachment":[{"href":"https:\/\/cultivers.es\/de\/wp-json\/wp\/v2\/media?parent=20609"}],"curies":[{"name":"wp","href":"https:\/\/api.w.org\/{rel}","templated":true}]}}