{"id":17314,"date":"2021-10-22T12:12:43","date_gmt":"2021-10-22T12:12:43","guid":{"rendered":"https:\/\/cultivers.es\/abonos\/bio-obstduenger\/"},"modified":"2025-09-22T05:29:20","modified_gmt":"2025-09-22T05:29:20","slug":"dunger-obstbaume-okologisch","status":"publish","type":"product","link":"https:\/\/cultivers.es\/de\/d\u00fcngemittel\/dunger-obstbaume-okologisch\/","title":{"rendered":"Bio-Obstd\u00fcnger"},"content":{"rendered":"<p data-key=\"10\" data-slate-type=\"p\" data-style=\"{}\"><span class=\"slate-node-text\" data-key=\"9\"><span data-offset-key=\"9:0\" data-spm-anchor-id=\"5261.product_publish.0.i13.3ffe4edf8PUP1x\">Organischer Gem\u00fcsed\u00fcnger, der reich an Stickstoff, Kalium und organischen Stoffen ist und die N\u00e4hrstoffversorgung aller Pflanzenarten, insbesondere von Obstb\u00e4umen, beg\u00fcnstigt.<\/span><\/span><\/p>\n<p data-key=\"14\" data-slate-type=\"p\" data-style=\"{}\" data-spm-anchor-id=\"5261.product_publish.0.i10.3ffe4edf8PUP1x\"><span class=\"slate-node-text\" data-key=\"13\"><span data-offset-key=\"13:0\" data-spm-anchor-id=\"5261.product_publish.0.i9.3ffe4edf8PUP1x\">Die Versorgung der Obstb\u00e4ume mit organischen Stoffen und Stickstoff vor dem Austrieb ist unerl\u00e4sslich, damit der Pflanze N\u00e4hrstoffe f\u00fcr die Erzeugung von Qualit\u00e4tsobst zur Verf\u00fcgung stehen.<\/span><\/span><\/p>\n<p data-key=\"18\" data-slate-type=\"p\" data-style=\"{}\" data-spm-anchor-id=\"5261.product_publish.0.i14.3ffe4edf8PUP1x\" data-slate-fragment=\"JTdCJTIyb2JqZWN0JTIyJTNBJTIyZG9jdW1lbnQlMjIlMkMlMjJkYXRhJTIyJTNBJTdCJTdEJTJDJTIybm9kZXMlMjIlM0ElNUIlN0IlMjJvYmplY3QlMjIlM0ElMjJibG9jayUyMiUyQyUyMnR5cGUlMjIlM0ElMjJwYXJhZ3JhcGglMjIlMkMlMjJpc1ZvaWQlMjIlM0FmYWxzZSUyQyUyMmRhdGElMjIlM0ElN0IlN0QlMkMlMjJub2RlcyUyMiUzQSU1QiU3QiUyMm9iamVjdCUyMiUzQSUyMnRleHQlMjIlMkMlMjJsZWF2ZXMlMjIlM0ElNUIlN0IlMjJvYmplY3QlMjIlM0ElMjJsZWFmJTIyJTJDJTIydGV4dCUyMiUzQSUyMkZlcnRpbGl6YW50ZSUyMG9yZyVDMyVBMW5pY28lMjB2ZWdldGFsJTIwcmljbyUyMGVuJTIwTml0ciVDMyVCM2dlbm8lMkMlMjBQb3Rhc2lvJTIweSUyMG1hdGVyaWElMjBvcmclQzMlQTFuaWNhJTIwcXVlJTIwZmF2b3JlY2UlMjBlbCUyMHN1bWluaXN0cm8lMjBkZSUyMG51dHJpZW50ZXMlMjBhJTIwdG9kYSUyMGNsYXNlJTIwZGUlMjBwbGFudGFzJTIweSUyMGVuJTIwZXNwZWNpYWwlMjBhJTIwbG9zJTIwZnJ1dGFsZXMuJTIyJTJDJTIybWFya3MlMjIlM0ElNUIlNUQlN0QlNUQlN0QlNUQlN0QlMkMlN0IlMjJvYmplY3QlMjIlM0ElMjJibG9jayUyMiUyQyUyMnR5cGUlMjIlM0ElMjJwYXJhZ3JhcGglMjIlMkMlMjJpc1ZvaWQlMjIlM0FmYWxzZSUyQyUyMmRhdGElMjIlM0ElN0IlN0QlMkMlMjJub2RlcyUyMiUzQSU1QiU3QiUyMm9iamVjdCUyMiUzQSUyMnRleHQlMjIlMkMlMjJsZWF2ZXMlMjIlM0ElNUIlN0IlMjJvYmplY3QlMjIlM0ElMjJsZWFmJTIyJTJDJTIydGV4dCUyMiUzQSUyMiUyMiUyQyUyMm1hcmtzJTIyJTNBJTVCJTVEJTdEJTVEJTdEJTVEJTdEJTJDJTdCJTIyb2JqZWN0JTIyJTNBJTIyYmxvY2slMjIlMkMlMjJ0eXBlJTIyJTNBJTIycGFyYWdyYXBoJTIyJTJDJTIyaXNWb2lkJTIyJTNBZmFsc2UlMkMlMjJkYXRhJTIyJTNBJTdCJTdEJTJDJTIybm9kZXMlMjIlM0ElNUIlN0IlMjJvYmplY3QlMjIlM0ElMjJ0ZXh0JTIyJTJDJTIybGVhdmVzJTIyJTNBJTVCJTdCJTIyb2JqZWN0JTIyJTNBJTIybGVhZiUyMiUyQyUyMnRleHQlMjIlM0ElMjJFbCUyMGFwb3J0ZSUyMGRlJTIwTWF0ZXJpYSUyMG9yZyVDMyVBMW5pY2ElMjB5JTIwbml0ciVDMyVCM2dlbm8lMjBhJTIwbG9zJTIwZnJ1dGFsZXMlMjBhbnRlcyUyMGRlJTIwbGElMjBicm90YWNpJUMzJUIzbiUyMGVzJTIwZnVuZGFtZW50YWwlMjBwYXJhJTIwcG9kZXIlMjB0ZW5lciUyMG51dHJpZW50ZXMlMjBkaXNwb25pYmxlcyUyMHBvciUyMGxhJTIwcGxhbnRhJTIwJTYwcGFyYSUyMGxhJTIwcHJvZHVjY2klQzMlQjNuJTIwZGVsJTIwZnJ1dG8lMjBkZSUyMGNhbGlkYWQuJTIyJTJDJTIybWFya3MlMjIlM0ElNUIlNUQlN0QlNUQlN0QlNUQlN0QlMkMlN0IlMjJvYmplY3QlMjIlM0ElMjJibG9jayUyMiUyQyUyMnR5cGUlMjIlM0ElMjJwYXJhZ3JhcGglMjIlMkMlMjJpc1ZvaWQlMjIlM0FmYWxzZSUyQyUyMmRhdGElMjIlM0ElN0IlN0QlMkMlMjJub2RlcyUyMiUzQSU1QiU3QiUyMm9iamVjdCUyMiUzQSUyMnRleHQlMjIlMkMlMjJsZWF2ZXMlMjIlM0ElNUIlN0IlMjJvYmplY3QlMjIlM0ElMjJsZWFmJTIyJTJDJTIydGV4dCUyMiUzQSUyMiUyMiUyQyUyMm1hcmtzJTIyJTNBJTVCJTVEJTdEJTVEJTdEJTVEJTdEJTJDJTdCJTIyb2JqZWN0JTIyJTNBJTIyYmxvY2slMjIlMkMlMjJ0eXBlJTIyJTNBJTIycGFyYWdyYXBoJTIyJTJDJTIyaXNWb2lkJTIyJTNBZmFsc2UlMkMlMjJkYXRhJTIyJTNBJTdCJTdEJTJDJTIybm9kZXMlMjIlM0ElNUIlN0IlMjJvYmplY3QlMjIlM0ElMjJ0ZXh0JTIyJTJDJTIybGVhdmVzJTIyJTNBJTVCJTdCJTIyb2JqZWN0JTIyJTNBJTIybGVhZiUyMiUyQyUyMnRleHQlMjIlM0ElMjJMYSUyMGFwbGljYWNpJUMzJUIzbiUyMGRlJTIwYWJvbm8lMjBlbiUyMHBvc3QtY29zZWNoYSUyMGVzJTIwbmVjZXNhcmlhJTIwcGFyYSUyMGxhJTIwcmVjdXBlcmFjaSVDMyVCM24lMjBkZSUyMGxhJTIwcGxhbnRhJTIwZGVzcHUlQzMlQTlzJTIwZGUlMjBoYWJlciUyMHJlYWxpemFkbyUyMGVsJTIwdHJhYmFqbyUyMGRlJTIwc2FjYXIlMjBsYSUyMGNvc2VjaGElMjBhZGVsYW50ZSUyQyUyMGVzJTIwaW1wcmVzY2luZGlibGUlMjBsYSUyMGFwbGljYWNpJUMzJUIzbiUyMGRlJTIwcG9zdC1jb3NlY2hhJTIwcGFyYSUyMGluY3JlbWVudGFyJTIwbGFzJTIwcmVzZXJ2YXMlMjBlbiUyMGxhJTIwcGxhbnRhJTIwZGUlMjBjYXJhJTIwbGElMjBzaWd1aWVudGUlMjBjYW1wYSVDMyVCMWEuJTIyJTJDJTIybWFya3MlMjIlM0ElNUIlNUQlN0QlNUQlN0QlNUQlN0QlNUQlN0Q=\"><span class=\"slate-node-text\" data-key=\"17\"><span data-offset-key=\"17:0\" data-spm-anchor-id=\"5261.product_publish.0.i8.3ffe4edf8PUP1x\">Die D\u00fcngung nach der Ernte ist notwendig, damit sich die Pflanze nach der Ernte wieder erholen kann. Es ist wichtig, nach der Ernte zu d\u00fcngen, um die Reserven der Pflanze f\u00fcr die n\u00e4chste Saison zu erh\u00f6hen.<\/span><\/span><\/p>\n<p>Organischer Obstd\u00fcnger erh\u00f6ht die Fruchtgr\u00f6\u00dfe und die Ernteertr\u00e4ge&#8230; Erh\u00f6hte Brix-Grade in der Frucht und weniger Bl\u00fctenabtrieb&#8230; Granulierter D\u00fcnger in Form von langsam und kontrolliert freisetzenden Mikrokugeln. Hohe Assimilation mit NPK 8-1-5 + 74% organischem Material und Humins\u00e4uren&#8230; Produkt 100% nat\u00fcrlich und unsch\u00e4dlich f\u00fcr Tiere, respektvoll mit der Umwelt&#8230;<\/p>\n","protected":false},"excerpt":{"rendered":"<ul class=\"a-unordered-list a-vertical a-spacing-mini\">\n<li><span class=\"a-list-item\">Gr\u00f6\u00dfere Fr\u00fcchte und h\u00f6here Ernteertr\u00e4ge.<\/span><\/li>\n<li><span class=\"a-list-item\">Erh\u00f6hte Brixwerte in den Fr\u00fcchten und weniger Bl\u00fctenabsterben.<\/span><\/li>\n<li><span class=\"a-list-item\">Granulatd\u00fcnger in Form von Mikrosph\u00e4ren mit langsamer und kontrollierter Freisetzung.<\/span><\/li>\n<li><span class=\"a-list-item\">Hohe Assimilation mit NPK 74% organischer Substanz und Humins\u00e4uren.<\/span><\/li>\n<li><span class=\"a-list-item\">Das Produkt ist 100% nat\u00fcrlich und unsch\u00e4dlich f\u00fcr Tiere, umweltfreundlich.<\/span><\/li>\n<\/ul>\n","protected":false},"featured_media":11627,"comment_status":"open","ping_status":"closed","template":"","meta":{"_acf_changed":false},"product_brand":[],"product_cat":[333,331],"product_tag":[1414],"class_list":{"0":"post-17314","1":"product","2":"type-product","3":"status-publish","4":"has-post-thumbnail","6":"product_cat-dungemittel","7":"product_cat-feste-dungemittel","8":"product_tag-caae-de","10":"first","11":"instock","12":"taxable","13":"shipping-taxable","14":"purchasable","15":"product-type-variable"},"acf":[],"_links":{"self":[{"href":"https:\/\/cultivers.es\/de\/wp-json\/wp\/v2\/product\/17314","targetHints":{"allow":["GET"]}}],"collection":[{"href":"https:\/\/cultivers.es\/de\/wp-json\/wp\/v2\/product"}],"about":[{"href":"https:\/\/cultivers.es\/de\/wp-json\/wp\/v2\/types\/product"}],"replies":[{"embeddable":true,"href":"https:\/\/cultivers.es\/de\/wp-json\/wp\/v2\/comments?post=17314"}],"wp:featuredmedia":[{"embeddable":true,"href":"https:\/\/cultivers.es\/de\/wp-json\/wp\/v2\/media\/11627"}],"wp:attachment":[{"href":"https:\/\/cultivers.es\/de\/wp-json\/wp\/v2\/media?parent=17314"}],"wp:term":[{"taxonomy":"product_brand","embeddable":true,"href":"https:\/\/cultivers.es\/de\/wp-json\/wp\/v2\/product_brand?post=17314"},{"taxonomy":"product_cat","embeddable":true,"href":"https:\/\/cultivers.es\/de\/wp-json\/wp\/v2\/product_cat?post=17314"},{"taxonomy":"product_tag","embeddable":true,"href":"https:\/\/cultivers.es\/de\/wp-json\/wp\/v2\/product_tag?post=17314"}],"curies":[{"name":"wp","href":"https:\/\/api.w.org\/{rel}","templated":true}]}}