{"id":17315,"date":"2021-10-22T12:12:43","date_gmt":"2021-10-22T12:12:43","guid":{"rendered":"https:\/\/cultivers.es\/abonos\/tropischer-bio-duenger\/"},"modified":"2026-03-19T07:05:07","modified_gmt":"2026-03-19T07:05:07","slug":"organisch-tropisch-okologischer-dunger","status":"publish","type":"product","link":"https:\/\/cultivers.es\/de\/d\u00fcngemittel\/organisch-tropisch-okologischer-dunger\/","title":{"rendered":"Tropischer Bio-D\u00fcnger"},"content":{"rendered":"<div id=\"dpx-product-description_feature_div\">\n<div class=\"celwidget\" data-csa-c-id=\"lw300f-ta5mfo-dbvcj2-fpql6q\" data-cel-widget=\"dpx-product-description_csm_instrumentation_wrapper\">\n<div id=\"descriptionAndDetails\" class=\"a-section a-spacing-extra-large\">\n<div id=\"productDescription_feature_div\" class=\"celwidget\" data-feature-name=\"productDescription\" data-csa-c-id=\"crv5-6e9i73-o74whs-jycefj\" data-cel-widget=\"productDescription_feature_div\">\n<div>\n<div id=\"productDescription_feature_div\" class=\"a-row feature\" data-feature-name=\"productDescription\" data-template-name=\"productDescription\" data-cel-widget=\"productDescription_feature_div\">\n<div id=\"productDescription\" class=\"a-section a-spacing-small\">\n<div class=\"detailmodule_html\" data-key=\"2\" data-slate-fragment=\"JTdCJTIyb2JqZWN0JTIyJTNBJTIyZG9jdW1lbnQlMjIlMkMlMjJkYXRhJTIyJTNBJTdCJTdEJTJDJTIybm9kZXMlMjIlM0ElNUIlN0IlMjJvYmplY3QlMjIlM0ElMjJibG9jayUyMiUyQyUyMnR5cGUlMjIlM0ElMjJkaXYlMjIlMkMlMjJpc1ZvaWQlMjIlM0FmYWxzZSUyQyUyMmRhdGElMjIlM0ElN0IlMjJjbGFzc05hbWUlMjIlM0ElMjJkZXRhaWxtb2R1bGVfaHRtbCUyMiU3RCUyQyUyMm5vZGVzJTIyJTNBJTVCJTdCJTIyb2JqZWN0JTIyJTNBJTIyYmxvY2slMjIlMkMlMjJ0eXBlJTIyJTNBJTIyZGl2JTIyJTJDJTIyaXNWb2lkJTIyJTNBZmFsc2UlMkMlMjJkYXRhJTIyJTNBJTdCJTIyY2xhc3NOYW1lJTIyJTNBJTIyZGV0YWlsLWRlc2MtZGVjb3JhdGUtcmljaHRleHQlMjIlN0QlMkMlMjJub2RlcyUyMiUzQSU1QiU3QiUyMm9iamVjdCUyMiUzQSUyMnRleHQlMjIlMkMlMjJsZWF2ZXMlMjIlM0ElNUIlN0IlMjJvYmplY3QlMjIlM0ElMjJsZWFmJTIyJTJDJTIydGV4dCUyMiUzQSUyMkZlcnRpbGl6YW50ZSUyMG9yZyVDMyVBMW5pY28lMjBkZSUyMG9yaWdlbiUyMHZlZ2V0YWwlMjByaWNvJTIwZW4lMjBQb3Rhc2lvJTIweSUyMG1hdGVyaWElMjBvcmclQzMlQTFuaWNhLiUyMEVsJTIwYXBvcnRlJTIwZGUlMjBQb3Rhc2lvJTIwZW4lMjBsb3MlMjBhcmJvbGVzJTIwdHJvcGljYWxlcyUyMGZhdm9yZWNlJTIwZWwlMjBsbGVuYWRvJTIwZGUlMjBsb3MlMjBmcnV0b3MlMkMlMjBtZWpvcmElMjBlbCUyMGNyZWNpbWllbnRvJTIwZGUlMjBsYXMlMjBwbGFudGFzJTIwYW50ZSUyMGNvbmRpY2lvbmVzJTIwYWR2ZXJzYXMlMjB5JTIwYXVtZW50YSUyMGxhJTIwY29uc2lzdGVuY2lhJTIwZGUlMjBsYSUyMGZydXRhLiUyMiUyQyUyMm1hcmtzJTIyJTNBJTVCJTVEJTdEJTVEJTdEJTVEJTdEJTVEJTdEJTJDJTdCJTIyb2JqZWN0JTIyJTNBJTIyYmxvY2slMjIlMkMlMjJ0eXBlJTIyJTNBJTIycGFyYWdyYXBoJTIyJTJDJTIyaXNWb2lkJTIyJTNBZmFsc2UlMkMlMjJkYXRhJTIyJTNBJTdCJTdEJTJDJTIybm9kZXMlMjIlM0ElNUIlN0IlMjJvYmplY3QlMjIlM0ElMjJ0ZXh0JTIyJTJDJTIybGVhdmVzJTIyJTNBJTVCJTdCJTIyb2JqZWN0JTIyJTNBJTIybGVhZiUyMiUyQyUyMnRleHQlMjIlM0ElMjIlMjIlMkMlMjJtYXJrcyUyMiUzQSU1QiU1RCU3RCU1RCU3RCU1RCU3RCU1RCU3RA==\">\n<div class=\"detail-desc-decorate-richtext\" data-key=\"10\" data-spm-anchor-id=\"5261.product_publish.0.i6.5fad4edfuduwgf\"><span class=\"slate-node-text\" data-key=\"9\"><span data-offset-key=\"9:0\" data-spm-anchor-id=\"5261.product_publish.0.i5.5fad4edfuduwgf\">Organischer D\u00fcnger pflanzlichen Ursprungs, reich an Kalium und organischen Stoffen. Die Kaliumzufuhr bei tropischen B\u00e4umen beg\u00fcnstigt die Fruchtf\u00fcllung, verbessert das Pflanzenwachstum unter ung\u00fcnstigen Bedingungen und erh\u00f6ht die Fruchtkonsistenz.<\/span><\/span><\/div>\n<\/div>\n<p>Tropischer Bio-D\u00fcnger. Cultivers, Spezialist f\u00fcr organische D\u00fcngemittel, bietet einen speziell formulierten organischen D\u00fcnger f\u00fcr alle Arten von tropischen B\u00e4umen an, der eine besondere Art von Mykorrhiza verwendet, um das Wurzelsystem und das gesunde Wachstum der Pflanzen zu f\u00f6rdern. 100% nat\u00fcrlich und \u00f6kologisch mit einer langsamen und kontrollierten Formulierung pflanzlichen Ursprungs, die die Absorption von Kalzium, Magnesium, Phosphor, Mikroelementen, etc. beg\u00fcnstigt.<\/p>\n<p>Es verbessert die Bodenfruchtbarkeit, erh\u00f6ht den Ertrag und die Fruchtgr\u00f6\u00dfe, tr\u00e4gt zu einer ausgewogenen Versorgung mit den wichtigsten Elementen bei, verbessert die Bel\u00fcftung und die Wasserr\u00fcckhaltung, verringert die Auswirkungen des Salzgehalts und f\u00f6rdert die mikrobiologische Aktivit\u00e4t. Organischer Speziald\u00fcnger f\u00fcr tropische B\u00e4ume und Pflanzen wie: Avocado, Mango, Litschi, Pitahaya, Papaya, Mostapfel, Feige, Passionsfrucht und Guave. Es kann als Grundd\u00fcngung, allein oder in Mischung mit anderen D\u00fcngemitteln, und als Kopfd\u00fcngung verwendet werden.<\/p>\n<p>Vor Regen oder Bew\u00e4sserung ausbringen, um die Einarbeitung in den Boden zu erleichtern. Auf der gesamten Fl\u00e4che verteilen, in der Kulturlinie 10 bis 20 cm von den Pflanzen entfernt oder unter den Tropfern.<\/p>\n<\/div>\n<\/div>\n<\/div>\n<\/div>\n<\/div>\n<\/div>\n<\/div>\n<div id=\"dpx-btf-renewed-program-description_feature_div\">\n<div class=\"celwidget\" data-csa-c-id=\"xv7suv-wypawb-8656w3-hu5rqh\" data-cel-widget=\"dpx-btf-renewed-program-description_csm_instrumentation_wrapper\">\n<div id=\"renewedProgramDescriptionBtf_feature_div\" class=\"celwidget\" data-feature-name=\"renewedProgramDescriptionBtf\" data-csa-c-id=\"6hvhox-cbzq6-dyaem-kci4j1\" data-cel-widget=\"renewedProgramDescriptionBtf_feature_div\"><\/div>\n<\/div>\n<\/div>\n<div id=\"dpx-climate-pledge-friendly-btf_feature_div\">\n<div class=\"celwidget\" data-csa-c-id=\"84p4to-d2vy89-ckv16p-aiz1w0\" data-cel-widget=\"dpx-climate-pledge-friendly-btf_csm_instrumentation_wrapper\">\n<div id=\"climatePledgeFriendlyBTF_feature_div\" class=\"celwidget\" data-feature-name=\"climatePledgeFriendlyBTF\" data-csa-c-id=\"1k54vb-kgy2tv-nslwi4-v3f1ll\" data-cel-widget=\"climatePledgeFriendlyBTF_feature_div\"><\/div>\n<\/div>\n<\/div>\n<div id=\"dpx-post-purchase-witb-btf_feature_div\">\n<div class=\"celwidget\" data-csa-c-id=\"8gqj61-voj2km-wj6drm-bmda3h\" data-cel-widget=\"dpx-post-purchase-witb-btf_csm_instrumentation_wrapper\">\n<div id=\"postPurchaseWhatsInTheBox_feature_div\" class=\"celwidget\" data-feature-name=\"postPurchaseWhatsInTheBox\" data-csa-c-id=\"wwp3kk-jjf86p-ke13aq-klnwqy\" data-cel-widget=\"postPurchaseWhatsInTheBox_feature_div\"><\/div>\n<\/div>\n<\/div>\n<div id=\"dpx-aplus-brand-story_feature_div\">\n<div class=\"celwidget\" data-csa-c-id=\"rr8clq-hs6318-xv17el-3u5rpu\" data-cel-widget=\"dpx-aplus-brand-story_csm_instrumentation_wrapper\">\n<div id=\"aplusBrandStory_feature_div\" class=\"celwidget\" data-feature-name=\"aplusBrandStory\" data-csa-c-id=\"ti96be-hyakdt-x9wurf-uqxhzi\" data-cel-widget=\"aplusBrandStory_feature_div\"><\/div>\n<\/div>\n<\/div>\n<div id=\"dpx-aplus-product-description_feature_div\"><\/div>\n<div id=\"dpx-aplus-3p-product-description_feature_div\"><\/div>\n<div id=\"dpx-aplus-sustainability-story_feature_div\">\n<div class=\"celwidget\" data-csa-c-id=\"nsibh6-f5e5gd-3wm28s-prq7d4\" data-cel-widget=\"dpx-aplus-sustainability-story_csm_instrumentation_wrapper\">\n<div id=\"aplusSustainabilityStory_feature_div\" class=\"celwidget\" data-feature-name=\"aplusSustainabilityStory\" data-csa-c-id=\"fpp2ct-gfxqgz-6hxy5k-y3u6hd\" data-cel-widget=\"aplusSustainabilityStory_feature_div\"><\/div>\n<\/div>\n<\/div>\n<div id=\"dpx-default-important-information_feature_div\">\n<div class=\"celwidget\" data-csa-c-id=\"9bffdm-tz3kwi-zfin37-bca4y3\" data-cel-widget=\"dpx-default-important-information_csm_instrumentation_wrapper\">\n<div id=\"importantInformation_feature_div\" class=\"celwidget\" data-feature-name=\"importantInformation\" data-csa-c-id=\"l31qko-bn6dud-lol3mv-lip6c4\" data-cel-widget=\"importantInformation_feature_div\"><\/div>\n<\/div>\n<\/div>\n<div id=\"sims-consolidated-4_feature_div\"><\/div>\n<div class=\"celwidget\" data-csa-c-id=\"e2tboh-5bcfyw-not2p5-i1r1n4\" data-cel-widget=\"dpx-sponsored-products-detail_csm_instrumentation_wrapper\">\n<div id=\"sponsoredProducts2_feature_div\" class=\"celwidget\" data-feature-name=\"sponsoredProducts2\" data-csa-c-id=\"d74pzb-eyygqw-y1405d-dtv20u\" data-cel-widget=\"sponsoredProducts2_feature_div\"><\/div>\n<\/div>\n<div id=\"dp-ads-middle_feature_div\"><\/div>\n<div id=\"services-widget_feature_div\"><\/div>\n<div id=\"center-28_feature_div\"><\/div>\n<div id=\"dp-ads-center-promo_feature_div\"><\/div>\n","protected":false},"excerpt":{"rendered":"<ul class=\"a-unordered-list a-vertical a-spacing-mini\">\n<li><span class=\"a-list-item\">Organischer Speziald\u00fcnger f\u00fcr Avocado, Mango, Litschi, Pitahaya, Papaya, Guave usw.<\/span><\/li>\n<li><span class=\"a-list-item\">H\u00f6here Ertr\u00e4ge und gr\u00f6\u00dfere Fr\u00fcchte.<\/span><\/li>\n<li><span class=\"a-list-item\">100% biologischer und veganer Herkunft. Hohe Assimilation mit NPK 8-1-5 + 74% organischer Substanz und Humins\u00e4uren.<\/span><\/li>\n<li><span class=\"a-list-item\">Erh\u00f6hte Brixwerte in den Fr\u00fcchten und weniger Bl\u00fctenabsterben.<\/span><\/li>\n<li><span class=\"a-list-item\">Das Produkt ist 100% nat\u00fcrlich und unsch\u00e4dlich f\u00fcr Tiere, umweltfreundlich.<\/span><\/li>\n<\/ul>\n","protected":false},"featured_media":11583,"comment_status":"open","ping_status":"closed","template":"","meta":{"_acf_changed":false},"product_brand":[],"product_cat":[333,331],"product_tag":[1414],"class_list":{"0":"post-17315","1":"product","2":"type-product","3":"status-publish","4":"has-post-thumbnail","6":"product_cat-dungemittel","7":"product_cat-feste-dungemittel","8":"product_tag-caae-de","10":"first","11":"instock","12":"taxable","13":"shipping-taxable","14":"purchasable","15":"product-type-variable"},"acf":[],"_links":{"self":[{"href":"https:\/\/cultivers.es\/de\/wp-json\/wp\/v2\/product\/17315","targetHints":{"allow":["GET"]}}],"collection":[{"href":"https:\/\/cultivers.es\/de\/wp-json\/wp\/v2\/product"}],"about":[{"href":"https:\/\/cultivers.es\/de\/wp-json\/wp\/v2\/types\/product"}],"replies":[{"embeddable":true,"href":"https:\/\/cultivers.es\/de\/wp-json\/wp\/v2\/comments?post=17315"}],"wp:featuredmedia":[{"embeddable":true,"href":"https:\/\/cultivers.es\/de\/wp-json\/wp\/v2\/media\/11583"}],"wp:attachment":[{"href":"https:\/\/cultivers.es\/de\/wp-json\/wp\/v2\/media?parent=17315"}],"wp:term":[{"taxonomy":"product_brand","embeddable":true,"href":"https:\/\/cultivers.es\/de\/wp-json\/wp\/v2\/product_brand?post=17315"},{"taxonomy":"product_cat","embeddable":true,"href":"https:\/\/cultivers.es\/de\/wp-json\/wp\/v2\/product_cat?post=17315"},{"taxonomy":"product_tag","embeddable":true,"href":"https:\/\/cultivers.es\/de\/wp-json\/wp\/v2\/product_tag?post=17315"}],"curies":[{"name":"wp","href":"https:\/\/api.w.org\/{rel}","templated":true}]}}