{"id":17316,"date":"2021-10-22T12:12:43","date_gmt":"2021-10-22T12:12:43","guid":{"rendered":"https:\/\/cultivers.es\/abonos\/bio-gartenduenger\/"},"modified":"2025-09-22T05:29:05","modified_gmt":"2025-09-22T05:29:05","slug":"bio-dunger-garten-okologie","status":"publish","type":"product","link":"https:\/\/cultivers.es\/de\/d\u00fcngemittel\/bio-dunger-garten-okologie\/","title":{"rendered":"Bio-Gartend\u00fcnger"},"content":{"rendered":"<h2 class=\"a-spacing-mini\" style=\"text-align: center;\">Organischer Gartend\u00fcnger f\u00fcr Gem\u00fcse pflanzlichen Ursprungs zum Ausbringen in den Boden.<\/h2>\n<div class=\"detail-desc-decorate-richtext\" data-key=\"3\" data-spm-anchor-id=\"5261.product_publish.0.i25.e6044edfISAr1b\"><span class=\"slate-node-text\" data-key=\"4\"><span data-offset-key=\"4:0\" data-spm-anchor-id=\"5261.product_publish.0.i26.e6044edfISAr1b\">Organischer D\u00fcnger pflanzlichen Ursprungs. ist f\u00fcr eine einfache Handhabung perlenf\u00f6rmig. Hoher Gehalt an organischen Stoffen und Humins\u00e4uren.<\/span><\/span><\/div>\n<div class=\"detail-desc-decorate-richtext\" data-key=\"12\"><span class=\"slate-node-text\" data-key=\"11\"><span data-offset-key=\"11:0\" data-spm-anchor-id=\"5261.product_publish.0.i29.e6044edfISAr1b\">Der Beitrag der organischen Bodensubstanz bringt dem Boden eine Reihe von Vorteilen.<\/span><\/span><\/div>\n<div data-key=\"12\"><\/div>\n<div class=\"detail-desc-decorate-richtext\" data-key=\"18\"><span class=\"slate-node-text\" data-key=\"17\"><span data-offset-key=\"17:0\" data-spm-anchor-id=\"5261.product_publish.0.i31.e6044edfISAr1b\">- Verbessert die Bodenstruktur<\/span><\/span><\/div>\n<div class=\"detail-desc-decorate-richtext\" data-key=\"20\"><span class=\"slate-node-text\" data-key=\"19\"><span data-offset-key=\"19:0\" data-spm-anchor-id=\"5261.product_publish.0.i30.e6044edfISAr1b\">- Optimiert den Wasserverbrauch<\/span><\/span><\/div>\n<div class=\"detail-desc-decorate-richtext\" data-key=\"22\"><span class=\"slate-node-text\" data-key=\"21\"><span data-offset-key=\"21:0\">- Reduziert Verdichtung<\/span><\/span><\/div>\n<div data-key=\"24\"><\/div>\n<div class=\"detail-desc-decorate-richtext\" data-key=\"24\"><span class=\"slate-node-text\" data-key=\"23\"><span data-offset-key=\"23:0\">Aktiviert Mikroorganismen in der Pflanze:<\/span><\/span><\/div>\n<div class=\"detail-desc-decorate-richtext\" data-key=\"26\"><span class=\"slate-node-text\" data-key=\"25\"><span data-offset-key=\"25:0\" data-spm-anchor-id=\"5261.product_publish.0.i32.e6044edfISAr1b\">-Verbesserung des Wurzelsystems<\/span><\/span><\/div>\n<div class=\"detail-desc-decorate-richtext\" data-key=\"28\"><span class=\"slate-node-text\" data-key=\"27\"><span data-offset-key=\"27:0\" data-spm-anchor-id=\"5261.product_publish.0.i33.e6044edfISAr1b\">-Verringerung von Stress<\/span><\/span><\/div>\n<div class=\"detail-desc-decorate-richtext\" data-key=\"30\"><span class=\"slate-node-text\" data-key=\"29\"><span data-offset-key=\"29:0\" data-spm-anchor-id=\"5261.product_publish.0.i34.e6044edfISAr1b\">-langsame Stickstoffabgabe.<\/span><\/span><\/div>\n<div class=\"detail-desc-decorate-richtext\" data-key=\"32\"><\/div>\n<div class=\"detail-desc-decorate-richtext\" data-key=\"34\" data-spm-anchor-id=\"5261.product_publish.0.i35.e6044edfISAr1b\" data-slate-fragment=\"JTdCJTIyb2JqZWN0JTIyJTNBJTIyZG9jdW1lbnQlMjIlMkMlMjJkYXRhJTIyJTNBJTdCJTdEJTJDJTIybm9kZXMlMjIlM0ElNUIlN0IlMjJvYmplY3QlMjIlM0ElMjJibG9jayUyMiUyQyUyMnR5cGUlMjIlM0ElMjJkaXYlMjIlMkMlMjJpc1ZvaWQlMjIlM0FmYWxzZSUyQyUyMmRhdGElMjIlM0ElN0IlMjJjbGFzc05hbWUlMjIlM0ElMjJkZXRhaWxtb2R1bGVfaHRtbCUyMiU3RCUyQyUyMm5vZGVzJTIyJTNBJTVCJTdCJTIyb2JqZWN0JTIyJTNBJTIyYmxvY2slMjIlMkMlMjJ0eXBlJTIyJTNBJTIyZGl2JTIyJTJDJTIyaXNWb2lkJTIyJTNBZmFsc2UlMkMlMjJkYXRhJTIyJTNBJTdCJTIyY2xhc3NOYW1lJTIyJTNBJTIyZGV0YWlsLWRlc2MtZGVjb3JhdGUtcmljaHRleHQlMjIlN0QlMkMlMjJub2RlcyUyMiUzQSU1QiU3QiUyMm9iamVjdCUyMiUzQSUyMnRleHQlMjIlMkMlMjJsZWF2ZXMlMjIlM0ElNUIlN0IlMjJvYmplY3QlMjIlM0ElMjJsZWFmJTIyJTJDJTIydGV4dCUyMiUzQSUyMkFib25vJTIwb3JnJUMzJUExbmljbyUyMGRlJTIwb3JpZ2VuJTIwdmVnZXRhbC4lMjB0aWVuZSUyMGZvcm1hJTIwcGVybGFkYSUyMHBhcmElMjBmJUMzJUExY2lsJTIwdXNvLiUyMENvbiUyMGFsdG8lMjBjb250ZW5pZG8lMjBlbiUyMG1hdGVyaWElMjBvcmclQzMlQTFuaWNhJTIweSUyMCVDMyVBMWNpZG9zJTIwaCVDMyVCQW1pY29zLiUyMiUyQyUyMm1hcmtzJTIyJTNBJTVCJTVEJTdEJTVEJTdEJTVEJTdEJTJDJTdCJTIyb2JqZWN0JTIyJTNBJTIyYmxvY2slMjIlMkMlMjJ0eXBlJTIyJTNBJTIyZGl2JTIyJTJDJTIyaXNWb2lkJTIyJTNBZmFsc2UlMkMlMjJkYXRhJTIyJTNBJTdCJTIyY2xhc3NOYW1lJTIyJTNBJTIyZGV0YWlsLWRlc2MtZGVjb3JhdGUtcmljaHRleHQlMjIlN0QlMkMlMjJub2RlcyUyMiUzQSU1QiU3QiUyMm9iamVjdCUyMiUzQSUyMnRleHQlMjIlMkMlMjJsZWF2ZXMlMjIlM0ElNUIlN0IlMjJvYmplY3QlMjIlM0ElMjJsZWFmJTIyJTJDJTIydGV4dCUyMiUzQSUyMkVsJTIwYXBvcnRlJTIwZGUlMjBsYSUyMG1hdGVyaWElMjBvcmclQzMlQTFuaWNhJTIwZGVsJTIwc3VlbG8lMjBhcG9ydGElMjB1biUyMGNvbmp1bnRvJTIwZGUlMjB2ZW50YWphcyUyMGVuJTIwZWwlMjBzdWVsby4lMjIlMkMlMjJtYXJrcyUyMiUzQSU1QiU1RCU3RCU1RCU3RCU1RCU3RCUyQyU3QiUyMm9iamVjdCUyMiUzQSUyMmJsb2NrJTIyJTJDJTIydHlwZSUyMiUzQSUyMmRpdiUyMiUyQyUyMmlzVm9pZCUyMiUzQWZhbHNlJTJDJTIyZGF0YSUyMiUzQSU3QiUyMmNsYXNzTmFtZSUyMiUzQSUyMmRldGFpbC1kZXNjLWRlY29yYXRlLXJpY2h0ZXh0JTIyJTdEJTJDJTIybm9kZXMlMjIlM0ElNUIlN0IlMjJvYmplY3QlMjIlM0ElMjJ0ZXh0JTIyJTJDJTIybGVhdmVzJTIyJTNBJTVCJTdCJTIyb2JqZWN0JTIyJTNBJTIybGVhZiUyMiUyQyUyMnRleHQlMjIlM0ElMjItTWVqb3JhJTIwbGElMjBlc3RydWN0dXJhJTIwZGVsJTIwc3VlbG8lMjIlMkMlMjJtYXJrcyUyMiUzQSU1QiU1RCU3RCU1RCU3RCU1RCU3RCUyQyU3QiUyMm9iamVjdCUyMiUzQSUyMmJsb2NrJTIyJTJDJTIydHlwZSUyMiUzQSUyMmRpdiUyMiUyQyUyMmlzVm9pZCUyMiUzQWZhbHNlJTJDJTIyZGF0YSUyMiUzQSU3QiUyMmNsYXNzTmFtZSUyMiUzQSUyMmRldGFpbC1kZXNjLWRlY29yYXRlLXJpY2h0ZXh0JTIyJTdEJTJDJTIybm9kZXMlMjIlM0ElNUIlN0IlMjJvYmplY3QlMjIlM0ElMjJ0ZXh0JTIyJTJDJTIybGVhdmVzJTIyJTNBJTVCJTdCJTIyb2JqZWN0JTIyJTNBJTIybGVhZiUyMiUyQyUyMnRleHQlMjIlM0ElMjItJTIwb3B0aW1pemElMjBlbCUyMHVzbyUyMGRlJTIwYWd1YSUyMiUyQyUyMm1hcmtzJTIyJTNBJTVCJTVEJTdEJTVEJTdEJTVEJTdEJTJDJTdCJTIyb2JqZWN0JTIyJTNBJTIyYmxvY2slMjIlMkMlMjJ0eXBlJTIyJTNBJTIyZGl2JTIyJTJDJTIyaXNWb2lkJTIyJTNBZmFsc2UlMkMlMjJkYXRhJTIyJTNBJTdCJTIyY2xhc3NOYW1lJTIyJTNBJTIyZGV0YWlsLWRlc2MtZGVjb3JhdGUtcmljaHRleHQlMjIlN0QlMkMlMjJub2RlcyUyMiUzQSU1QiU3QiUyMm9iamVjdCUyMiUzQSUyMnRleHQlMjIlMkMlMjJsZWF2ZXMlMjIlM0ElNUIlN0IlMjJvYmplY3QlMjIlM0ElMjJsZWFmJTIyJTJDJTIydGV4dCUyMiUzQSUyMlJlZHVjZSUyMGxhJTIwY29tcGFjdGFjaSVDMyVCM24lMjIlMkMlMjJtYXJrcyUyMiUzQSU1QiU1RCU3RCU1RCU3RCU1RCU3RCUyQyU3QiUyMm9iamVjdCUyMiUzQSUyMmJsb2NrJTIyJTJDJTIydHlwZSUyMiUzQSUyMmRpdiUyMiUyQyUyMmlzVm9pZCUyMiUzQWZhbHNlJTJDJTIyZGF0YSUyMiUzQSU3QiUyMmNsYXNzTmFtZSUyMiUzQSUyMmRldGFpbC1kZXNjLWRlY29yYXRlLXJpY2h0ZXh0JTIyJTdEJTJDJTIybm9kZXMlMjIlM0ElNUIlN0IlMjJvYmplY3QlMjIlM0ElMjJ0ZXh0JTIyJTJDJTIybGVhdmVzJTIyJTNBJTVCJTdCJTIyb2JqZWN0JTIyJTNBJTIybGVhZiUyMiUyQyUyMnRleHQlMjIlM0ElMjJBY3RpdmElMjBsb3MlMjBtaWNyb29yZ2FuaXNtb3MlMjBlbiUyMGxhJTIwcGxhbnRhJTNBJTIyJTJDJTIybWFya3MlMjIlM0ElNUIlNUQlN0QlNUQlN0QlNUQlN0QlMkMlN0IlMjJvYmplY3QlMjIlM0ElMjJibG9jayUyMiUyQyUyMnR5cGUlMjIlM0ElMjJkaXYlMjIlMkMlMjJpc1ZvaWQlMjIlM0FmYWxzZSUyQyUyMmRhdGElMjIlM0ElN0IlMjJjbGFzc05hbWUlMjIlM0ElMjJkZXRhaWwtZGVzYy1kZWNvcmF0ZS1yaWNodGV4dCUyMiU3RCUyQyUyMm5vZGVzJTIyJTNBJTVCJTdCJTIyb2JqZWN0JTIyJTNBJTIydGV4dCUyMiUyQyUyMmxlYXZlcyUyMiUzQSU1QiU3QiUyMm9iamVjdCUyMiUzQSUyMmxlYWYlMjIlMkMlMjJ0ZXh0JTIyJTNBJTIyLU1lam9yYSUyMGVsJTIwc2lzdGVtYSUyMHJhZGljdWxhciUyMiUyQyUyMm1hcmtzJTIyJTNBJTVCJTVEJTdEJTVEJTdEJTVEJTdEJTJDJTdCJTIyb2JqZWN0JTIyJTNBJTIyYmxvY2slMjIlMkMlMjJ0eXBlJTIyJTNBJTIyZGl2JTIyJTJDJTIyaXNWb2lkJTIyJTNBZmFsc2UlMkMlMjJkYXRhJTIyJTNBJTdCJTIyY2xhc3NOYW1lJTIyJTNBJTIyZGV0YWlsLWRlc2MtZGVjb3JhdGUtcmljaHRleHQlMjIlN0QlMkMlMjJub2RlcyUyMiUzQSU1QiU3QiUyMm9iamVjdCUyMiUzQSUyMnRleHQlMjIlMkMlMjJsZWF2ZXMlMjIlM0ElNUIlN0IlMjJvYmplY3QlMjIlM0ElMjJsZWFmJTIyJTJDJTIydGV4dCUyMiUzQSUyMi1SZWR1Y2UlMjBlbCUyMGVzdHIlQzMlQTlzJTIyJTJDJTIybWFya3MlMjIlM0ElNUIlNUQlN0QlNUQlN0QlNUQlN0QlMkMlN0IlMjJvYmplY3QlMjIlM0ElMjJibG9jayUyMiUyQyUyMnR5cGUlMjIlM0ElMjJkaXYlMjIlMkMlMjJpc1ZvaWQlMjIlM0FmYWxzZSUyQyUyMmRhdGElMjIlM0ElN0IlMjJjbGFzc05hbWUlMjIlM0ElMjJkZXRhaWwtZGVzYy1kZWNvcmF0ZS1yaWNodGV4dCUyMiU3RCUyQyUyMm5vZGVzJTIyJTNBJTVCJTdCJTIyb2JqZWN0JTIyJTNBJTIydGV4dCUyMiUyQyUyMmxlYXZlcyUyMiUzQSU1QiU3QiUyMm9iamVjdCUyMiUzQSUyMmxlYWYlMjIlMkMlMjJ0ZXh0JTIyJTNBJTIyLUxpYmVyYWNpJUMzJUIzbiUyMGxlbnRhJTIwZGVsJTIwbml0ciVDMyVCM2dlbm8uJTIyJTJDJTIybWFya3MlMjIlM0ElNUIlNUQlN0QlNUQlN0QlNUQlN0QlMkMlN0IlMjJvYmplY3QlMjIlM0ElMjJibG9jayUyMiUyQyUyMnR5cGUlMjIlM0ElMjJkaXYlMjIlMkMlMjJpc1ZvaWQlMjIlM0FmYWxzZSUyQyUyMmRhdGElMjIlM0ElN0IlMjJjbGFzc05hbWUlMjIlM0ElMjJkZXRhaWwtZGVzYy1kZWNvcmF0ZS1yaWNodGV4dCUyMiU3RCUyQyUyMm5vZGVzJTIyJTNBJTVCJTdCJTIyb2JqZWN0JTIyJTNBJTIydGV4dCUyMiUyQyUyMmxlYXZlcyUyMiUzQSU1QiU3QiUyMm9iamVjdCUyMiUzQSUyMmxlYWYlMjIlMkMlMjJ0ZXh0JTIyJTNBJTIyJTIyJTJDJTIybWFya3MlMjIlM0ElNUIlNUQlN0QlNUQlN0QlNUQlN0QlMkMlN0IlMjJvYmplY3QlMjIlM0ElMjJibG9jayUyMiUyQyUyMnR5cGUlMjIlM0ElMjJkaXYlMjIlMkMlMjJpc1ZvaWQlMjIlM0FmYWxzZSUyQyUyMmRhdGElMjIlM0ElN0IlMjJjbGFzc05hbWUlMjIlM0ElMjJkZXRhaWwtZGVzYy1kZWNvcmF0ZS1yaWNodGV4dCUyMiU3RCUyQyUyMm5vZGVzJTIyJTNBJTVCJTdCJTIyb2JqZWN0JTIyJTNBJTIydGV4dCUyMiUyQyUyMmxlYXZlcyUyMiUzQSU1QiU3QiUyMm9iamVjdCUyMiUzQSUyMmxlYWYlMjIlMkMlMjJ0ZXh0JTIyJTNBJTIyTm8lMjBhY2VyY2FyJTIwYWwlMjB0cm9uY28lMjBhbCUyMGFib25hciUyMiUyQyUyMm1hcmtzJTIyJTNBJTVCJTVEJTdEJTVEJTdEJTVEJTdEJTVEJTdEJTVEJTdE\"><strong><span class=\"slate-node-text\" data-key=\"33\">Beim D\u00fcngen nicht an den Stamm herantreten<\/span><\/strong><\/div>\n<p class=\"a-spacing-base\">Bio-Gartend\u00fcnger. Unser Obstpflanzend\u00fcnger mit einem hohen Anteil an organischen Stoffen, Stickstoff, Kalium, Humin- und Fulvos\u00e4uren, mit verbesserten technologischen Eigenschaften, in einer leicht auszubringenden Perlenform.<\/p>\n<p class=\"a-spacing-base\">Das gleichm\u00e4\u00dfige Granulat ist f\u00fcr die manuelle und maschinelle Ausbringung geeignet. Bei Kontakt mit dem Boden wird es schnell in den Boden eingearbeitet und hat eine L\u00f6slichkeit von 99 %. Es kann als Unter- und Oberd\u00fcngung eingesetzt werden.<\/p>\n","protected":false},"excerpt":{"rendered":"<ul class=\"a-unordered-list a-vertical a-spacing-mini\">\n<li><span class=\"a-list-item\">Stimuliert das Wachstum und erh\u00f6ht die Produktivit\u00e4t von Gem\u00fcsekulturen.<\/span><\/li>\n<li><span class=\"a-list-item\">Dosierung: 100 g Pflanze \u00fcber den Vegetationszyklus verteilt.<\/span><\/li>\n<li><span class=\"a-list-item\">Organischer D\u00fcnger in Form von Mikrogranulaten mit langsamer und kontrollierter Freisetzung. St\u00e4rkt die Widerstandsf\u00e4higkeit gegen Krankheiten. Verbessert die Entwicklung der Pflanzenwurzeln und die Aufnahme von N\u00e4hrstoffen.<\/span><\/li>\n<li><span class=\"a-list-item\">\u00d6kologischer organischer D\u00fcnger NPK Organische Stoffe und Spurenelemente.<\/span><\/li>\n<li><span class=\"a-list-item\">100% nat\u00fcrlich und unsch\u00e4dlich f\u00fcr Tiere und Pflanzen.<\/span><\/li>\n<\/ul>\n","protected":false},"featured_media":11727,"comment_status":"open","ping_status":"closed","template":"","meta":{"_acf_changed":false},"product_brand":[],"product_cat":[333,1273,331],"product_tag":[1414],"class_list":{"0":"post-17316","1":"product","2":"type-product","3":"status-publish","4":"has-post-thumbnail","6":"product_cat-dungemittel","7":"product_cat-empfohlene-dungemittel","8":"product_cat-feste-dungemittel","9":"product_tag-caae-de","11":"first","12":"instock","13":"taxable","14":"shipping-taxable","15":"purchasable","16":"product-type-variable"},"acf":[],"_links":{"self":[{"href":"https:\/\/cultivers.es\/de\/wp-json\/wp\/v2\/product\/17316","targetHints":{"allow":["GET"]}}],"collection":[{"href":"https:\/\/cultivers.es\/de\/wp-json\/wp\/v2\/product"}],"about":[{"href":"https:\/\/cultivers.es\/de\/wp-json\/wp\/v2\/types\/product"}],"replies":[{"embeddable":true,"href":"https:\/\/cultivers.es\/de\/wp-json\/wp\/v2\/comments?post=17316"}],"wp:featuredmedia":[{"embeddable":true,"href":"https:\/\/cultivers.es\/de\/wp-json\/wp\/v2\/media\/11727"}],"wp:attachment":[{"href":"https:\/\/cultivers.es\/de\/wp-json\/wp\/v2\/media?parent=17316"}],"wp:term":[{"taxonomy":"product_brand","embeddable":true,"href":"https:\/\/cultivers.es\/de\/wp-json\/wp\/v2\/product_brand?post=17316"},{"taxonomy":"product_cat","embeddable":true,"href":"https:\/\/cultivers.es\/de\/wp-json\/wp\/v2\/product_cat?post=17316"},{"taxonomy":"product_tag","embeddable":true,"href":"https:\/\/cultivers.es\/de\/wp-json\/wp\/v2\/product_tag?post=17316"}],"curies":[{"name":"wp","href":"https:\/\/api.w.org\/{rel}","templated":true}]}}