{"id":17317,"date":"2021-10-22T12:12:43","date_gmt":"2021-10-22T12:12:43","guid":{"rendered":"https:\/\/cultivers.es\/abonos\/oekologischer-rasenduenger\/"},"modified":"2025-09-22T05:08:17","modified_gmt":"2025-09-22T05:08:17","slug":"dungemittel-okologisches-legen","status":"publish","type":"product","link":"https:\/\/cultivers.es\/de\/d\u00fcngemittel\/dungemittel-okologisches-legen\/","title":{"rendered":"\u00d6kologischer Rasend\u00fcnger"},"content":{"rendered":"<div class=\"detailmodule_html\" data-key=\"2\" data-slate-fragment=\"JTdCJTIyb2JqZWN0JTIyJTNBJTIyZG9jdW1lbnQlMjIlMkMlMjJkYXRhJTIyJTNBJTdCJTdEJTJDJTIybm9kZXMlMjIlM0ElNUIlN0IlMjJvYmplY3QlMjIlM0ElMjJibG9jayUyMiUyQyUyMnR5cGUlMjIlM0ElMjJkaXYlMjIlMkMlMjJpc1ZvaWQlMjIlM0FmYWxzZSUyQyUyMmRhdGElMjIlM0ElN0IlMjJjbGFzc05hbWUlMjIlM0ElMjJkZXRhaWxtb2R1bGVfaHRtbCUyMiU3RCUyQyUyMm5vZGVzJTIyJTNBJTVCJTdCJTIyb2JqZWN0JTIyJTNBJTIyYmxvY2slMjIlMkMlMjJ0eXBlJTIyJTNBJTIyZGl2JTIyJTJDJTIyaXNWb2lkJTIyJTNBZmFsc2UlMkMlMjJkYXRhJTIyJTNBJTdCJTIyY2xhc3NOYW1lJTIyJTNBJTIyZGV0YWlsLWRlc2MtZGVjb3JhdGUtcmljaHRleHQlMjIlN0QlMkMlMjJub2RlcyUyMiUzQSU1QiU3QiUyMm9iamVjdCUyMiUzQSUyMnRleHQlMjIlMkMlMjJsZWF2ZXMlMjIlM0ElNUIlN0IlMjJvYmplY3QlMjIlM0ElMjJsZWFmJTIyJTJDJTIydGV4dCUyMiUzQSUyMkZlcnRpbGl6YW50ZSUyMG9yZyVDMyVBMW5pY28lMjB2ZWdldGFsJTIwY29uJTIwYWx0byUyMGNvbnRlbmlkbyUyMGVuJTIwbml0ciVDMyVCM2dlbm8lMjBxdWUlMjBsbyUyMGhhY2UlMjBpZGVhbCUyMHBhcmElMjBlbCUyMGNyZWNpbWllbnRvJTIwZGVsJTIwYyVDMyVBOXNwZWQuJTIyJTJDJTIybWFya3MlMjIlM0ElNUIlNUQlN0QlNUQlN0QlNUQlN0QlMkMlN0IlMjJvYmplY3QlMjIlM0ElMjJibG9jayUyMiUyQyUyMnR5cGUlMjIlM0ElMjJkaXYlMjIlMkMlMjJpc1ZvaWQlMjIlM0FmYWxzZSUyQyUyMmRhdGElMjIlM0ElN0IlMjJjbGFzc05hbWUlMjIlM0ElMjJkZXRhaWwtZGVzYy1kZWNvcmF0ZS1yaWNodGV4dCUyMiU3RCUyQyUyMm5vZGVzJTIyJTNBJTVCJTdCJTIyb2JqZWN0JTIyJTNBJTIydGV4dCUyMiUyQyUyMmxlYXZlcyUyMiUzQSU1QiU3QiUyMm9iamVjdCUyMiUzQSUyMmxlYWYlMjIlMkMlMjJ0ZXh0JTIyJTNBJTIyTG9zJTIwYmVuZWZpY2lvcyUyMGRlbCUyMGFwb3J0ZSUyMGRlJTIwbml0ciVDMyVCM2dlbm8lMjBlbiUyMGVsJTIwY3JlY2ltaWVudG8lMjBkZWwlMjBjJUMzJUE5c3BlZCUyMHNvbiUyMGxvcyUyMHNpZ3VpZW50ZXMlM0ElMjIlMkMlMjJtYXJrcyUyMiUzQSU1QiU1RCU3RCU1RCU3RCU1RCU3RCUyQyU3QiUyMm9iamVjdCUyMiUzQSUyMmJsb2NrJTIyJTJDJTIydHlwZSUyMiUzQSUyMmRpdiUyMiUyQyUyMmlzVm9pZCUyMiUzQWZhbHNlJTJDJTIyZGF0YSUyMiUzQSU3QiUyMmNsYXNzTmFtZSUyMiUzQSUyMmRldGFpbC1kZXNjLWRlY29yYXRlLXJpY2h0ZXh0JTIyJTdEJTJDJTIybm9kZXMlMjIlM0ElNUIlN0IlMjJvYmplY3QlMjIlM0ElMjJ0ZXh0JTIyJTJDJTIybGVhdmVzJTIyJTNBJTVCJTdCJTIyb2JqZWN0JTIyJTNBJTIybGVhZiUyMiUyQyUyMnRleHQlMjIlM0ElMjIlMjIlMkMlMjJtYXJrcyUyMiUzQSU1QiU1RCU3RCU1RCU3RCU1RCU3RCUyQyU3QiUyMm9iamVjdCUyMiUzQSUyMmJsb2NrJTIyJTJDJTIydHlwZSUyMiUzQSUyMmRpdiUyMiUyQyUyMmlzVm9pZCUyMiUzQWZhbHNlJTJDJTIyZGF0YSUyMiUzQSU3QiUyMmNsYXNzTmFtZSUyMiUzQSUyMmRldGFpbC1kZXNjLWRlY29yYXRlLXJpY2h0ZXh0JTIyJTdEJTJDJTIybm9kZXMlMjIlM0ElNUIlN0IlMjJvYmplY3QlMjIlM0ElMjJ0ZXh0JTIyJTJDJTIybGVhdmVzJTIyJTNBJTVCJTdCJTIyb2JqZWN0JTIyJTNBJTIybGVhZiUyMiUyQyUyMnRleHQlMjIlM0ElMjJGb3JtYSUyMHByb3RlJUMzJUFEbmFzJTIwcXVlJTIwZmF2b3JlY2VuJTIwZWwlMjBjcmVjaW1pZW50byUyMGRlJTIwbGElMjBwbGFudGElMjBhdW1lbnRhbmRvJTIwbGElMjBwYXJ0ZSUyMGFlcmVhJTIwZGUlMjBsYSUyMG1pc21hLiUyMiUyQyUyMm1hcmtzJTIyJTNBJTVCJTVEJTdEJTVEJTdEJTVEJTdEJTJDJTdCJTIyb2JqZWN0JTIyJTNBJTIyYmxvY2slMjIlMkMlMjJ0eXBlJTIyJTNBJTIyZGl2JTIyJTJDJTIyaXNWb2lkJTIyJTNBZmFsc2UlMkMlMjJkYXRhJTIyJTNBJTdCJTIyY2xhc3NOYW1lJTIyJTNBJTIyZGV0YWlsLWRlc2MtZGVjb3JhdGUtcmljaHRleHQlMjIlN0QlMkMlMjJub2RlcyUyMiUzQSU1QiU3QiUyMm9iamVjdCUyMiUzQSUyMnRleHQlMjIlMkMlMjJsZWF2ZXMlMjIlM0ElNUIlN0IlMjJvYmplY3QlMjIlM0ElMjJsZWFmJTIyJTJDJTIydGV4dCUyMiUzQSUyMlJlc3BvbnNhYmxlJTIwZGUlMjBsYSUyMGZvcm1hY2klQzMlQjNuJTIwZGUlMjBjbG9yb2ZpbGElMkMlMjBsbyUyMHF1ZSUyMHNlJTIwdHJhZHVjZSUyMHVuJTIwY3JlY2ltaWVudG8lMjBkZSUyMGxhJTIwZm90b3MlQzMlQURudGVzaXMlMjBxdWUlMjBoYWNlJTIwcXVlJTIwZWwlMjBjJUMzJUE5c3BlZCUyMGRlJTIwY29sb3IlMjB2ZXJkZSUyMG0lQzMlQTFzJTIwaW50ZW5zby4lMjIlMkMlMjJtYXJrcyUyMiUzQSU1QiU1RCU3RCU1RCU3RCU1RCU3RCUyQyU3QiUyMm9iamVjdCUyMiUzQSUyMmJsb2NrJTIyJTJDJTIydHlwZSUyMiUzQSUyMmRpdiUyMiUyQyUyMmlzVm9pZCUyMiUzQWZhbHNlJTJDJTIyZGF0YSUyMiUzQSU3QiUyMmNsYXNzTmFtZSUyMiUzQSUyMmRldGFpbC1kZXNjLWRlY29yYXRlLXJpY2h0ZXh0JTIyJTdEJTJDJTIybm9kZXMlMjIlM0ElNUIlN0IlMjJvYmplY3QlMjIlM0ElMjJ0ZXh0JTIyJTJDJTIybGVhdmVzJTIyJTNBJTVCJTdCJTIyb2JqZWN0JTIyJTNBJTIybGVhZiUyMiUyQyUyMnRleHQlMjIlM0ElMjIlMjIlMkMlMjJtYXJrcyUyMiUzQSU1QiU1RCU3RCU1RCU3RCU1RCU3RCUyQyU3QiUyMm9iamVjdCUyMiUzQSUyMmJsb2NrJTIyJTJDJTIydHlwZSUyMiUzQSUyMmRpdiUyMiUyQyUyMmlzVm9pZCUyMiUzQWZhbHNlJTJDJTIyZGF0YSUyMiUzQSU3QiUyMmNsYXNzTmFtZSUyMiUzQSUyMmRldGFpbC1kZXNjLWRlY29yYXRlLXJpY2h0ZXh0JTIyJTdEJTJDJTIybm9kZXMlMjIlM0ElNUIlN0IlMjJvYmplY3QlMjIlM0ElMjJ0ZXh0JTIyJTJDJTIybGVhdmVzJTIyJTNBJTVCJTdCJTIyb2JqZWN0JTIyJTNBJTIybGVhZiUyMiUyQyUyMnRleHQlMjIlM0ElMjIlMjIlMkMlMjJtYXJrcyUyMiUzQSU1QiU1RCU3RCU1RCU3RCU1RCU3RCUyQyU3QiUyMm9iamVjdCUyMiUzQSUyMmJsb2NrJTIyJTJDJTIydHlwZSUyMiUzQSUyMmRpdiUyMiUyQyUyMmlzVm9pZCUyMiUzQWZhbHNlJTJDJTIyZGF0YSUyMiUzQSU3QiUyMmNsYXNzTmFtZSUyMiUzQSUyMmRldGFpbC1kZXNjLWRlY29yYXRlLXJpY2h0ZXh0JTIyJTdEJTJDJTIybm9kZXMlMjIlM0ElNUIlN0IlMjJvYmplY3QlMjIlM0ElMjJ0ZXh0JTIyJTJDJTIybGVhdmVzJTIyJTNBJTVCJTdCJTIyb2JqZWN0JTIyJTNBJTIybGVhZiUyMiUyQyUyMnRleHQlMjIlM0ElMjJBYm9ubyUyMGVuJTIwZm9ybWElMjBkZSUyMG1pY3JvZ3IlQzMlQTFudWxvcyUyMGRlJTIwbGliZXJhY2klQzMlQjNuJTIwbGVudGElMjB5JTIwY29udHJvbGFkYS4lMjBDJUMzJUE5c3BlZCUyMG0lQzMlQTFzJTIwdmVyZGUlMkMlMjBmdWVydGUlMjB5JTIwZGVuc28uJTIwTm8lMjBwcm9kdWNlJTIwcXVlbWFkdXJhcy4lMjBQcm9kdWN0byUyMDEwMCUyNSUyMG5hdHVyYWwlMjBlJTIwaW5vZmVuc2l2byUyMHBhcmElMjBhbmltYWxlcyUyMHklMjBwbGFudGFzLiUyMEFib25vJTIwZGUlMjBlc3BlY2lhbCUyMGZvcm11bGFjaSVDMyVCM24lMjBwYXJhJTIwYyVDMyVBOXNwZWQlMjB5JTIwcHJhZGVyYXMlMjBjb24lMjBucGslMjAlMkIlMjA3NCUyMCUyNSUyMG1hdGVyaWElMjBvcmclQzMlQTFuaWNhJTIweSUyMCVDMyVBMWNpZG9zJTIwaCVDMyVCQW1pY29zLiUyMEVzdGltdWxhJTIwZWwlMjBjcmVjaW1pZW50byUyMHJhZGljdWxhciUyMHklMjBldml0YSUyMHByb2JsZW1hcyUyMGRlJTIwY2FyZW5jaWFzLiUyMEFib25vJTIwZGUlMjBmJUMzJUExY2lsJTIwYWJzb3JjaSVDMyVCM24lMjB5JTIwbWVqb3JhZG8lMjBkZSUyMGxhJTIwZXN0cnVjdHVyYSUyMGRlJTIwbGElMjB0aWVycmEuJTIwQXl1ZGElMjBsYSUyMHJldGVuY2klQzMlQjNuJTIwZGUlMjBsJUMzJUFEcXVpZG9zJTIweSUyMHByb2R1Y2UlMjBhaG9ycm8lMjBkZSUyMGFndWEuJTIwQWJvbm8lMjAtJTIwZmVydGlsaXphbnRlJTIwZWNvbCVDMyVCM2dpY28lMjBlc3BlY2lhbCUyMGMlQzMlQTlzcGVkLiUyME9yaWdlbiUyMDEwMCUyNSUyMG9yZyVDMyVBMW5pY28lMjB5JTIwdmVnYW5vJTIwZ3JhbnVsYWRvJTIwZGUlMjBsaWJlcmFjaSVDMyVCM24lMjBsZW50YSUyMHklMjBjb250cm9sYWRhJTIyJTJDJTIybWFya3MlMjIlM0ElNUIlNUQlN0QlNUQlN0QlNUQlN0QlNUQlN0QlMkMlN0IlMjJvYmplY3QlMjIlM0ElMjJibG9jayUyMiUyQyUyMnR5cGUlMjIlM0ElMjJwYXJhZ3JhcGglMjIlMkMlMjJpc1ZvaWQlMjIlM0FmYWxzZSUyQyUyMmRhdGElMjIlM0ElN0IlN0QlMkMlMjJub2RlcyUyMiUzQSU1QiU3QiUyMm9iamVjdCUyMiUzQSUyMnRleHQlMjIlMkMlMjJsZWF2ZXMlMjIlM0ElNUIlN0IlMjJvYmplY3QlMjIlM0ElMjJsZWFmJTIyJTJDJTIydGV4dCUyMiUzQSUyMiUyMiUyQyUyMm1hcmtzJTIyJTNBJTVCJTVEJTdEJTVEJTdEJTVEJTdEJTVEJTdE\">\n<div class=\"detail-desc-decorate-richtext\" data-key=\"3\"><span class=\"slate-node-text\" data-key=\"4\"><span data-offset-key=\"4:0\" data-spm-anchor-id=\"5261.product_publish.0.i7.55ce4edfsfdT7A\">Organischer Gem\u00fcsed\u00fcnger mit hohem Stickstoffgehalt, der sich ideal f\u00fcr das Graswachstum eignet.<\/span><\/span><\/div>\n<div class=\"detail-desc-decorate-richtext\" data-key=\"5\"><span class=\"slate-node-text\" data-key=\"6\"><span data-offset-key=\"6:0\" data-spm-anchor-id=\"5261.product_publish.0.i6.55ce4edfsfdT7A\">Die Vorteile der Stickstoffzufuhr f\u00fcr das Wachstum des Rasens sind folgende:<\/span><\/span><\/div>\n<div class=\"detail-desc-decorate-richtext\" data-key=\"7\"><\/div>\n<div class=\"detail-desc-decorate-richtext\" data-key=\"8\"><span class=\"slate-node-text\" data-key=\"9\"><span data-offset-key=\"9:0\" data-spm-anchor-id=\"5261.product_publish.0.i4.55ce4edfsfdT7A\">Es bildet Proteine, die das Pflanzenwachstum f\u00f6rdern, indem sie den oberirdischen Teil der Pflanze vergr\u00f6\u00dfern.<\/span><\/span><\/div>\n<div class=\"detail-desc-decorate-richtext\" data-key=\"10\"><span class=\"slate-node-text\" data-key=\"11\"><span data-offset-key=\"11:0\" data-spm-anchor-id=\"5261.product_publish.0.i3.55ce4edfsfdT7A\">Verantwortlich f\u00fcr die Bildung von Chlorophyll, was zu einem Anstieg der Photosynthese f\u00fchrt, die das Gras gr\u00fcner macht.<\/span><\/span><\/div>\n<div class=\"detail-desc-decorate-richtext\" data-key=\"13\"><\/div>\n<div class=\"detail-desc-decorate-richtext\" data-key=\"14\"><span class=\"slate-node-text\" data-key=\"15\"><span data-offset-key=\"15:0\" data-spm-anchor-id=\"5261.product_publish.0.i5.55ce4edfsfdT7A\">D\u00fcngemittel in Form von Mikrogranulaten mit langsamer und kontrollierter Freisetzung. Gr\u00fcneres, kr\u00e4ftigeres und dichteres Gras. Verursacht keine Verbrennungen. 100% nat\u00fcrlich und unsch\u00e4dlich f\u00fcr Tiere und Pflanzen. Speziell formulierter D\u00fcnger f\u00fcr Rasen und Wiesen mit npk + 74 % organischer Substanz und Humins\u00e4uren. Stimuliert das Wurzelwachstum und beugt Mangelerscheinungen vor. Leicht absorbierbarer D\u00fcnger und verbesserte Bodenstruktur. Hilft bei der Wassereinlagerung und spart Wasser. D\u00fcngemittel - \u00f6kologischer D\u00fcnger speziell f\u00fcr Rasenfl\u00e4chen. 100% biologischer und veganer Herkunft Granulat mit langsamer und kontrollierter Freisetzung<\/span><\/span><\/div>\n<\/div>\n<p>Gr\u00fcneres, kr\u00e4ftigeres und dichteres Gras. Verursacht keine Verbrennungen. 100% nat\u00fcrlich und unsch\u00e4dlich f\u00fcr Tiere und Pflanzen. Speziell formulierter D\u00fcnger f\u00fcr Rasen und Wiesen mit NPK 8-1-5 + 74 % organischer Substanz und Humins\u00e4uren. Stimuliert das Wurzelwachstum und beugt Mangelerscheinungen vor. Leicht absorbierbarer D\u00fcnger und verbesserte Bodenstruktur. Hilft bei der Wassereinlagerung und spart Wasser. D\u00fcngemittel - \u00f6kologischer D\u00fcnger speziell f\u00fcr Rasenfl\u00e4chen. 100% biologischer und veganer Herkunft Granulat mit langsamer und kontrollierter Freisetzung<\/p>\n","protected":false},"excerpt":{"rendered":"<div id=\"featurebullets_feature_div\" class=\"celwidget\" data-feature-name=\"featurebullets\" data-csa-c-id=\"n3z0ly-1qi0gw-fwycpm-8rzsu6\" data-cel-widget=\"featurebullets_feature_div\">\n<div id=\"feature-bullets\" class=\"a-section a-spacing-medium a-spacing-top-small\">\n<ul class=\"a-unordered-list a-vertical a-spacing-mini\">\n<li><span class=\"a-list-item\">D\u00fcngemittel in Form von Mikrogranulaten mit langsamer und kontrollierter Freisetzung.<\/span><\/li>\n<li><span class=\"a-list-item\">Gr\u00fcneres, kr\u00e4ftigeres und dichteres Gras. Verursacht keine Verbrennungen.<\/span><\/li>\n<li><span class=\"a-list-item\">100% nat\u00fcrlich und unsch\u00e4dlich f\u00fcr Tiere und Pflanzen.<\/span><\/li>\n<li><span class=\"a-list-item\">Speziell formulierter D\u00fcnger f\u00fcr Rasen und Wiesen mit NPK + 74% organischer Substanz und Humins\u00e4uren.<\/span><\/li>\n<li><span class=\"a-list-item\">Stimuliert das Wurzelwachstum und beugt Mangelerscheinungen vor. Leicht absorbierbarer D\u00fcnger und verbesserte Bodenstruktur. Hilft bei der Wassereinlagerung und spart Wasser.<\/span><\/li>\n<\/ul>\n<\/div>\n<\/div>\n","protected":false},"featured_media":54044,"comment_status":"open","ping_status":"closed","template":"","meta":{"_acf_changed":false},"product_brand":[],"product_cat":[333,331,334],"product_tag":[1414],"class_list":{"0":"post-17317","1":"product","2":"type-product","3":"status-publish","4":"has-post-thumbnail","6":"product_cat-dungemittel","7":"product_cat-feste-dungemittel","8":"product_cat-rasen","9":"product_tag-caae-de","11":"first","12":"instock","13":"taxable","14":"shipping-taxable","15":"purchasable","16":"product-type-variable"},"acf":[],"_links":{"self":[{"href":"https:\/\/cultivers.es\/de\/wp-json\/wp\/v2\/product\/17317","targetHints":{"allow":["GET"]}}],"collection":[{"href":"https:\/\/cultivers.es\/de\/wp-json\/wp\/v2\/product"}],"about":[{"href":"https:\/\/cultivers.es\/de\/wp-json\/wp\/v2\/types\/product"}],"replies":[{"embeddable":true,"href":"https:\/\/cultivers.es\/de\/wp-json\/wp\/v2\/comments?post=17317"}],"wp:featuredmedia":[{"embeddable":true,"href":"https:\/\/cultivers.es\/de\/wp-json\/wp\/v2\/media\/54044"}],"wp:attachment":[{"href":"https:\/\/cultivers.es\/de\/wp-json\/wp\/v2\/media?parent=17317"}],"wp:term":[{"taxonomy":"product_brand","embeddable":true,"href":"https:\/\/cultivers.es\/de\/wp-json\/wp\/v2\/product_brand?post=17317"},{"taxonomy":"product_cat","embeddable":true,"href":"https:\/\/cultivers.es\/de\/wp-json\/wp\/v2\/product_cat?post=17317"},{"taxonomy":"product_tag","embeddable":true,"href":"https:\/\/cultivers.es\/de\/wp-json\/wp\/v2\/product_tag?post=17317"}],"curies":[{"name":"wp","href":"https:\/\/api.w.org\/{rel}","templated":true}]}}