{"id":17319,"date":"2021-10-22T12:12:43","date_gmt":"2021-10-22T12:12:43","guid":{"rendered":"https:\/\/cultivers.es\/abonos\/bio-bonsai-duenger\/"},"modified":"2025-09-22T05:29:32","modified_gmt":"2025-09-22T05:29:32","slug":"dunger-bonsai-okologie","status":"publish","type":"product","link":"https:\/\/cultivers.es\/de\/d\u00fcngemittel\/dunger-bonsai-okologie\/","title":{"rendered":"Bio-Bonsai-D\u00fcnger"},"content":{"rendered":"<p>Organischer Bonsai-D\u00fcnger ist ein organischer D\u00fcnger f\u00fcr Bonsai pflanzlichen Ursprungs, der auf den Boden aufgebracht wird. Bonsai-D\u00fcnger mit einem hohen Anteil an organischen Stoffen, Stickstoff, Kalium, Humin- und Fulvos\u00e4uren, mit verbesserten technologischen Eigenschaften, in Perlenform zur einfachen Anwendung.<\/p>\n<p class=\"a-spacing-base\">In unserem organischen Bonsai-D\u00fcnger sind die gleichm\u00e4\u00dfig gro\u00dfen Granulate f\u00fcr die manuelle und maschinelle Ausbringung geeignet. Bei Kontakt mit dem Boden wird es schnell in den Boden eingearbeitet und hat eine L\u00f6slichkeit von 99 %.<\/p>\n<p class=\"a-spacing-base\">Es kann als Unter- und Oberd\u00fcngung eingesetzt werden. Tomatend\u00fcnger mit Stickstoff und Kalium, enth\u00e4lt hochwertige HUMIC ACIDS, die die Bodenstruktur verbessern.<\/p>\n<p class=\"a-spacing-base\">Das Verh\u00e4ltnis von Kohlenstoff zu Stickstoff erleichtert die Extraktion von Mineralien durch die Wurzeln und f\u00f6rdert die Population n\u00fctzlicher Bodenmikroorganismen, die Aggregate bilden und die Sauerstoffversorgung des Bodens erleichtern.<\/p>\n<p class=\"a-spacing-base\">L\u00e4uft bei starken Regenf\u00e4llen nicht aus. Optimiert effizient das Verh\u00e4ltnis zwischen Boden und Mikroorganismen. Selbst bei schlechtem Wetter bildet er Aggregate, die die Sauerstoffversorgung des Bodens f\u00f6rdern.<\/p>\n<h2 class=\"a-spacing-mini\">Wirksamkeit der Humins\u00e4uren in unserem Bio-Bonsai-D\u00fcnger<\/h2>\n<p>Die Humins\u00e4uren in unserem Bonsaikompost sind im Boden vorhanden und sind der aktivste Teil der organischen Substanz im Boden. Sie sind eine Mischung komplexer organischer Molek\u00fcle, die durch Zersetzung und Oxidation organischer Stoffe entstehen. Die Befeuchtung ist also ein fortschreitender Prozess, der zur Bildung von Humins\u00e4uren f\u00fchrt.<\/p>\n<p>Humin- und Fulvos\u00e4uren sind hervorragende Chelatbildner, sie f\u00f6rdern die N\u00e4hrstoffaufnahme im Wurzelbereich und chelatieren die meisten N\u00e4hrstoffe, so dass sie der Pflanze \u00fcber die Wurzeln zur Verf\u00fcgung stehen.<\/p>\n","protected":false},"excerpt":{"rendered":"<ul class=\"a-unordered-list a-vertical a-spacing-mini\">\n<li><span class=\"a-list-item\">D\u00fcngemittel in Form von Mikrogranulaten mit langsamer und kontrollierter Freisetzung.<\/span><\/li>\n<li><span class=\"a-list-item\">Kontrolliertes Wachstum von neuen Internodien<\/span><\/li>\n<li><span class=\"a-list-item\">\u00d6kologischer organischer D\u00fcnger mit einem hohen NPK-Gehalt.<\/span><\/li>\n<li><span class=\"a-list-item\">Organischer D\u00fcnger aus hochwertigem Pflanzenmaterial, gewonnen durch kontrollierte Fermentation, f\u00fcr eine ausgewogene Ern\u00e4hrung.<\/span><\/li>\n<li><span class=\"a-list-item\">100% biologischen und nat\u00fcrlichen Ursprungs.<\/span><\/li>\n<\/ul>\n","protected":false},"featured_media":11699,"comment_status":"open","ping_status":"closed","template":"","meta":{"_acf_changed":false},"product_brand":[],"product_cat":[336,333,331],"product_tag":[1414],"class_list":{"0":"post-17319","1":"product","2":"type-product","3":"status-publish","4":"has-post-thumbnail","6":"product_cat-bonsai-de","7":"product_cat-dungemittel","8":"product_cat-feste-dungemittel","9":"product_tag-caae-de","11":"first","12":"instock","13":"taxable","14":"shipping-taxable","15":"purchasable","16":"product-type-variable"},"acf":[],"_links":{"self":[{"href":"https:\/\/cultivers.es\/de\/wp-json\/wp\/v2\/product\/17319","targetHints":{"allow":["GET"]}}],"collection":[{"href":"https:\/\/cultivers.es\/de\/wp-json\/wp\/v2\/product"}],"about":[{"href":"https:\/\/cultivers.es\/de\/wp-json\/wp\/v2\/types\/product"}],"replies":[{"embeddable":true,"href":"https:\/\/cultivers.es\/de\/wp-json\/wp\/v2\/comments?post=17319"}],"wp:featuredmedia":[{"embeddable":true,"href":"https:\/\/cultivers.es\/de\/wp-json\/wp\/v2\/media\/11699"}],"wp:attachment":[{"href":"https:\/\/cultivers.es\/de\/wp-json\/wp\/v2\/media?parent=17319"}],"wp:term":[{"taxonomy":"product_brand","embeddable":true,"href":"https:\/\/cultivers.es\/de\/wp-json\/wp\/v2\/product_brand?post=17319"},{"taxonomy":"product_cat","embeddable":true,"href":"https:\/\/cultivers.es\/de\/wp-json\/wp\/v2\/product_cat?post=17319"},{"taxonomy":"product_tag","embeddable":true,"href":"https:\/\/cultivers.es\/de\/wp-json\/wp\/v2\/product_tag?post=17319"}],"curies":[{"name":"wp","href":"https:\/\/api.w.org\/{rel}","templated":true}]}}