{"id":17413,"date":"2021-10-22T12:12:43","date_gmt":"2021-10-22T12:12:43","guid":{"rendered":"https:\/\/cultivers.es\/abonos\/bio-kaktusduenger\/"},"modified":"2025-09-22T05:08:35","modified_gmt":"2025-09-22T05:08:35","slug":"dunger-okologischer-kaktus-dunger","status":"publish","type":"product","link":"https:\/\/cultivers.es\/de\/d\u00fcngemittel\/dunger-okologischer-kaktus-dunger\/","title":{"rendered":"Bio-Kaktusd\u00fcnger"},"content":{"rendered":"<p data-spm-anchor-id=\"a2g0o.detail.1000023.i0.2d1d20af6A8LHL\">Organischer Pflanzend\u00fcnger, der reich an organischen Stoffen und Kalium ist.<\/p>\n<div class=\"detailmodule_html\">\n<p data-spm-anchor-id=\"a2g0o.detail.1000023.i2.2d1d20af6A8LHL\">Die Vorteile von organischen Stoffen und Kalium f\u00fcr Kakteen und Sukkulenten sind folgende:-Organische Stoffe strukturieren das Substrat oder den Boden.<br \/>\n-Verbesserung der Wassereffizienz.<br \/>\n-Kalium: f\u00f6rdert die Wasserspeicherung in der Pflanze.<br \/>\n-Vermeidung von Stress<\/p>\n<\/div>\n<p>Organischer Kaktusd\u00fcnger. Cultivers, Spezialist f\u00fcr \u00f6kologische D\u00fcngemittel, bietet einen organischen D\u00fcnger an, der mit einer speziellen Formulierung f\u00fcr alle Arten von Kakteen, Sukkulenten und Sukkulenten im Allgemeinen hergestellt wird und eine besondere Art von Mykorrhiza verwendet, um ein gesundes Wurzelsystem und Wachstum zu f\u00f6rdern.<\/p>\n<p>Es ist 100% nat\u00fcrlich und \u00f6kologisch mit einer langsamen und kontrollierten Formulierung pflanzlichen Ursprungs, die die Absorption von Kalzium, Magnesium, Phosphor, Mikroelementen, etc. beg\u00fcnstigt.<\/p>\n<p>Unser Bio-Kaktusd\u00fcnger verbessert die Bodenfruchtbarkeit, erh\u00f6ht den Ertrag und den Geruch, tr\u00e4gt zu einer ausgewogenen Versorgung mit den wichtigsten Elementen bei, verbessert die Bel\u00fcftung und die Wasserr\u00fcckhaltung, verringert die Auswirkungen des Salzgehalts und f\u00f6rdert die mikrobiologische Aktivit\u00e4t.<\/p>\n<p>Verbessert die Entwicklung der Pflanzenwurzeln und die Aufnahme von N\u00e4hrstoffen<\/p>\n<p>D\u00fcngen Sie Sukkulenten nie, wenn sie in der Ruhephase sind. Gie\u00dfen Sie nur das Substrat, nicht die Bl\u00e4tter. \u00dcberschreiten Sie nicht die empfohlenen Dosen. Die \u00dcberw\u00e4sserung von Kakteen und anderen Sukkulenten ist oft t\u00f6dlich, weil sie Wurzelf\u00e4ule verursacht. Fehlt es an Wasser, wachsen sie schlecht.<\/p>\n","protected":false},"excerpt":{"rendered":"<ul class=\"a-unordered-list a-vertical a-spacing-mini\">\n<li><span class=\"a-list-item\">Granulierter Speziald\u00fcnger f\u00fcr Kakteen, Sukkulenten und sukkulente Pflanzen.<\/span><\/li>\n<li><span class=\"a-list-item\">100% biologischer und veganer Herkunft. Hohe Assimilation mit organischem Material und Humins\u00e4uren.<\/span><\/li>\n<li><span class=\"a-list-item\">Langsame und kontrollierte Formulierung pflanzlichen Ursprungs. Verbessert die Krankheitsresistenz und die optimale Wasserspeicherung.<\/span><\/li>\n<li><span class=\"a-list-item\">Sie f\u00f6rdern die Aufnahme von Kalzium, Magnesium, Phosphor und Mikroelementen,<\/span><\/li>\n<li><span class=\"a-list-item\">Das Produkt ist 100% nat\u00fcrlich und unsch\u00e4dlich f\u00fcr Tiere, umweltfreundlich.<\/span><\/li>\n<\/ul>\n","protected":false},"featured_media":12345,"comment_status":"open","ping_status":"closed","template":"","meta":{"_acf_changed":false},"product_brand":[],"product_cat":[333,331],"product_tag":[1414],"class_list":{"0":"post-17413","1":"product","2":"type-product","3":"status-publish","4":"has-post-thumbnail","6":"product_cat-dungemittel","7":"product_cat-feste-dungemittel","8":"product_tag-caae-de","10":"first","11":"instock","12":"taxable","13":"shipping-taxable","14":"purchasable","15":"product-type-variable","16":"has-default-attributes"},"acf":[],"_links":{"self":[{"href":"https:\/\/cultivers.es\/de\/wp-json\/wp\/v2\/product\/17413","targetHints":{"allow":["GET"]}}],"collection":[{"href":"https:\/\/cultivers.es\/de\/wp-json\/wp\/v2\/product"}],"about":[{"href":"https:\/\/cultivers.es\/de\/wp-json\/wp\/v2\/types\/product"}],"replies":[{"embeddable":true,"href":"https:\/\/cultivers.es\/de\/wp-json\/wp\/v2\/comments?post=17413"}],"wp:featuredmedia":[{"embeddable":true,"href":"https:\/\/cultivers.es\/de\/wp-json\/wp\/v2\/media\/12345"}],"wp:attachment":[{"href":"https:\/\/cultivers.es\/de\/wp-json\/wp\/v2\/media?parent=17413"}],"wp:term":[{"taxonomy":"product_brand","embeddable":true,"href":"https:\/\/cultivers.es\/de\/wp-json\/wp\/v2\/product_brand?post=17413"},{"taxonomy":"product_cat","embeddable":true,"href":"https:\/\/cultivers.es\/de\/wp-json\/wp\/v2\/product_cat?post=17413"},{"taxonomy":"product_tag","embeddable":true,"href":"https:\/\/cultivers.es\/de\/wp-json\/wp\/v2\/product_tag?post=17413"}],"curies":[{"name":"wp","href":"https:\/\/api.w.org\/{rel}","templated":true}]}}