{"id":17423,"date":"2021-10-22T12:12:43","date_gmt":"2021-10-22T12:12:43","guid":{"rendered":"https:\/\/cultivers.es\/abonos\/organischer-koniferen-duenger\/"},"modified":"2025-09-22T05:08:38","modified_gmt":"2025-09-22T05:08:38","slug":"dunger-kiefer-okologie-okologie","status":"publish","type":"product","link":"https:\/\/cultivers.es\/de\/d\u00fcngemittel\/dunger-kiefer-okologie-okologie\/","title":{"rendered":"Organischer Koniferen-D\u00fcnger"},"content":{"rendered":"<div class=\"detailmodule_html\" data-key=\"2\" data-slate-fragment=\"JTdCJTIyb2JqZWN0JTIyJTNBJTIyZG9jdW1lbnQlMjIlMkMlMjJkYXRhJTIyJTNBJTdCJTdEJTJDJTIybm9kZXMlMjIlM0ElNUIlN0IlMjJvYmplY3QlMjIlM0ElMjJibG9jayUyMiUyQyUyMnR5cGUlMjIlM0ElMjJkaXYlMjIlMkMlMjJpc1ZvaWQlMjIlM0FmYWxzZSUyQyUyMmRhdGElMjIlM0ElN0IlMjJjbGFzc05hbWUlMjIlM0ElMjJkZXRhaWxtb2R1bGVfaHRtbCUyMiU3RCUyQyUyMm5vZGVzJTIyJTNBJTVCJTdCJTIyb2JqZWN0JTIyJTNBJTIyYmxvY2slMjIlMkMlMjJ0eXBlJTIyJTNBJTIyZGl2JTIyJTJDJTIyaXNWb2lkJTIyJTNBZmFsc2UlMkMlMjJkYXRhJTIyJTNBJTdCJTIyY2xhc3NOYW1lJTIyJTNBJTIyZGV0YWlsLWRlc2MtZGVjb3JhdGUtcmljaHRleHQlMjIlN0QlMkMlMjJub2RlcyUyMiUzQSU1QiU3QiUyMm9iamVjdCUyMiUzQSUyMnRleHQlMjIlMkMlMjJsZWF2ZXMlMjIlM0ElNUIlN0IlMjJvYmplY3QlMjIlM0ElMjJsZWFmJTIyJTJDJTIydGV4dCUyMiUzQSUyMkZlcnRpbGl6YW50ZSUyMG9yZyVDMyVBMW5pY28lMjB2ZWdldGFsJTJDJTIwZW4lMjBmb3JtYSUyMHBlcmxhZGElMjBwYXJhJTIwbWVqb3JhciUyMGxhJTIwcGxhbnRhY2klQzMlQjNuJTIwaWRlYWwlMjBwYXJhJTIwZWwlMjBkZXNhcnJvbGxvJTIwb3B0aW1vJTIwZGUlMjBjb24lQzMlQURmZXJhcyUyMHklMjBzZXRvcy4lMjIlMkMlMjJtYXJrcyUyMiUzQSU1QiU1RCU3RCU1RCU3RCU1RCU3RCUyQyU3QiUyMm9iamVjdCUyMiUzQSUyMmJsb2NrJTIyJTJDJTIydHlwZSUyMiUzQSUyMmRpdiUyMiUyQyUyMmlzVm9pZCUyMiUzQWZhbHNlJTJDJTIyZGF0YSUyMiUzQSU3QiUyMmNsYXNzTmFtZSUyMiUzQSUyMmRldGFpbC1kZXNjLWRlY29yYXRlLXJpY2h0ZXh0JTIyJTdEJTJDJTIybm9kZXMlMjIlM0ElNUIlN0IlMjJvYmplY3QlMjIlM0ElMjJ0ZXh0JTIyJTJDJTIybGVhdmVzJTIyJTNBJTVCJTdCJTIyb2JqZWN0JTIyJTNBJTIybGVhZiUyMiUyQyUyMnRleHQlMjIlM0ElMjJDb250aWVuZSUyMG5pdHIlQzMlQjNnZW5vJTIwYSUyMGxvJTIwbGFyZ28lMjBkZSUyMHRvZGElMjBsYSUyMHRlbXBvcmFkYSUyQyUyMHByb3BvcmNpb25hbmRvJTIwdW4lMjB2ZXJkZSUyMHZpdm8lMjBlJTIwaW50ZW5zbyUyMGVuJTIwbGFzJTIwaG9qYXMlMjB5JTIwZXZpdGFuZG8lMjBlbCUyMGFtYXJyb25hbWllbnRvLiUyMiUyQyUyMm1hcmtzJTIyJTNBJTVCJTVEJTdEJTVEJTdEJTVEJTdEJTJDJTdCJTIyb2JqZWN0JTIyJTNBJTIyYmxvY2slMjIlMkMlMjJ0eXBlJTIyJTNBJTIyZGl2JTIyJTJDJTIyaXNWb2lkJTIyJTNBZmFsc2UlMkMlMjJkYXRhJTIyJTNBJTdCJTIyY2xhc3NOYW1lJTIyJTNBJTIyZGV0YWlsLWRlc2MtZGVjb3JhdGUtcmljaHRleHQlMjIlN0QlMkMlMjJub2RlcyUyMiUzQSU1QiU3QiUyMm9iamVjdCUyMiUzQSUyMnRleHQlMjIlMkMlMjJsZWF2ZXMlMjIlM0ElNUIlN0IlMjJvYmplY3QlMjIlM0ElMjJsZWFmJTIyJTJDJTIydGV4dCUyMiUzQSUyMiUyMiUyQyUyMm1hcmtzJTIyJTNBJTVCJTVEJTdEJTVEJTdEJTVEJTdEJTJDJTdCJTIyb2JqZWN0JTIyJTNBJTIyYmxvY2slMjIlMkMlMjJ0eXBlJTIyJTNBJTIyZGl2JTIyJTJDJTIyaXNWb2lkJTIyJTNBZmFsc2UlMkMlMjJkYXRhJTIyJTNBJTdCJTIyY2xhc3NOYW1lJTIyJTNBJTIyZGV0YWlsLWRlc2MtZGVjb3JhdGUtcmljaHRleHQlMjIlN0QlMkMlMjJub2RlcyUyMiUzQSU1QiU3QiUyMm9iamVjdCUyMiUzQSUyMnRleHQlMjIlMkMlMjJsZWF2ZXMlMjIlM0ElNUIlN0IlMjJvYmplY3QlMjIlM0ElMjJsZWFmJTIyJTJDJTIydGV4dCUyMiUzQSUyMkxvcyUyMHNldG9zJTIwZGViZW4lMjBjcmVjZXIlMjByJUMzJUExcGlkb3MlMjBwYXJhJTIwcXVlJTIwc2UlMjBmb3JtYW4lMjByJUMzJUExcGlkYW1lbnRlJTIweSUyMGNvbnNlZ3VpciUyMGVsJTIwZWZlY3RvJTIwYmFycmVyYSUyMGRlc2VhZG8uJTIyJTJDJTIybWFya3MlMjIlM0ElNUIlNUQlN0QlNUQlN0QlNUQlN0QlMkMlN0IlMjJvYmplY3QlMjIlM0ElMjJibG9jayUyMiUyQyUyMnR5cGUlMjIlM0ElMjJkaXYlMjIlMkMlMjJpc1ZvaWQlMjIlM0FmYWxzZSUyQyUyMmRhdGElMjIlM0ElN0IlMjJjbGFzc05hbWUlMjIlM0ElMjJkZXRhaWwtZGVzYy1kZWNvcmF0ZS1yaWNodGV4dCUyMiU3RCUyQyUyMm5vZGVzJTIyJTNBJTVCJTdCJTIyb2JqZWN0JTIyJTNBJTIydGV4dCUyMiUyQyUyMmxlYXZlcyUyMiUzQSU1QiU3QiUyMm9iamVjdCUyMiUzQSUyMmxlYWYlMjIlMkMlMjJ0ZXh0JTIyJTNBJTIyJTIyJTJDJTIybWFya3MlMjIlM0ElNUIlNUQlN0QlNUQlN0QlNUQlN0QlMkMlN0IlMjJvYmplY3QlMjIlM0ElMjJibG9jayUyMiUyQyUyMnR5cGUlMjIlM0ElMjJkaXYlMjIlMkMlMjJpc1ZvaWQlMjIlM0FmYWxzZSUyQyUyMmRhdGElMjIlM0ElN0IlMjJjbGFzc05hbWUlMjIlM0ElMjJkZXRhaWwtZGVzYy1kZWNvcmF0ZS1yaWNodGV4dCUyMiU3RCUyQyUyMm5vZGVzJTIyJTNBJTVCJTdCJTIyb2JqZWN0JTIyJTNBJTIydGV4dCUyMiUyQyUyMmxlYXZlcyUyMiUzQSU1QiU3QiUyMm9iamVjdCUyMiUzQSUyMmxlYWYlMjIlMkMlMjJ0ZXh0JTIyJTNBJTIyRW4lMjBsb3MlMjBzdWVsb3MlMjBwb2JyZXMlMjBkZWJlcmVtb3MlMjBpbmNyZW1lbnRhciUyMGxhJTIwYXBsaWNhY2klQzMlQjNuJTIwZGVsJTIwZmVydGlsaXphbnRlJTIwdW4lMjA1MCUyNS4lMjIlMkMlMjJtYXJrcyUyMiUzQSU1QiU1RCU3RCU1RCU3RCU1RCU3RCU1RCU3RCUyQyU3QiUyMm9iamVjdCUyMiUzQSUyMmJsb2NrJTIyJTJDJTIydHlwZSUyMiUzQSUyMnBhcmFncmFwaCUyMiUyQyUyMmlzVm9pZCUyMiUzQWZhbHNlJTJDJTIyZGF0YSUyMiUzQSU3QiU3RCUyQyUyMm5vZGVzJTIyJTNBJTVCJTdCJTIyb2JqZWN0JTIyJTNBJTIydGV4dCUyMiUyQyUyMmxlYXZlcyUyMiUzQSU1QiU3QiUyMm9iamVjdCUyMiUzQSUyMmxlYWYlMjIlMkMlMjJ0ZXh0JTIyJTNBJTIyJTIyJTJDJTIybWFya3MlMjIlM0ElNUIlNUQlN0QlNUQlN0QlNUQlN0QlNUQlN0Q=\">\n<div class=\"detail-desc-decorate-richtext\" data-key=\"10\"><span class=\"slate-node-text\" data-key=\"9\"><span data-offset-key=\"9:0\" data-spm-anchor-id=\"5261.product_publish.0.i13.1d454edfjM2f7r\">Organischer Pflanzend\u00fcnger in Perlenform zur Verbesserung der Bepflanzung, ideal f\u00fcr die optimale Entwicklung von Koniferen und Hecken.<\/span><\/span><\/div>\n<div class=\"detail-desc-decorate-richtext\" data-key=\"12\" data-spm-anchor-id=\"5261.product_publish.0.i14.1d454edfjM2f7r\"><span class=\"slate-node-text\" data-key=\"11\"><span data-offset-key=\"11:0\" data-spm-anchor-id=\"5261.product_publish.0.i12.1d454edfjM2f7r\">Enth\u00e4lt w\u00e4hrend der gesamten Saison Stickstoff, der f\u00fcr eine leuchtend gr\u00fcne Blattfarbe sorgt und ein Verbr\u00e4unen verhindert.<\/span><\/span><\/div>\n<div class=\"detail-desc-decorate-richtext\" data-key=\"14\"><\/div>\n<div class=\"detail-desc-decorate-richtext\" data-key=\"16\" data-spm-anchor-id=\"5261.product_publish.0.i19.1d454edfjM2f7r\"><span class=\"slate-node-text\" data-key=\"15\"><span data-offset-key=\"15:0\" data-spm-anchor-id=\"5261.product_publish.0.i17.1d454edfjM2f7r\">Hecken sollten schnell wachsen, damit sie sich schnell bilden und die gew\u00fcnschte Barrierewirkung erzielen.<\/span><\/span><\/div>\n<div class=\"detail-desc-decorate-richtext\" data-key=\"18\" data-spm-anchor-id=\"5261.product_publish.0.i20.1d454edfjM2f7r\"><\/div>\n<div class=\"detail-desc-decorate-richtext\" data-key=\"20\"><span class=\"slate-node-text\" data-key=\"19\"><span data-offset-key=\"19:0\">Auf schlechten B\u00f6den sollte die D\u00fcngung um 50 % erh\u00f6ht werden.<\/span><\/span><\/div>\n<\/div>\n<p>Organischer D\u00fcnger f\u00fcr Nadelb\u00e4ume mit spezieller Formulierung f\u00fcr Kiefern, Tannen, Thuja, Zypressen und Zedern. F\u00f6rdert das Wachstum von B\u00e4umen und Bl\u00e4ttern und sorgt f\u00fcr starke und gesunde B\u00e4ume. D\u00fcngemittel in Form von Mikrogranulaten mit langsamer und kontrollierter Freisetzung. \u00d6kologischer organischer D\u00fcnger mit NPK 8-1-5 74% M.O. und Humins\u00e4uren. Verbesserung der Wurzelentwicklung und N\u00e4hrstoffaufnahme der Pflanzen. 100% nat\u00fcrlich und unsch\u00e4dlich f\u00fcr Tiere und Pflanzen. Organischer Speziald\u00fcnger f\u00fcr Nadelb\u00e4ume und Hecken (Kiefern, Tannen, Zypressen und Thujen). 100% biologischer und nat\u00fcrlicher Ursprung mit hoher NPK-Konzentration.<\/p>\n","protected":false},"excerpt":{"rendered":"<ul class=\"a-unordered-list a-vertical a-spacing-mini\">\n<li><span class=\"a-list-item\">Spezielle Formulierung f\u00fcr Kiefer, Fichte, Tanne, Thuja, Zypresse und Zeder<\/span><\/li>\n<li><span class=\"a-list-item\">F\u00f6rdert das Wachstum von B\u00e4umen und Bl\u00e4ttern, sorgt f\u00fcr starke und gesunde B\u00e4ume<\/span><\/li>\n<li><span class=\"a-list-item\">Mikrogranulatd\u00fcnger mit langsamer und kontrollierter Freisetzung<\/span><\/li>\n<li><span class=\"a-list-item\">\u00d6kologischer organischer D\u00fcnger mit NPK 74% m.o. und Humins\u00e4uren, der die Wurzelentwicklung und N\u00e4hrstoffaufnahme der Pflanzen verbessert.<\/span><\/li>\n<li><span class=\"a-list-item\">100% nat\u00fcrlich und unsch\u00e4dlich f\u00fcr Tiere und Pflanzen.<\/span><\/li>\n<\/ul>\n","protected":false},"featured_media":12375,"comment_status":"open","ping_status":"closed","template":"","meta":{"_acf_changed":false},"product_brand":[],"product_cat":[333,331,358],"product_tag":[1414],"class_list":{"0":"post-17423","1":"product","2":"type-product","3":"status-publish","4":"has-post-thumbnail","6":"product_cat-dungemittel","7":"product_cat-feste-dungemittel","8":"product_cat-koniferen-und-hecken","9":"product_tag-caae-de","11":"first","12":"instock","13":"taxable","14":"shipping-taxable","15":"purchasable","16":"product-type-variable"},"acf":[],"_links":{"self":[{"href":"https:\/\/cultivers.es\/de\/wp-json\/wp\/v2\/product\/17423","targetHints":{"allow":["GET"]}}],"collection":[{"href":"https:\/\/cultivers.es\/de\/wp-json\/wp\/v2\/product"}],"about":[{"href":"https:\/\/cultivers.es\/de\/wp-json\/wp\/v2\/types\/product"}],"replies":[{"embeddable":true,"href":"https:\/\/cultivers.es\/de\/wp-json\/wp\/v2\/comments?post=17423"}],"wp:featuredmedia":[{"embeddable":true,"href":"https:\/\/cultivers.es\/de\/wp-json\/wp\/v2\/media\/12375"}],"wp:attachment":[{"href":"https:\/\/cultivers.es\/de\/wp-json\/wp\/v2\/media?parent=17423"}],"wp:term":[{"taxonomy":"product_brand","embeddable":true,"href":"https:\/\/cultivers.es\/de\/wp-json\/wp\/v2\/product_brand?post=17423"},{"taxonomy":"product_cat","embeddable":true,"href":"https:\/\/cultivers.es\/de\/wp-json\/wp\/v2\/product_cat?post=17423"},{"taxonomy":"product_tag","embeddable":true,"href":"https:\/\/cultivers.es\/de\/wp-json\/wp\/v2\/product_tag?post=17423"}],"curies":[{"name":"wp","href":"https:\/\/api.w.org\/{rel}","templated":true}]}}