{"id":17431,"date":"2021-10-22T12:12:42","date_gmt":"2021-10-22T12:12:42","guid":{"rendered":"https:\/\/cultivers.es\/abonos\/biologischer-tomatenduenger\/"},"modified":"2025-09-22T05:28:45","modified_gmt":"2025-09-22T05:28:45","slug":"kompost-okologische-tomaten","status":"publish","type":"product","link":"https:\/\/cultivers.es\/de\/d\u00fcngemittel\/kompost-okologische-tomaten\/","title":{"rendered":"Biologischer Tomatend\u00fcnger"},"content":{"rendered":"<p>Organischer Pflanzend\u00fcnger, mit Humins\u00e4uren und Kalium. Die Zufuhr von Humins\u00e4uren im Tomatenanbau bietet zahlreiche Vorteile.<\/p>\n<h3>Vorteile von mikrogranuliertem organischem Tomatend\u00fcnger<\/h3>\n<ul>\n<li>Verbessert das Wurzelsystem.<\/li>\n<li>F\u00f6rdert die Assimilation von Makro- und Mikron\u00e4hrstoffen.<\/li>\n<li>Kalium erh\u00f6ht Gr\u00f6\u00dfe, Farbe und Gewicht.<\/li>\n<\/ul>\n<h3>Herausragende Bestandteile von Tomatend\u00fcnger<\/h3>\n<p class=\"a-spacing-base\">Cultivers Bio-Tomatend\u00fcnger enth\u00e4lt:<\/p>\n<ul>\n<li class=\"a-spacing-base\">Hoher Anteil an organischen Stoffen<\/li>\n<li class=\"a-spacing-base\">Stickstoff<\/li>\n<li class=\"a-spacing-base\">Kalium<\/li>\n<li class=\"a-spacing-base\">Humins\u00e4uren und Fulvos\u00e4uren<\/li>\n<li class=\"a-spacing-base\">Verbesserte technische Merkmale<\/li>\n<li class=\"a-spacing-base\">Leicht aufzutragende Perlenform.<\/li>\n<\/ul>\n<h3>Vorteile des organischen Tomatend\u00fcngergranulats<\/h3>\n<p class=\"a-spacing-base\">Das gleichm\u00e4\u00dfige Granulat ist f\u00fcr die manuelle und maschinelle Ausbringung geeignet. Bei Kontakt mit dem Boden wird es schnell in den Boden eingearbeitet und hat eine L\u00f6slichkeit von 99 %. Es kann als Unter- und Oberd\u00fcngung eingesetzt werden.<\/p>\n<p class=\"a-spacing-base\">Das Verh\u00e4ltnis von Kohlenstoff zu Stickstoff erleichtert die Extraktion von Mineralien durch die Wurzeln und f\u00f6rdert die Population n\u00fctzlicher Bodenmikroorganismen, die Aggregate bilden und die Sauerstoffversorgung des Bodens erleichtern.<\/p>\n<p class=\"a-spacing-base\">Unser organischer Tomatend\u00fcnger laugt auch bei starken Regenf\u00e4llen nicht aus. Optimiert effizient das Verh\u00e4ltnis zwischen Boden und Mikroorganismen. Selbst bei schlechtem Wetter bildet er Aggregate, die die Sauerstoffversorgung des Bodens f\u00f6rdern.<\/p>\n","protected":false},"excerpt":{"rendered":"<p>Granulierter organischer Tomatend\u00fcnger:<\/p>\n<ul class=\"a-unordered-list a-vertical a-spacing-mini\">\n<li><span class=\"a-list-item\">Stimuliert das Wachstum und erh\u00f6ht die Produktivit\u00e4t der Pflanzen. St\u00e4rkt die Widerstandsf\u00e4higkeit gegen Krankheiten.<\/span><\/li>\n<li><span class=\"a-list-item\">Dosis: 5 Gramm Pflanze. Verbessert die Entwicklung der Pflanzenwurzeln und die Aufnahme von N\u00e4hrstoffen.<\/span><\/li>\n<li><span class=\"a-list-item\">Organischer D\u00fcnger in Form von Mikrogranulaten mit langsamer und kontrollierter Freisetzung.<\/span><\/li>\n<li><span class=\"a-list-item\">\u00d6kologischer organischer D\u00fcnger mit NPK, organischem Material und Mikroelementen.<\/span><\/li>\n<li><span class=\"a-list-item\">100% nat\u00fcrlich und unsch\u00e4dlich f\u00fcr Tiere und Pflanzen.<\/span><\/li>\n<\/ul>\n","protected":false},"featured_media":11767,"comment_status":"open","ping_status":"closed","template":"","meta":{"_acf_changed":false},"product_brand":[],"product_cat":[333,331,359],"product_tag":[1414],"class_list":{"0":"post-17431","1":"product","2":"type-product","3":"status-publish","4":"has-post-thumbnail","6":"product_cat-dungemittel","7":"product_cat-feste-dungemittel","8":"product_cat-tomaten","9":"product_tag-caae-de","11":"first","12":"instock","13":"taxable","14":"shipping-taxable","15":"purchasable","16":"product-type-variable"},"acf":[],"_links":{"self":[{"href":"https:\/\/cultivers.es\/de\/wp-json\/wp\/v2\/product\/17431","targetHints":{"allow":["GET"]}}],"collection":[{"href":"https:\/\/cultivers.es\/de\/wp-json\/wp\/v2\/product"}],"about":[{"href":"https:\/\/cultivers.es\/de\/wp-json\/wp\/v2\/types\/product"}],"replies":[{"embeddable":true,"href":"https:\/\/cultivers.es\/de\/wp-json\/wp\/v2\/comments?post=17431"}],"wp:featuredmedia":[{"embeddable":true,"href":"https:\/\/cultivers.es\/de\/wp-json\/wp\/v2\/media\/11767"}],"wp:attachment":[{"href":"https:\/\/cultivers.es\/de\/wp-json\/wp\/v2\/media?parent=17431"}],"wp:term":[{"taxonomy":"product_brand","embeddable":true,"href":"https:\/\/cultivers.es\/de\/wp-json\/wp\/v2\/product_brand?post=17431"},{"taxonomy":"product_cat","embeddable":true,"href":"https:\/\/cultivers.es\/de\/wp-json\/wp\/v2\/product_cat?post=17431"},{"taxonomy":"product_tag","embeddable":true,"href":"https:\/\/cultivers.es\/de\/wp-json\/wp\/v2\/product_tag?post=17431"}],"curies":[{"name":"wp","href":"https:\/\/api.w.org\/{rel}","templated":true}]}}