{"id":17450,"date":"2021-10-22T12:12:43","date_gmt":"2021-10-22T12:12:43","guid":{"rendered":"https:\/\/cultivers.es\/abonos\/organischer-universal-pflanzenduenger\/"},"modified":"2025-09-22T05:13:25","modified_gmt":"2025-09-22T05:13:25","slug":"universal-okologischer-dunger","status":"publish","type":"product","link":"https:\/\/cultivers.es\/de\/d\u00fcngemittel\/universal-okologischer-dunger\/","title":{"rendered":"Organischer Universal-Pflanzend\u00fcnger"},"content":{"rendered":"<p>[et_pb_section bb_built=&#8220;1&#8243;][et_pb_row][et_pb_column type=&#8220;4_4&#8243;][et_pb_text]<\/p>\n<p class=\"a-spacing-base\">Abono Plantas Universal Ecol\u00f3gico. Abono orga\u0301nico de origen vegetal para aplicar al suelo para todo tipo de plantas. Contiene una alta cantidad de materia orga\u0301nica, nitro\u0301geno, potasio, a\u0301cidos hu\u0301micos y fu\u0301lvicos.<\/p>\n<p class=\"a-spacing-base\">Esta fabricado con unas caracteri\u0301sticas tecnolo\u0301gicas mejoradas, en forma perlada de fa\u0301cil aplicacio\u0301n. Se incorpora r\u00e1pidamente al suelo.<\/p>\n<p class=\"a-spacing-base\">Abono Plantas Universal Ecol\u00f3gico incorpora nitro\u0301geno y potasio, contiene <a href=\"https:\/\/cultivers.es\/de\/abonos-ecologicos\/dungemittel\/huminsauren\/\">A\u0301CIDOS HU\u0301MICOS<\/a> de gran calidad que mejoran la estructura del suelo.<\/p>\n<p class=\"a-spacing-base\">La relacio\u0301n de carbono y nitro\u0301geno facilita la extraccio\u0301n de minerales por las rai\u0301ces, y mejora la poblacio\u0301n de microorganismos bene\u0301ficos del suelo, formando agregados y facilitando la oxigenacio\u0301n de los suelos.<\/p>\n<p class=\"a-spacing-base\">No se lixivia en caso de fuertes lluvias. Es un producto estable que optimiza la relacio\u0301n suelo-microorganismos de forma eficiente. Incluso con inclemencias clima\u0301ticas, forma agregados, facilitando la oxigenacio\u0301n de los suelo<\/p>\n<p>[\/et_pb_text][\/et_pb_column][\/et_pb_row][\/et_pb_section]<\/p>\n","protected":false},"excerpt":{"rendered":"<ul class=\"a-unordered-list a-vertical a-spacing-mini\">\n<li><span class=\"a-list-item\">Organischer D\u00fcnger f\u00fcr alle Arten von Innen- und Au\u00dfenpflanzen<\/span><\/li>\n<li><span class=\"a-list-item\">D\u00fcnger f\u00fcr alle Arten von Pflanzen pflanzlichen Ursprungs, der entwickelt wurde, um die gesamte Pflanzenern\u00e4hrung zu gew\u00e4hrleisten.<\/span><\/li>\n<li><span class=\"a-list-item\">Wachstums- und Bl\u00fchstimulator f\u00fcr Pflanzen<\/span><\/li>\n<li><span class=\"a-list-item\">Leicht absorbierbarer D\u00fcnger und verbesserte Boden- oder Blumenerde-Struktur, die die Fl\u00fcssigkeitsbindung f\u00f6rdert und Wasser spart.<\/span><\/li>\n<li><span class=\"a-list-item\">Produziert keinen Geruch<\/span><\/li>\n<\/ul>\n","protected":false},"featured_media":11719,"comment_status":"open","ping_status":"closed","template":"","meta":{"_acf_changed":false},"product_brand":[],"product_cat":[333,331],"product_tag":[1414],"class_list":{"0":"post-17450","1":"product","2":"type-product","3":"status-publish","4":"has-post-thumbnail","6":"product_cat-dungemittel","7":"product_cat-feste-dungemittel","8":"product_tag-caae-de","10":"first","11":"instock","12":"taxable","13":"shipping-taxable","14":"purchasable","15":"product-type-variable"},"acf":[],"_links":{"self":[{"href":"https:\/\/cultivers.es\/de\/wp-json\/wp\/v2\/product\/17450","targetHints":{"allow":["GET"]}}],"collection":[{"href":"https:\/\/cultivers.es\/de\/wp-json\/wp\/v2\/product"}],"about":[{"href":"https:\/\/cultivers.es\/de\/wp-json\/wp\/v2\/types\/product"}],"replies":[{"embeddable":true,"href":"https:\/\/cultivers.es\/de\/wp-json\/wp\/v2\/comments?post=17450"}],"wp:featuredmedia":[{"embeddable":true,"href":"https:\/\/cultivers.es\/de\/wp-json\/wp\/v2\/media\/11719"}],"wp:attachment":[{"href":"https:\/\/cultivers.es\/de\/wp-json\/wp\/v2\/media?parent=17450"}],"wp:term":[{"taxonomy":"product_brand","embeddable":true,"href":"https:\/\/cultivers.es\/de\/wp-json\/wp\/v2\/product_brand?post=17450"},{"taxonomy":"product_cat","embeddable":true,"href":"https:\/\/cultivers.es\/de\/wp-json\/wp\/v2\/product_cat?post=17450"},{"taxonomy":"product_tag","embeddable":true,"href":"https:\/\/cultivers.es\/de\/wp-json\/wp\/v2\/product_tag?post=17450"}],"curies":[{"name":"wp","href":"https:\/\/api.w.org\/{rel}","templated":true}]}}