{"id":17532,"date":"2021-10-22T12:12:46","date_gmt":"2021-10-22T12:12:46","guid":{"rendered":"https:\/\/cultivers.es\/abonos\/oekologischer-fluessigduenger-fuer-rasen\/"},"modified":"2025-09-22T05:01:33","modified_gmt":"2025-09-22T05:01:33","slug":"okologischer-flussig-rasendunger","status":"publish","type":"product","link":"https:\/\/cultivers.es\/de\/d\u00fcngemittel\/okologischer-flussig-rasendunger\/","title":{"rendered":"\u00d6kologischer Fl\u00fcssigd\u00fcnger f\u00fcr Rasen"},"content":{"rendered":"<p>Organic Liquid Lawn Fertiliser ist ein fl\u00fcssiger organischer D\u00fcnger, der f\u00fcr die ganzj\u00e4hrige N\u00e4hrstoffversorgung entwickelt wurde. Sowohl im Winter als auch im Sommer. Es enth\u00e4lt <a href=\"https:\/\/cultivers.es\/de\/abonos\/eisenchelat\/\">Eisenchelat<\/a>, um das intensive Gr\u00fcn und die Aminos\u00e4uren zu erhalten, die das Wachstum des Grases trotz widriger Wetterbedingungen, Hitze oder K\u00e4lte f\u00f6rdern. Es ist ein perfekter D\u00fcnger, der das ganze Jahr \u00fcber in unseren G\u00e4rten verwendet werden kann.<\/p>\n","protected":false},"excerpt":{"rendered":"<ul class=\"a-unordered-list a-vertical a-spacing-mini\">\n<li><span class=\"a-list-item\">Organischer Spezial-Fl\u00fcssigd\u00fcnger f\u00fcr Rasen Gr\u00fcnere, kr\u00e4ftigere und dichtere Rasenfl\u00e4chen. Verursacht keine Verbrennungen.<\/span><\/li>\n<li><span class=\"a-list-item\">Optimale Ausgewogenheit der f\u00fcr die vegetative Entwicklung wichtigen N\u00e4hrstoffe.<\/span><\/li>\n<li><span class=\"a-list-item\">NPK 4-1-7 L\u00f6sung. Kombinierte Versorgung mit Makron\u00e4hrstoffen (Stickstoff, Phosphor und Kalium) und Mikron\u00e4hrstoffen (Bor, Calcium, Eisen, Magnesium, Molybd\u00e4n und Zink) f\u00fcr eine vollst\u00e4ndigere und ausgewogenere Ern\u00e4hrung. Aminos\u00e4uren f\u00f6rdern die Assimilation der Elemente und verleihen ihm eine biostimulierende Wirkung.<\/span><\/li>\n<li><span class=\"a-list-item\">Erleichtert die Entwicklung der Pflanze in Stresssituationen und erm\u00f6glicht eine bessere Erholung.<\/span><\/li>\n<li><span class=\"a-list-item\">Das Produkt ist 100% nat\u00fcrlich und unsch\u00e4dlich f\u00fcr Tiere, umweltfreundlich.<\/span><\/li>\n<\/ul>\n","protected":false},"featured_media":27198,"comment_status":"open","ping_status":"closed","template":"","meta":{"_acf_changed":false},"product_brand":[],"product_cat":[333,384,334],"product_tag":[1414],"class_list":{"0":"post-17532","1":"product","2":"type-product","3":"status-publish","4":"has-post-thumbnail","6":"product_cat-dungemittel","7":"product_cat-flussigdunger","8":"product_cat-rasen","9":"product_tag-caae-de","11":"first","12":"instock","13":"taxable","14":"shipping-taxable","15":"purchasable","16":"product-type-variable"},"acf":[],"_links":{"self":[{"href":"https:\/\/cultivers.es\/de\/wp-json\/wp\/v2\/product\/17532","targetHints":{"allow":["GET"]}}],"collection":[{"href":"https:\/\/cultivers.es\/de\/wp-json\/wp\/v2\/product"}],"about":[{"href":"https:\/\/cultivers.es\/de\/wp-json\/wp\/v2\/types\/product"}],"replies":[{"embeddable":true,"href":"https:\/\/cultivers.es\/de\/wp-json\/wp\/v2\/comments?post=17532"}],"wp:featuredmedia":[{"embeddable":true,"href":"https:\/\/cultivers.es\/de\/wp-json\/wp\/v2\/media\/27198"}],"wp:attachment":[{"href":"https:\/\/cultivers.es\/de\/wp-json\/wp\/v2\/media?parent=17532"}],"wp:term":[{"taxonomy":"product_brand","embeddable":true,"href":"https:\/\/cultivers.es\/de\/wp-json\/wp\/v2\/product_brand?post=17532"},{"taxonomy":"product_cat","embeddable":true,"href":"https:\/\/cultivers.es\/de\/wp-json\/wp\/v2\/product_cat?post=17532"},{"taxonomy":"product_tag","embeddable":true,"href":"https:\/\/cultivers.es\/de\/wp-json\/wp\/v2\/product_tag?post=17532"}],"curies":[{"name":"wp","href":"https:\/\/api.w.org\/{rel}","templated":true}]}}