{"id":17563,"date":"2021-10-22T12:12:47","date_gmt":"2021-10-22T12:12:47","guid":{"rendered":"https:\/\/cultivers.es\/abonos\/kraft-boden\/"},"modified":"2025-09-22T04:57:21","modified_gmt":"2025-09-22T04:57:21","slug":"kraft-boden","status":"publish","type":"product","link":"https:\/\/cultivers.es\/de\/d\u00fcngemittel\/kraft-boden\/","title":{"rendered":"Kraft Boden"},"content":{"rendered":"<div class=\"page\" title=\"Seite 1\">\n<div class=\"section\">\n<div class=\"layoutArea\">\n<div class=\"column\">\n<p>Pflanzen synthetisieren Aminos\u00e4uren aus Stickstoff, der in Form von Nitrat oder Ammonium aufgenommen wird. Neben ihrer strukturellen Funktion sind sie f\u00fcr die biochemischen Prozesse in der Pflanze unentbehrlich, denn sie sind Teil der Zusammensetzung von Enzymen, Hormonen und verschiedenen Verbindungen, die an der Verteidigung und Immunit\u00e4t beteiligt sind.<\/p>\n<p>FORCE-SOIL ist eine fl\u00fcssige Formulierung nat\u00fcrlichen Ursprungs mit einer hohen Konzentration an organischen Aminos\u00e4uren, die durch enzymatische Hydrolyse gewonnen und durch organische Stoffe erg\u00e4nzt werden.<br \/>\nEs hat eine Konzentration von 42% organischer Stoffe pflanzlichen Ursprungs mit einer Konzentration von Glycin\/Betain von 10%, was die osmoregulierenden Eigenschaften der Pflanze verbessert und durch \u00e4u\u00dfere Einfl\u00fcsse (biotisch und abiotisch) verursachte Stressepisoden reduziert. Es f\u00f6rdert reiche Ernten, indem es die Wasser- und N\u00e4hrstoffspeicherf\u00e4higkeit verbessert.<\/p>\n<p>Es kann w\u00e4hrend des gesamten Vegetationszyklus der Pflanzen angewendet werden, um die physikalisch-chemischen Eigenschaften des Bodens zu verbessern, die Kationenaustauschkapazit\u00e4t zu optimieren und eine bessere Wurzelentwicklung zu f\u00f6rdern.<\/p>\n<p>Seine st\u00e4ndige Anwendung verbessert die Fruchtbarkeit des Bodens und reduziert gleichzeitig das Vorhandensein von blockierenden Elementen. Dies erleichtert ihre Aufnahme durch die Pflanze und vermeidet m\u00f6gliche Antagonismen.<\/p>\n<\/div>\n<\/div>\n<\/div>\n<\/div>\n","protected":false},"excerpt":{"rendered":"<ul class=\"a-unordered-list a-vertical a-spacing-mini\">\n<li><span class=\"a-list-item\">Hochkonzentrierte 50%ige organische Substanz pflanzlichen Ursprungs zur Verbesserung der Bodeneigenschaften.<\/span><\/li>\n<li><span class=\"a-list-item\">FORCE-SOIL f\u00f6rdert die mikrobielle Aktivit\u00e4t im Boden, indem es die Verf\u00fcgbarkeit von N\u00e4hrstoffen erleichtert.<\/span><\/li>\n<li><span class=\"a-list-item\">erh\u00f6ht die Bodenfruchtbarkeit, verbessert die Bodenbedingungen, verbessert die Wechselwirkungen zwischen Boden und Pflanze<\/span><\/li>\n<li><span class=\"a-list-item\">FORCE SOIL kann w\u00e4hrend der gesamten Vegetationsperiode angewendet werden, um die physikalisch-chemischen Eigenschaften des Bodens zu verbessern,<\/span><\/li>\n<li><span class=\"a-list-item\">Aufgrund seiner ausgewogenen Formulierung und seines leicht sauren Charakters ist er ideal f\u00fcr den Einsatz in alkalischen B\u00f6den.<\/span><\/li>\n<\/ul>\n","protected":false},"featured_media":11539,"comment_status":"open","ping_status":"closed","template":"","meta":{"_acf_changed":false},"product_brand":[],"product_cat":[396],"product_tag":[],"woo-feed-brand":[],"class_list":{"0":"post-17563","1":"product","2":"type-product","3":"status-publish","4":"has-post-thumbnail","6":"product_cat-bodenregeneratoren","8":"first","9":"instock","10":"taxable","11":"shipping-taxable","12":"purchasable","13":"product-type-variable"},"acf":[],"_links":{"self":[{"href":"https:\/\/cultivers.es\/de\/wp-json\/wp\/v2\/product\/17563","targetHints":{"allow":["GET"]}}],"collection":[{"href":"https:\/\/cultivers.es\/de\/wp-json\/wp\/v2\/product"}],"about":[{"href":"https:\/\/cultivers.es\/de\/wp-json\/wp\/v2\/types\/product"}],"replies":[{"embeddable":true,"href":"https:\/\/cultivers.es\/de\/wp-json\/wp\/v2\/comments?post=17563"}],"wp:featuredmedia":[{"embeddable":true,"href":"https:\/\/cultivers.es\/de\/wp-json\/wp\/v2\/media\/11539"}],"wp:attachment":[{"href":"https:\/\/cultivers.es\/de\/wp-json\/wp\/v2\/media?parent=17563"}],"wp:term":[{"taxonomy":"product_brand","embeddable":true,"href":"https:\/\/cultivers.es\/de\/wp-json\/wp\/v2\/product_brand?post=17563"},{"taxonomy":"product_cat","embeddable":true,"href":"https:\/\/cultivers.es\/de\/wp-json\/wp\/v2\/product_cat?post=17563"},{"taxonomy":"product_tag","embeddable":true,"href":"https:\/\/cultivers.es\/de\/wp-json\/wp\/v2\/product_tag?post=17563"},{"taxonomy":"woo-feed-brand","embeddable":true,"href":"https:\/\/cultivers.es\/de\/wp-json\/wp\/v2\/woo-feed-brand?post=17563"}],"curies":[{"name":"wp","href":"https:\/\/api.w.org\/{rel}","templated":true}]}}