{"id":17640,"date":"2023-09-06T11:05:16","date_gmt":"2023-09-06T11:05:16","guid":{"rendered":"https:\/\/cultivers.es\/abonos\/gruenkohl-nero-di-toscana-bio-gruenkohlsamen\/"},"modified":"2025-09-22T05:05:35","modified_gmt":"2025-09-22T05:05:35","slug":"saatgut-von-kohl-nero-di-toskana-okologisch","status":"publish","type":"product","link":"https:\/\/cultivers.es\/de\/d\u00fcngemittel\/saatgut-von-kohl-nero-di-toskana-okologisch\/","title":{"rendered":"Gr\u00fcnkohl Nero di Toscana Biologisch-dynamische Demeter Gr\u00fcnkohlsamen"},"content":{"rendered":"","protected":false},"excerpt":{"rendered":"<p>Z\u00fcchten Sie eine geschichtstr\u00e4chtige und n\u00e4hrstoffreiche Sorte mit unseren Demeter Bio Nero di Toscana Gr\u00fcnkohl Samen. Diese italienische Sorte ist auch als Schwarzkohl oder &#8222;Dinosaurierkohl&#8220; bekannt und zeichnet sich durch ihre langen, dunkelgr\u00fcnen Bl\u00e4tter und ihren milden, k\u00f6stlichen Geschmack aus. Der Nero di Toscana Gr\u00fcnkohl eignet sich perfekt f\u00fcr Eint\u00f6pfe, Pfannengerichte und Salate und ist ideal f\u00fcr alle, die ein Superfood in ihre t\u00e4gliche Ern\u00e4hrung integrieren m\u00f6chten. Mit der Demeter-Zertifizierung k\u00f6nnen Sie sicher sein, dass Sie auf nachhaltige und umweltfreundliche Weise anbauen.   <\/p>\n<ul>\n<li><strong>Dunkle und strukturierte Bl\u00e4tter:<\/strong> Diese Gr\u00fcnkohlsorte produziert lange, schmale, tief dunkelgr\u00fcne Bl\u00e4tter mit einer leicht rauen Textur, die ideal f\u00fcr Pfannengerichte, Suppen, Eint\u00f6pfe oder Gr\u00fcnkohlchips sind.<\/li>\n<li><strong>Milder und vielseitiger Geschmack:<\/strong> Der Nero di Toscana-Kohl hat einen milden und angenehmen Geschmack mit einer leicht s\u00fc\u00dfen Note, was ihn zu einer ausgezeichneten Wahl f\u00fcr zahlreiche Gerichte macht. Seine Bl\u00e4tter werden nach dem ersten Frost noch zarter und s\u00fc\u00dfer. <\/li>\n<li><strong>Reich an N\u00e4hrstoffen:<\/strong> Gr\u00fcnkohl ist wegen seiner hohen Konzentration an N\u00e4hrstoffen als Superfood bekannt. Diese Sorte ist reich an den Vitaminen A, C und K sowie an Kalzium, Ballaststoffen und Antioxidantien und tr\u00e4gt damit zu einer gesunden und ausgewogenen Ern\u00e4hrung bei. <\/li>\n<li><strong>Widerstandsf\u00e4hig und leicht anzubauen:<\/strong> Der Nero di Toscana-Kohl ist widerstandsf\u00e4hig gegen niedrige Temperaturen und leicht anzubauen, was ihn ideal f\u00fcr l\u00e4ngere Ernten in den kalten Monaten macht. Er ist f\u00fcr G\u00e4rtner aller Niveaus geeignet. <\/li>\n<li><strong>Demeter-Zertifizierung:<\/strong> Unser Saatgut ist Demeter-zertifiziert, was garantiert, dass es nach den Prinzipien der biologisch-dynamischen Landwirtschaft angebaut wurde, die die nat\u00fcrlichen Kreisl\u00e4ufe des Bodens respektiert und ein gesundes Gleichgewicht im \u00d6kosystem f\u00f6rdert.<\/li>\n<li><strong>Biologischer Anbau:<\/strong> Das Saatgut ist zu 100% biologisch, frei von Pestiziden und Chemikalien und stellt sicher, dass Ihre Pflanzen auf gesunde und nachhaltige Weise wachsen.<\/li>\n<\/ul>\n<p>Bringen Sie einen Hauch von Tradition und Gesundheit in Ihren Garten mit den Demeter Bio Nero di Toscana Gr\u00fcnkohl Samen. Genie\u00dfen Sie dieses vielseitige und einfach anzubauende Superfood und f\u00f6rdern Sie gleichzeitig den nachhaltigen und biologischen Anbau - bestellen Sie noch heute und ernten Sie diesen nahrhaften und k\u00f6stlichen Gr\u00fcnkohl direkt in Ihrem Garten!  <\/p>\n","protected":false},"featured_media":50063,"comment_status":"open","ping_status":"closed","template":"","meta":{"_acf_changed":false},"product_brand":[],"product_cat":[423,419,1304],"product_tag":[1384],"class_list":{"0":"post-17640","1":"product","2":"type-product","3":"status-publish","4":"has-post-thumbnail","6":"product_cat-bio-brassica-saatgut","7":"product_cat-bio-saatgut","8":"product_cat-demeter-samen","9":"product_tag-demeter-de","11":"first","12":"instock","13":"taxable","14":"shipping-taxable","15":"purchasable","16":"product-type-simple"},"acf":[],"_links":{"self":[{"href":"https:\/\/cultivers.es\/de\/wp-json\/wp\/v2\/product\/17640","targetHints":{"allow":["GET"]}}],"collection":[{"href":"https:\/\/cultivers.es\/de\/wp-json\/wp\/v2\/product"}],"about":[{"href":"https:\/\/cultivers.es\/de\/wp-json\/wp\/v2\/types\/product"}],"replies":[{"embeddable":true,"href":"https:\/\/cultivers.es\/de\/wp-json\/wp\/v2\/comments?post=17640"}],"wp:featuredmedia":[{"embeddable":true,"href":"https:\/\/cultivers.es\/de\/wp-json\/wp\/v2\/media\/50063"}],"wp:attachment":[{"href":"https:\/\/cultivers.es\/de\/wp-json\/wp\/v2\/media?parent=17640"}],"wp:term":[{"taxonomy":"product_brand","embeddable":true,"href":"https:\/\/cultivers.es\/de\/wp-json\/wp\/v2\/product_brand?post=17640"},{"taxonomy":"product_cat","embeddable":true,"href":"https:\/\/cultivers.es\/de\/wp-json\/wp\/v2\/product_cat?post=17640"},{"taxonomy":"product_tag","embeddable":true,"href":"https:\/\/cultivers.es\/de\/wp-json\/wp\/v2\/product_tag?post=17640"}],"curies":[{"name":"wp","href":"https:\/\/api.w.org\/{rel}","templated":true}]}}