{"id":17652,"date":"2023-09-06T11:06:57","date_gmt":"2023-09-06T11:06:57","guid":{"rendered":"https:\/\/cultivers.es\/abonos\/bio-ruebengruen-samen\/"},"modified":"2025-09-22T05:11:41","modified_gmt":"2025-09-22T05:11:41","slug":"ruben-gandra-saatgut-okologie","status":"publish","type":"product","link":"https:\/\/cultivers.es\/de\/d\u00fcngemittel\/ruben-gandra-saatgut-okologie\/","title":{"rendered":"R\u00fcbengr\u00fcn Samen"},"content":{"rendered":"","protected":false},"excerpt":{"rendered":"<div class=\"\">\n<article class=\"w-full scroll-mb-[var(--thread-trailing-height,150px)] text-token-text-primary focus-visible:outline-2 focus-visible:outline-offset-[-4px]\" dir=\"auto\" data-testid=\"conversation-turn-621\" data-scroll-anchor=\"true\">\n<div class=\"group\/conversation-turn relative flex w-full min-w-0 flex-col agent-turn\">\n<div class=\"flex-col gap-1 md:gap-3\">\n<div class=\"flex max-w-full flex-col flex-grow\">\n<div class=\"min-h-8 text-message flex w-full flex-col items-end gap-2 whitespace-normal break-words text-start [.text-message+&amp;]:mt-5\" dir=\"auto\" data-message-author-role=\"assistant\" data-message-id=\"9eb16f9b-6d94-4350-b70d-47ee6fd1aab0\" data-message-model-slug=\"gpt-4o\">\n<div class=\"flex w-full flex-col gap-1 empty:hidden first:pt-[3px]\">\n<div class=\"markdown prose w-full break-words dark:prose-invert light\">\n<p><strong>Steckr\u00fcbe Gandra<\/strong> (<em>Brassica rapa var. rapa <\/em>) ist eine traditionelle Sorte, die in der Gastronomie wegen ihres <strong>milden und leicht s\u00fc\u00dfen Geschmacks<\/strong> und ihrer Vielseitigkeit in der K\u00fcche sehr gesch\u00e4tzt wird. Sie produziert <strong>runde<\/strong> und zarte <strong>Wurzeln<\/strong>, die sich ideal zum Kochen, f\u00fcr Eint\u00f6pfe, P\u00fcrees oder Braten eignen, sowie essbare Bl\u00e4tter, die perfekt f\u00fcr Suppen und Pfannengerichte sind. Diese R\u00fcbe ist widerstandsf\u00e4hig und leicht anzubauen, was sie zu einer ausgezeichneten Wahl f\u00fcr jeden <strong>Gem\u00fcsegarten<\/strong> macht.  <\/p>\n<p><strong>Zarte und schmackhafte Wurzeln:<\/strong> Die Gandra-R\u00fcbe zeichnet sich durch ihre weiche Textur und ihren ausgewogenen Geschmack aus und eignet sich f\u00fcr viele kulinarische Zubereitungen.<\/p>\n<p><strong>Essbare und nahrhafte Bl\u00e4tter:<\/strong> Die Bl\u00e4tter dieser Sorte sind ebenfalls k\u00f6stlich, reich an N\u00e4hrstoffen und eignen sich hervorragend zum Einarbeiten in Suppen, Br\u00fchen oder als Beilage.<\/p>\n<p><strong>Schnellwachsend:<\/strong> Mit einer kurzen Wachstumsperiode erm\u00f6glicht diese Sorte schnelle und kontinuierliche Ernten, ideal um den Garten das ganze Jahr \u00fcber aktiv zu halten.<\/p>\n<p><strong>Reich an N\u00e4hrstoffen:<\/strong> Nat\u00fcrliche Quelle der Vitamine A, C, K und Mineralien wie Kalzium und Eisen, die zu einer gesunden und ausgewogenen Ern\u00e4hrung beitragen.<\/p>\n<p><strong>Einfacher Anbau:<\/strong> Passt sich gut an verschiedene Bodentypen und Klimazonen an, ist winterhart und f\u00fcr Anf\u00e4nger und erfahrene G\u00e4rtner geeignet.<\/p>\n<p><strong>Biologischer Anbau:<\/strong> Unser Saatgut ist <strong>zu 100% biologisch<\/strong>, frei von Pestiziden und chemischen D\u00fcngemitteln und f\u00f6rdert einen nachhaltigen und umweltfreundlichen Anbau.<\/p>\n<p>Bauen Sie die <strong>Bio-Gandra-R\u00fcbe<\/strong> in Ihrem <strong>Garten<\/strong> an und genie\u00dfen Sie eine traditionelle Sorte, die Geschmack, Vielseitigkeit und einfache Kultivierung vereint. Bestellen Sie noch heute und ernten Sie frische und gesunde R\u00fcben in Ihrem Gr\u00fcnraum! <\/p>\n<\/div>\n<\/div>\n<\/div>\n<\/div>\n<div class=\"mb-2 flex gap-3 empty:hidden -ml-2\">\n<div class=\"items-center justify-start rounded-xl p-1 flex\"><\/div>\n<\/div>\n<\/div>\n<\/div>\n<\/article>\n<\/div>\n<div>\n<div class=\"_footer_1nw4i_363\">\n<div class=\"z-10 flex flex-col gap-bar\" data-testid=\"bar-container-default\">\n<div class=\"grid gap-bar _primary_sbmq2_45 bottom-[var(--screen-keyboard-bottom,env(keyboard-inset-bottom,0px))]\" data-testid=\"bar-composer-bar\"><\/div>\n<\/div>\n<\/div>\n<\/div>\n","protected":false},"featured_media":17060,"comment_status":"open","ping_status":"closed","template":"","meta":{"_acf_changed":false},"product_brand":[],"product_cat":[419,433],"product_tag":[],"woo-feed-brand":[],"class_list":{"0":"post-17652","1":"product","2":"type-product","3":"status-publish","4":"has-post-thumbnail","6":"product_cat-bio-saatgut","7":"product_cat-bio-wurzelsaatgut","9":"first","10":"outofstock","11":"taxable","12":"shipping-taxable","13":"purchasable","14":"product-type-simple"},"acf":[],"_links":{"self":[{"href":"https:\/\/cultivers.es\/de\/wp-json\/wp\/v2\/product\/17652","targetHints":{"allow":["GET"]}}],"collection":[{"href":"https:\/\/cultivers.es\/de\/wp-json\/wp\/v2\/product"}],"about":[{"href":"https:\/\/cultivers.es\/de\/wp-json\/wp\/v2\/types\/product"}],"replies":[{"embeddable":true,"href":"https:\/\/cultivers.es\/de\/wp-json\/wp\/v2\/comments?post=17652"}],"wp:featuredmedia":[{"embeddable":true,"href":"https:\/\/cultivers.es\/de\/wp-json\/wp\/v2\/media\/17060"}],"wp:attachment":[{"href":"https:\/\/cultivers.es\/de\/wp-json\/wp\/v2\/media?parent=17652"}],"wp:term":[{"taxonomy":"product_brand","embeddable":true,"href":"https:\/\/cultivers.es\/de\/wp-json\/wp\/v2\/product_brand?post=17652"},{"taxonomy":"product_cat","embeddable":true,"href":"https:\/\/cultivers.es\/de\/wp-json\/wp\/v2\/product_cat?post=17652"},{"taxonomy":"product_tag","embeddable":true,"href":"https:\/\/cultivers.es\/de\/wp-json\/wp\/v2\/product_tag?post=17652"},{"taxonomy":"woo-feed-brand","embeddable":true,"href":"https:\/\/cultivers.es\/de\/wp-json\/wp\/v2\/woo-feed-brand?post=17652"}],"curies":[{"name":"wp","href":"https:\/\/api.w.org\/{rel}","templated":true}]}}