{"id":17654,"date":"2023-09-18T09:02:29","date_gmt":"2023-09-18T09:02:29","guid":{"rendered":"https:\/\/cultivers.es\/abonos\/bio-samen-corno-di-toro-rosso\/"},"modified":"2026-02-17T18:40:19","modified_gmt":"2026-02-17T18:40:19","slug":"saatgut-von-korn-di-toro-rosso-okologisch-okologisch","status":"publish","type":"product","link":"https:\/\/cultivers.es\/de\/d\u00fcngemittel\/saatgut-von-korn-di-toro-rosso-okologisch-okologisch\/","title":{"rendered":"Corno di Toro Roter Paprika Saatgut"},"content":{"rendered":"","protected":false},"excerpt":{"rendered":"<p>Die <strong>rote Corno di Toro-Paprika<\/strong><em>(Capsicum annuum<\/em>), die wegen ihrer l\u00e4nglichen und gebogenen Form auch als &#8218;Stierhorn&#8216; bekannt ist, ist eine traditionelle italienische Sorte, die f\u00fcr ihren <strong>s\u00fc\u00dfen Geschmack<\/strong> und ihre fleischige Textur gesch\u00e4tzt wird. Mit ihrer leuchtend roten Farbe im reifen Zustand ist diese Paprika ideal f\u00fcr den Frischverzehr in Salaten, gebraten, gef\u00fcllt oder in Eint\u00f6pfen. Sie ist eine ertragreiche und widerstandsf\u00e4hige Pflanze, perfekt f\u00fcr den <strong>Garten<\/strong> und f\u00fcr den Genuss von Paprika von au\u00dfergew\u00f6hnlicher Qualit\u00e4t.  <\/p>\n<p><strong>Attraktive l\u00e4ngliche Form:<\/strong> Produziert gro\u00dfe Fr\u00fcchte mit einer L\u00e4nge von bis zu 20 cm und einer l\u00e4nglichen, geschwungenen Form, die an ein Stierhorn erinnert. Ideal f\u00fcr die kulinarische und dekorative Verwendung im Obstgarten.<\/p>\n<p><strong>S\u00fc\u00dfer und milder Geschmack:<\/strong> Das fleischige und saftige Fruchtfleisch hat einen s\u00fc\u00dfen und ausgewogenen Geschmack, perfekt f\u00fcr frische oder gekochte Rezepte.<\/p>\n<p><strong>Hohe Produktivit\u00e4t:<\/strong> Diese Sorte bietet w\u00e4hrend der gesamten Saison reiche Ernten und sorgt f\u00fcr eine kontinuierliche Produktion von Qualit\u00e4tsfr\u00fcchten.<\/p>\n<p><strong>Vielseitiger Einsatz in der K\u00fcche:<\/strong> Ideal zum Grillen, F\u00fcllen, Sautieren oder als Salatbeilage, die jedem Gericht Farbe und Geschmack verleiht.<\/p>\n<p><strong>Reich an N\u00e4hrstoffen:<\/strong> Als nat\u00fcrliche Quelle von Vitamin C, Antioxidantien und essentiellen Mineralien ist Paprika ein gesundes und nahrhaftes Lebensmittel.<\/p>\n<p><strong>Einfacher Anbau:<\/strong> Diese an verschiedene Klimazonen und B\u00f6den angepasste Pflanze ist widerstandsf\u00e4hig und pflegeleicht und f\u00fcr G\u00e4rtner aller Stufen geeignet.<\/p>\n<p><strong>Biologischer Anbau:<\/strong> Unser Saatgut ist <strong>zu 100% biologisch<\/strong>, frei von Pestiziden und chemischen D\u00fcngemitteln und f\u00f6rdert einen nachhaltigen und umweltfreundlichen Anbau.<\/p>\n<p>Bauen Sie den <strong>roten Bio-Paprika Corno di Toro<\/strong> in Ihrem <strong>Garten<\/strong> an und genie\u00dfen Sie eine traditionelle Sorte, die Geschmack, Produktivit\u00e4t und Sch\u00f6nheit vereint. Bestellen Sie noch heute und f\u00fcllen Sie Ihre K\u00fcche mit authentischem italienischen Geschmack! <\/p>\n","protected":false},"featured_media":45425,"comment_status":"open","ping_status":"closed","template":"","meta":{"_acf_changed":false},"product_brand":[],"product_cat":[438,419],"product_tag":[1580],"woo-feed-brand":[],"class_list":{"0":"post-17654","1":"product","2":"type-product","3":"status-publish","4":"has-post-thumbnail","6":"product_cat-bio-obst-und-gemusesaatgut","7":"product_cat-bio-saatgut","8":"product_tag-oko","10":"first","11":"instock","12":"sale","13":"taxable","14":"shipping-taxable","15":"purchasable","16":"product-type-simple"},"acf":[],"_links":{"self":[{"href":"https:\/\/cultivers.es\/de\/wp-json\/wp\/v2\/product\/17654","targetHints":{"allow":["GET"]}}],"collection":[{"href":"https:\/\/cultivers.es\/de\/wp-json\/wp\/v2\/product"}],"about":[{"href":"https:\/\/cultivers.es\/de\/wp-json\/wp\/v2\/types\/product"}],"replies":[{"embeddable":true,"href":"https:\/\/cultivers.es\/de\/wp-json\/wp\/v2\/comments?post=17654"}],"wp:featuredmedia":[{"embeddable":true,"href":"https:\/\/cultivers.es\/de\/wp-json\/wp\/v2\/media\/45425"}],"wp:attachment":[{"href":"https:\/\/cultivers.es\/de\/wp-json\/wp\/v2\/media?parent=17654"}],"wp:term":[{"taxonomy":"product_brand","embeddable":true,"href":"https:\/\/cultivers.es\/de\/wp-json\/wp\/v2\/product_brand?post=17654"},{"taxonomy":"product_cat","embeddable":true,"href":"https:\/\/cultivers.es\/de\/wp-json\/wp\/v2\/product_cat?post=17654"},{"taxonomy":"product_tag","embeddable":true,"href":"https:\/\/cultivers.es\/de\/wp-json\/wp\/v2\/product_tag?post=17654"},{"taxonomy":"woo-feed-brand","embeddable":true,"href":"https:\/\/cultivers.es\/de\/wp-json\/wp\/v2\/woo-feed-brand?post=17654"}],"curies":[{"name":"wp","href":"https:\/\/api.w.org\/{rel}","templated":true}]}}