{"id":17655,"date":"2023-09-18T09:02:29","date_gmt":"2023-09-18T09:02:29","guid":{"rendered":"https:\/\/cultivers.es\/abonos\/steckruebe-grelos-senhora-conceicao-bio-steckruebe-grelos-saatgut\/"},"modified":"2025-09-22T05:07:57","modified_gmt":"2025-09-22T05:07:57","slug":"rubsen-raps-samen-senora-coneica-okologisch","status":"publish","type":"product","link":"https:\/\/cultivers.es\/de\/d\u00fcngemittel\/rubsen-raps-samen-senora-coneica-okologisch\/","title":{"rendered":"Senhora Concei\u00e7\u00e3o R\u00fcbengr\u00fcn Samen"},"content":{"rendered":"","protected":false},"excerpt":{"rendered":"<p>Die <strong>Steckr\u00fcbe Senhora Concei\u00e7\u00e3o<\/strong><em>(Brassica rapa<\/em>) ist eine traditionelle portugiesische Sorte, die f\u00fcr ihre <strong>zarten und schmackhaften Wurzeln<\/strong> und ihr <strong>frisches und nahrhaftes Steckr\u00fcbengr\u00fcn<\/strong> bekannt ist, ideal f\u00fcr Suppen, Eint\u00f6pfe und Pfannengerichte. Diese R\u00fcbe zeichnet sich durch ihr schnelles Wachstum und ihre F\u00e4higkeit aus, reichlich zarte Triebe zu produzieren, was sie zu einer hervorragenden Wahl f\u00fcr den Gem\u00fcsegarten macht. Ihr milder und leicht s\u00fc\u00dflicher Geschmack macht sie zur perfekten Bereicherung traditioneller und moderner Gerichte.  <\/p>\n<p><strong>Zarte und delikate Wurzeln:<\/strong> Ergibt R\u00fcben mit einer weichen Textur und einem ausgewogenen Geschmack, perfekt f\u00fcr eine Vielzahl von Rezepten.<\/p>\n<p><strong>Frische und nahrhafte Sprossen:<\/strong> R\u00fcbensprossen dieser Sorte sind reich an N\u00e4hrstoffen und ideal f\u00fcr Suppen, Pfannengerichte oder als Beilage.<\/p>\n<p><strong>Schnellw\u00fcchsig:<\/strong> Diese Sorte erm\u00f6glicht h\u00e4ufige Ernten von jungem R\u00fcbengem\u00fcse und R\u00fcben in kurzen Zyklen, wodurch eine kontinuierliche Versorgung gew\u00e4hrleistet wird.<\/p>\n<p><strong>Reich an N\u00e4hrstoffen:<\/strong> Quelle der Vitamine A, C und K und Mineralien wie Eisen und Kalzium, die eine gesunde und ausgewogene Ern\u00e4hrung f\u00f6rdern.<\/p>\n<p><strong>Einfach anzubauen:<\/strong> Anpassungsf\u00e4hig an verschiedene Bodenarten und Klimazonen, winterhart und f\u00fcr Anf\u00e4nger und erfahrene G\u00e4rtner geeignet.<\/p>\n<p><strong>Biologischer Anbau:<\/strong> Unser Saatgut ist <strong>100% biologisch<\/strong>, frei von Pestiziden und chemischen D\u00fcngemitteln und garantiert einen nachhaltigen und umweltfreundlichen Anbau.<\/p>\n<p>Bauen Sie den <strong>Kohlrabi Senhora Concei\u00e7\u00e3o Ecol\u00f3gico<\/strong> in Ihrem Garten an und genie\u00dfen Sie eine nahrhafte und schmackhafte Sorte, die Ihre K\u00fcche mit Tradition und Frische bereichert. Bestellen Sie noch heute und genie\u00dfen Sie seine Vorteile! <\/p>\n","protected":false},"featured_media":17055,"comment_status":"open","ping_status":"closed","template":"","meta":{"_acf_changed":false},"product_brand":[],"product_cat":[423,419],"product_tag":[1580],"class_list":{"0":"post-17655","1":"product","2":"type-product","3":"status-publish","4":"has-post-thumbnail","6":"product_cat-bio-brassica-saatgut","7":"product_cat-bio-saatgut","8":"product_tag-oko","10":"first","11":"instock","12":"taxable","13":"shipping-taxable","14":"purchasable","15":"product-type-simple"},"acf":[],"_links":{"self":[{"href":"https:\/\/cultivers.es\/de\/wp-json\/wp\/v2\/product\/17655","targetHints":{"allow":["GET"]}}],"collection":[{"href":"https:\/\/cultivers.es\/de\/wp-json\/wp\/v2\/product"}],"about":[{"href":"https:\/\/cultivers.es\/de\/wp-json\/wp\/v2\/types\/product"}],"replies":[{"embeddable":true,"href":"https:\/\/cultivers.es\/de\/wp-json\/wp\/v2\/comments?post=17655"}],"wp:featuredmedia":[{"embeddable":true,"href":"https:\/\/cultivers.es\/de\/wp-json\/wp\/v2\/media\/17055"}],"wp:attachment":[{"href":"https:\/\/cultivers.es\/de\/wp-json\/wp\/v2\/media?parent=17655"}],"wp:term":[{"taxonomy":"product_brand","embeddable":true,"href":"https:\/\/cultivers.es\/de\/wp-json\/wp\/v2\/product_brand?post=17655"},{"taxonomy":"product_cat","embeddable":true,"href":"https:\/\/cultivers.es\/de\/wp-json\/wp\/v2\/product_cat?post=17655"},{"taxonomy":"product_tag","embeddable":true,"href":"https:\/\/cultivers.es\/de\/wp-json\/wp\/v2\/product_tag?post=17655"}],"curies":[{"name":"wp","href":"https:\/\/api.w.org\/{rel}","templated":true}]}}