{"id":17656,"date":"2023-09-06T11:09:21","date_gmt":"2023-09-06T11:09:21","guid":{"rendered":"https:\/\/cultivers.es\/abonos\/kuerbiskerne-trombetta-di-albenga-bio-kuerbiskerne\/"},"modified":"2025-09-22T05:09:04","modified_gmt":"2025-09-22T05:09:04","slug":"kurbis-kurbis-samen-trombetta-di-albenga-okologisch","status":"publish","type":"product","link":"https:\/\/cultivers.es\/de\/d\u00fcngemittel\/kurbis-kurbis-samen-trombetta-di-albenga-okologisch\/","title":{"rendered":"Trombetta di Albenga K\u00fcrbiskerne"},"content":{"rendered":"","protected":false},"excerpt":{"rendered":"<p>Der <strong>Trombetta di Albenga K\u00fcrbis<\/strong><em>(Cucurbita moschata<\/em>) ist eine einzigartige und exotische italienische Sorte, die f\u00fcr ihre <strong>l\u00e4ngliche und geschwungene<\/strong> Form, die an eine Trompete erinnert, und ihre hellgr\u00fcne Farbe bekannt ist, die sich im reifen Zustand beige f\u00e4rbt. Ihr Fruchtfleisch ist <strong>s\u00fc\u00df, zart und aromatisch<\/strong> und eignet sich sowohl f\u00fcr den Verzehr als unreife Zucchini als auch als reifer K\u00fcrbis. Es handelt sich um eine sehr produktive und vielseitige Pflanze, die sich perfekt in Ihren <strong>Gem\u00fcsegarten<\/strong> einf\u00fcgen l\u00e4sst, um ein neues kulinarisches Erlebnis zu genie\u00dfen.  <\/p>\n<p><strong>Einzigartige und elegante Frucht:<\/strong> Ihre eigent\u00fcmliche l\u00e4ngliche und geschwungene Form macht sie zu einem dekorativen und attraktiven Element, sowohl im Obstgarten als auch in der K\u00fcche.<\/p>\n<p><strong>S\u00fc\u00dfer und vielseitiger Geschmack:<\/strong> Unreif verzehrt ist sie ideal f\u00fcr Pfannengerichte und frische Gerichte; reif eignet sich ihr cremiges Fruchtfleisch perfekt f\u00fcr Suppen, P\u00fcrees und Pasteten.<\/p>\n<p><strong>Hohe Produktivit\u00e4t:<\/strong> Erzeugt w\u00e4hrend der gesamten Saison zahlreiche Fr\u00fcchte und sichert so eine gro\u00dfz\u00fcgige Ernte f\u00fcr mehrere Zubereitungen.<\/p>\n<p><strong>Reich an N\u00e4hrstoffen:<\/strong> Quelle von Antioxidantien, Vitaminen A und C und essentiellen Mineralien wie Kalium, was ihn zu einer gesunden und nahrhaften Wahl macht.<\/p>\n<p><strong>Einfacher Anbau:<\/strong> Diese kr\u00e4ftige Pflanze ist schnellw\u00fcchsig und widerstandsf\u00e4hig und passt sich gut an warmes Klima und gut durchl\u00e4ssige B\u00f6den an. Sie kann auch an Spalieren angebaut werden, um den Platz zu optimieren. <\/p>\n<p><strong>Biologischer Anbau:<\/strong> Unser Saatgut ist <strong>100% biologisch<\/strong>, frei von Pestiziden und chemischen D\u00fcngemitteln und f\u00f6rdert einen nachhaltigen und umweltfreundlichen Garten.<\/p>\n<p>Verleihen Sie Ihrem <strong>Gem\u00fcsegarten<\/strong> einen Hauch von Originalit\u00e4t und Geschmack mit dem <strong>Bio-K\u00fcrbis Trombetta di Albenga<\/strong>, einer traditionellen italienischen Sorte, die durch ihre Form, ihren Geschmack und ihre Vielseitigkeit begeistert. Bestellen Sie noch heute und genie\u00dfen Sie dieses Juwel des Gem\u00fcsegartens! <\/p>\n","protected":false},"featured_media":17050,"comment_status":"open","ping_status":"closed","template":"","meta":{"_acf_changed":false},"product_brand":[],"product_cat":[438,419],"product_tag":[1580],"class_list":{"0":"post-17656","1":"product","2":"type-product","3":"status-publish","4":"has-post-thumbnail","6":"product_cat-bio-obst-und-gemusesaatgut","7":"product_cat-bio-saatgut","8":"product_tag-oko","10":"first","11":"instock","12":"sale","13":"taxable","14":"shipping-taxable","15":"purchasable","16":"product-type-simple"},"acf":[],"_links":{"self":[{"href":"https:\/\/cultivers.es\/de\/wp-json\/wp\/v2\/product\/17656","targetHints":{"allow":["GET"]}}],"collection":[{"href":"https:\/\/cultivers.es\/de\/wp-json\/wp\/v2\/product"}],"about":[{"href":"https:\/\/cultivers.es\/de\/wp-json\/wp\/v2\/types\/product"}],"replies":[{"embeddable":true,"href":"https:\/\/cultivers.es\/de\/wp-json\/wp\/v2\/comments?post=17656"}],"wp:featuredmedia":[{"embeddable":true,"href":"https:\/\/cultivers.es\/de\/wp-json\/wp\/v2\/media\/17050"}],"wp:attachment":[{"href":"https:\/\/cultivers.es\/de\/wp-json\/wp\/v2\/media?parent=17656"}],"wp:term":[{"taxonomy":"product_brand","embeddable":true,"href":"https:\/\/cultivers.es\/de\/wp-json\/wp\/v2\/product_brand?post=17656"},{"taxonomy":"product_cat","embeddable":true,"href":"https:\/\/cultivers.es\/de\/wp-json\/wp\/v2\/product_cat?post=17656"},{"taxonomy":"product_tag","embeddable":true,"href":"https:\/\/cultivers.es\/de\/wp-json\/wp\/v2\/product_tag?post=17656"}],"curies":[{"name":"wp","href":"https:\/\/api.w.org\/{rel}","templated":true}]}}