{"id":17657,"date":"2023-09-18T09:02:29","date_gmt":"2023-09-18T09:02:29","guid":{"rendered":"https:\/\/cultivers.es\/abonos\/gruene-hokkaido-bio-kuerbiskerne\/"},"modified":"2025-09-22T05:11:46","modified_gmt":"2025-09-22T05:11:46","slug":"grunes-hokkaido-okologisches-kurbis-saatgut","status":"publish","type":"product","link":"https:\/\/cultivers.es\/de\/d\u00fcngemittel\/grunes-hokkaido-okologisches-kurbis-saatgut\/","title":{"rendered":"Gr\u00fcne Hokkaido K\u00fcrbiskerne"},"content":{"rendered":"","protected":false},"excerpt":{"rendered":"<p><strong>Gr\u00fcner Hokkaidok\u00fcrbis<\/strong><em>(Cucurbita maxima<\/em>), auch als <strong>gr\u00fcner japanischer K\u00fcrbis<\/strong> bekannt, ist eine Sorte, die f\u00fcr ihren <strong>s\u00fc\u00dfen, delikaten Geschmack<\/strong> und ihre <strong>cremige, weiche<\/strong> Textur gesch\u00e4tzt wird. Seine dunkelgr\u00fcne Schale steht im Kontrast zu seinem leuchtend orangefarbenen, n\u00e4hrstoffreichen Fruchtfleisch, das sich ideal f\u00fcr P\u00fcrees, Suppen, Eint\u00f6pfe und sogar zum Backen eignet. Sie ist eine kr\u00e4ftige und ertragreiche Pflanze, die sich perfekt f\u00fcr den <strong>Garten<\/strong> eignet.  <\/p>\n<p><strong>Kompakte und langlebige Frucht:<\/strong> Sie produziert mittelgro\u00dfe K\u00fcrbisse mit einem Gewicht von ca. 1-2 kg, die eine runde Form und eine widerstandsf\u00e4hige Schale haben, die die Haltbarkeit der Fr\u00fcchte verl\u00e4ngert.<\/p>\n<p><strong>S\u00fc\u00dfer und vielseitiger Geschmack:<\/strong> Das s\u00fc\u00dfe, cremige Fruchtfleisch ist perfekt f\u00fcr eine Vielzahl von Gerichten, von Suppen und P\u00fcrees bis hin zu gebackenen Desserts.<\/p>\n<p><strong>Hohe Produktivit\u00e4t:<\/strong> Die Pflanze ist kr\u00e4ftig und produziert mehrere Fr\u00fcchte pro Saison, was eine reiche Ernte garantiert.<\/p>\n<p><strong>Reich an N\u00e4hrstoffen:<\/strong> Der K\u00fcrbis ist eine ausgezeichnete Quelle f\u00fcr Beta-Carotin, Vitamin A, C und Antioxidantien, was ihn zu einem gesunden und nahrhaften Lebensmittel macht.<\/p>\n<p><strong>Einfach zu z\u00fcchten:<\/strong> Sie ist robust und anpassungsf\u00e4hig an verschiedene Klimazonen und Bodentypen. Sie erfordert eine einfache Pflege und ist ideal f\u00fcr Anf\u00e4nger und erfahrene G\u00e4rtner.<\/p>\n<p><strong>Biologischer Anbau:<\/strong> Unser Saatgut ist <strong>zu 100% biologisch<\/strong>, frei von Pestiziden und chemischen D\u00fcngemitteln und f\u00f6rdert einen nachhaltigen und umweltfreundlichen Anbau.<\/p>\n<p>F\u00fcgen Sie Ihrem <strong>Garten<\/strong> die Eleganz und den Geschmack des <strong>Gr\u00fcnen Hokkaido Bio-K\u00fcrbis<\/strong> hinzu, eine vielseitige und k\u00f6stliche Sorte, die Ihre Gerichte mit Tradition und N\u00e4hrstoffen f\u00fcllen wird. Bestellen Sie noch heute und genie\u00dfen Sie dieses Juwel des japanischen Gartens! <\/p>\n","protected":false},"featured_media":17095,"comment_status":"open","ping_status":"closed","template":"","meta":{"_acf_changed":false},"product_brand":[],"product_cat":[438,419],"product_tag":[1580],"class_list":{"0":"post-17657","1":"product","2":"type-product","3":"status-publish","4":"has-post-thumbnail","6":"product_cat-bio-obst-und-gemusesaatgut","7":"product_cat-bio-saatgut","8":"product_tag-oko","10":"first","11":"instock","12":"sale","13":"taxable","14":"shipping-taxable","15":"purchasable","16":"product-type-simple"},"acf":[],"_links":{"self":[{"href":"https:\/\/cultivers.es\/de\/wp-json\/wp\/v2\/product\/17657","targetHints":{"allow":["GET"]}}],"collection":[{"href":"https:\/\/cultivers.es\/de\/wp-json\/wp\/v2\/product"}],"about":[{"href":"https:\/\/cultivers.es\/de\/wp-json\/wp\/v2\/types\/product"}],"replies":[{"embeddable":true,"href":"https:\/\/cultivers.es\/de\/wp-json\/wp\/v2\/comments?post=17657"}],"wp:featuredmedia":[{"embeddable":true,"href":"https:\/\/cultivers.es\/de\/wp-json\/wp\/v2\/media\/17095"}],"wp:attachment":[{"href":"https:\/\/cultivers.es\/de\/wp-json\/wp\/v2\/media?parent=17657"}],"wp:term":[{"taxonomy":"product_brand","embeddable":true,"href":"https:\/\/cultivers.es\/de\/wp-json\/wp\/v2\/product_brand?post=17657"},{"taxonomy":"product_cat","embeddable":true,"href":"https:\/\/cultivers.es\/de\/wp-json\/wp\/v2\/product_cat?post=17657"},{"taxonomy":"product_tag","embeddable":true,"href":"https:\/\/cultivers.es\/de\/wp-json\/wp\/v2\/product_tag?post=17657"}],"curies":[{"name":"wp","href":"https:\/\/api.w.org\/{rel}","templated":true}]}}