{"id":17658,"date":"2023-09-18T09:02:46","date_gmt":"2023-09-18T09:02:46","guid":{"rendered":"https:\/\/cultivers.es\/abonos\/detroit-rote-bete-samen-2-bio\/"},"modified":"2025-09-22T05:05:29","modified_gmt":"2025-09-22T05:05:29","slug":"rote-bete-samen-detroit-2-okologisch","status":"publish","type":"product","link":"https:\/\/cultivers.es\/de\/d\u00fcngemittel\/rote-bete-samen-detroit-2-okologisch\/","title":{"rendered":"Detroit Rote-Bete-Samen 2"},"content":{"rendered":"","protected":false},"excerpt":{"rendered":"<p>Die <strong>Detroit Rote Bete 2<\/strong><em>(Beta vulgaris<\/em>) ist eine klassische Sorte, die f\u00fcr ihre <strong>runden, gleichm\u00e4\u00dfigen<\/strong>, <strong>tiefroten<\/strong> <strong>Wurzeln<\/strong> und ihren <strong>s\u00fc\u00dfen, milden<\/strong> Geschmack sehr gesch\u00e4tzt wird. Ihr zartes und saftiges Fruchtfleisch macht sie ideal f\u00fcr den Rohverzehr in Salaten, gekocht in Eint\u00f6pfen, gebraten oder in Konserven. Aber auch die Bl\u00e4tter sind essbar und reich an N\u00e4hrstoffen, perfekt f\u00fcr Pfannengerichte und Salate. Sie ist eine ertragreiche und leicht anbaubare Alternative, die sich perfekt f\u00fcr jeden <strong>Gem\u00fcsegarten<\/strong> eignet.   <\/p>\n<p><strong>Runde und saftige Wurzeln:<\/strong> Erzeugt gleichm\u00e4\u00dfig gro\u00dfe R\u00fcben mit glatter Schale und leuchtend rotem Fruchtfleisch, ideal f\u00fcr vielf\u00e4ltige kulinarische Verwendungen.<\/p>\n<p><strong>S\u00fc\u00dfer und vielseitiger Geschmack:<\/strong> Seine zarte Textur und sein milder Geschmack machen ihn perfekt f\u00fcr frische Salate, Suppen, Eint\u00f6pfe und Konserven.<\/p>\n<p><strong>Essbare und nahrhafte Bl\u00e4tter:<\/strong> Die jungen Bl\u00e4tter schmecken k\u00f6stlich in Salaten und Pfannengerichten und liefern zus\u00e4tzliche N\u00e4hrstoffe f\u00fcr Ihre Ern\u00e4hrung.<\/p>\n<p><strong>Reich an N\u00e4hrstoffen:<\/strong> Nat\u00fcrliche Quelle von Eisen, Ballaststoffen, Antioxidantien und den Vitaminen A und C, die eine ausgewogene und gesunde Ern\u00e4hrung f\u00f6rdern.<\/p>\n<p><strong>Schnell wachsend und widerstandsf\u00e4hig:<\/strong> Mit einem kurzen Wachstumszyklus ist sie ideal f\u00fcr schnelle Ernten und passt sich an verschiedene Bodenarten und Klimazonen an.<\/p>\n<p><strong>Biologischer Anbau:<\/strong> Unser Saatgut ist <strong>zu 100% biologisch<\/strong>, frei von Pestiziden und chemischen D\u00fcngemitteln und f\u00f6rdert einen nachhaltigen und umweltfreundlichen Anbau.<\/p>\n<p>Erg\u00e4nzen Sie Ihren <strong>Garten<\/strong> mit <strong>Detroit Beetroot 2 Organic<\/strong> und genie\u00dfen Sie eine vielseitige, nahrhafte und k\u00f6stliche Abwechslung in Ihren Gerichten. Bestellen Sie noch heute und ernten Sie Qualit\u00e4t und Frische direkt aus Ihrem Garten! <\/p>\n","protected":false},"featured_media":50146,"comment_status":"open","ping_status":"closed","template":"","meta":{"_acf_changed":false},"product_brand":[],"product_cat":[419,433],"product_tag":[1580],"woo-feed-brand":[],"class_list":{"0":"post-17658","1":"product","2":"type-product","3":"status-publish","4":"has-post-thumbnail","6":"product_cat-bio-saatgut","7":"product_cat-bio-wurzelsaatgut","8":"product_tag-oko","10":"first","11":"instock","12":"taxable","13":"shipping-taxable","14":"purchasable","15":"product-type-simple"},"acf":[],"_links":{"self":[{"href":"https:\/\/cultivers.es\/de\/wp-json\/wp\/v2\/product\/17658","targetHints":{"allow":["GET"]}}],"collection":[{"href":"https:\/\/cultivers.es\/de\/wp-json\/wp\/v2\/product"}],"about":[{"href":"https:\/\/cultivers.es\/de\/wp-json\/wp\/v2\/types\/product"}],"replies":[{"embeddable":true,"href":"https:\/\/cultivers.es\/de\/wp-json\/wp\/v2\/comments?post=17658"}],"wp:featuredmedia":[{"embeddable":true,"href":"https:\/\/cultivers.es\/de\/wp-json\/wp\/v2\/media\/50146"}],"wp:attachment":[{"href":"https:\/\/cultivers.es\/de\/wp-json\/wp\/v2\/media?parent=17658"}],"wp:term":[{"taxonomy":"product_brand","embeddable":true,"href":"https:\/\/cultivers.es\/de\/wp-json\/wp\/v2\/product_brand?post=17658"},{"taxonomy":"product_cat","embeddable":true,"href":"https:\/\/cultivers.es\/de\/wp-json\/wp\/v2\/product_cat?post=17658"},{"taxonomy":"product_tag","embeddable":true,"href":"https:\/\/cultivers.es\/de\/wp-json\/wp\/v2\/product_tag?post=17658"},{"taxonomy":"woo-feed-brand","embeddable":true,"href":"https:\/\/cultivers.es\/de\/wp-json\/wp\/v2\/woo-feed-brand?post=17658"}],"curies":[{"name":"wp","href":"https:\/\/api.w.org\/{rel}","templated":true}]}}