{"id":17659,"date":"2023-09-18T09:02:37","date_gmt":"2023-09-18T09:02:37","guid":{"rendered":"https:\/\/cultivers.es\/abonos\/bio-kuerbiskerne-pleine-de-naples\/"},"modified":"2025-09-22T05:11:47","modified_gmt":"2025-09-22T05:11:47","slug":"kurbiskern-pflanze-aus-okologischen-kurbiskernen","status":"publish","type":"product","link":"https:\/\/cultivers.es\/de\/d\u00fcngemittel\/kurbiskern-pflanze-aus-okologischen-kurbiskernen\/","title":{"rendered":"Pleine de Naples K\u00fcrbiskerne"},"content":{"rendered":"","protected":false},"excerpt":{"rendered":"<p>Der <strong>Pleine de Naples-K\u00fcrbis<\/strong><em>(Cucurbita moschata<\/em>) ist eine traditionelle Sorte, die f\u00fcr ihre <strong>l\u00e4ngliche Form<\/strong>, ihre <strong>dunkelgr\u00fcne<\/strong> Schale und ihr <strong>tieforanges Fruchtfleisch<\/strong> bekannt ist. Er ist bekannt f\u00fcr seinen <strong>s\u00fc\u00dfen, milden<\/strong> Geschmack und seine <strong>cremige<\/strong> Textur, die ihn ideal f\u00fcr P\u00fcrees, Suppen, Eint\u00f6pfe und zum Backen macht. Es handelt sich um eine sehr produktive und widerstandsf\u00e4hige Pflanze, die sich perfekt f\u00fcr den <strong>Garten<\/strong> eignet und reiche Ernten liefert.  <\/p>\n<p><strong>Gro\u00dfe, l\u00e4ngliche Fr\u00fcchte:<\/strong> Produziert gro\u00dfe K\u00fcrbisse, die bis zu 10-15 kg wiegen und sich perfekt f\u00fcr eine lange Lagerung eignen.<\/p>\n<p><strong>S\u00fc\u00dfer und vielseitiger Geschmack:<\/strong> Das cremige, zart schmeckende Fruchtfleisch ist ideal f\u00fcr eine Vielzahl von Rezepten, von herzhaften Gerichten bis hin zu gebackenen Desserts.<\/p>\n<p><strong>Hohe Produktivit\u00e4t:<\/strong> Diese Sorte garantiert reiche Ernten und eignet sich daher perfekt f\u00fcr die Aufrechterhaltung einer konstanten Versorgung w\u00e4hrend der gesamten Saison.<\/p>\n<p><strong>Reich an N\u00e4hrstoffen:<\/strong> Nat\u00fcrliche Quelle der Vitamine A und C, Antioxidantien und Ballaststoffe, die zu einer ausgewogenen und gesunden Ern\u00e4hrung beitragen.<\/p>\n<p><strong>Einfach zu z\u00fcchten:<\/strong> Sie passt sich an warme Klimazonen und gut durchl\u00e4ssige B\u00f6den an. Sie ist winterhart und pflegeleicht, ideal f\u00fcr Anf\u00e4nger und fortgeschrittene G\u00e4rtner.<\/p>\n<p><strong>Biologischer Anbau:<\/strong> Unser Saatgut ist <strong>zu 100% biologisch<\/strong>, frei von Pestiziden und chemischen D\u00fcngemitteln und f\u00f6rdert einen nachhaltigen und umweltfreundlichen Anbau.<\/p>\n<p>Erg\u00e4nzen Sie Ihren <strong>Garten<\/strong> mit dem <strong>Bio-K\u00fcrbis von Pleine de Naples<\/strong> und genie\u00dfen Sie eine schmackhafte, nahrhafte und einfach anzubauende Sorte. Bestellen Sie noch heute und beginnen Sie mit der Ernte von Qualit\u00e4t und Tradition! <\/p>\n","protected":false},"featured_media":17065,"comment_status":"open","ping_status":"closed","template":"","meta":{"_acf_changed":false},"product_brand":[],"product_cat":[438,419],"product_tag":[1580],"woo-feed-brand":[],"class_list":{"0":"post-17659","1":"product","2":"type-product","3":"status-publish","4":"has-post-thumbnail","6":"product_cat-bio-obst-und-gemusesaatgut","7":"product_cat-bio-saatgut","8":"product_tag-oko","10":"first","11":"instock","12":"taxable","13":"shipping-taxable","14":"purchasable","15":"product-type-simple"},"acf":[],"_links":{"self":[{"href":"https:\/\/cultivers.es\/de\/wp-json\/wp\/v2\/product\/17659","targetHints":{"allow":["GET"]}}],"collection":[{"href":"https:\/\/cultivers.es\/de\/wp-json\/wp\/v2\/product"}],"about":[{"href":"https:\/\/cultivers.es\/de\/wp-json\/wp\/v2\/types\/product"}],"replies":[{"embeddable":true,"href":"https:\/\/cultivers.es\/de\/wp-json\/wp\/v2\/comments?post=17659"}],"wp:featuredmedia":[{"embeddable":true,"href":"https:\/\/cultivers.es\/de\/wp-json\/wp\/v2\/media\/17065"}],"wp:attachment":[{"href":"https:\/\/cultivers.es\/de\/wp-json\/wp\/v2\/media?parent=17659"}],"wp:term":[{"taxonomy":"product_brand","embeddable":true,"href":"https:\/\/cultivers.es\/de\/wp-json\/wp\/v2\/product_brand?post=17659"},{"taxonomy":"product_cat","embeddable":true,"href":"https:\/\/cultivers.es\/de\/wp-json\/wp\/v2\/product_cat?post=17659"},{"taxonomy":"product_tag","embeddable":true,"href":"https:\/\/cultivers.es\/de\/wp-json\/wp\/v2\/product_tag?post=17659"},{"taxonomy":"woo-feed-brand","embeddable":true,"href":"https:\/\/cultivers.es\/de\/wp-json\/wp\/v2\/woo-feed-brand?post=17659"}],"curies":[{"name":"wp","href":"https:\/\/api.w.org\/{rel}","templated":true}]}}