{"id":17660,"date":"2023-09-06T11:03:58","date_gmt":"2023-09-06T11:03:58","guid":{"rendered":"https:\/\/cultivers.es\/abonos\/karottensamen-nantes-2-oekologisch\/"},"modified":"2025-09-22T05:05:38","modified_gmt":"2025-09-22T05:05:38","slug":"bio-karotten-saatgut-nantes-2-okologisch","status":"publish","type":"product","link":"https:\/\/cultivers.es\/de\/d\u00fcngemittel\/bio-karotten-saatgut-nantes-2-okologisch\/","title":{"rendered":"Karottensamen Nantes 2"},"content":{"rendered":"","protected":false},"excerpt":{"rendered":"<p>Die <strong>Karotte Nantes 2<\/strong><em>(Daucus carota<\/em>) ist eine klassische und vielseitige Sorte, die f\u00fcr ihre <strong>zylindrischen Wurzeln<\/strong>, ihre <strong>tief orange Farbe<\/strong> und ihren s\u00fc\u00dfen, milden Geschmack bekannt ist. Mit ihrer knackigen Textur und ihrem zarten Fruchtfleisch ist sie ideal f\u00fcr den Frischverzehr in Salaten, als gesunder Snack oder gekocht in Suppen, Eint\u00f6pfen und P\u00fcrees. Diese Sorte zeichnet sich durch ihr gleichm\u00e4\u00dfiges und schnelles Wachstum aus, was sie zu einer perfekten Wahl f\u00fcr den Anbau im <strong>heimischen<\/strong> oder professionellen <strong>Garten<\/strong> macht.  <\/p>\n<p><strong>Zylindrische und gleichm\u00e4\u00dfige Wurzeln:<\/strong> Produziert mittelgro\u00dfe, gerade M\u00f6hren mit abgerundeten Enden, ideal f\u00fcr eine hochwertige Ernte.<\/p>\n<p><strong>S\u00fc\u00dfer Geschmack und zarte Textur:<\/strong> Ihre charakteristische S\u00fc\u00dfe und ihr weiches Fruchtfleisch machen sie perfekt f\u00fcr den frischen und gekochten Verzehr.<\/p>\n<p><strong>Schnellw\u00fcchsig und anpassungsf\u00e4hig:<\/strong> Es ist eine kurzzyklische Sorte, ideal f\u00fcr fr\u00fche Ernten, die sich gut an gem\u00e4\u00dfigte Klimazonen und leichte B\u00f6den anpasst.<\/p>\n<p><strong>Reich an N\u00e4hrstoffen:<\/strong> Karotten sind eine ausgezeichnete Quelle f\u00fcr Vitamin A, Antioxidantien und Ballaststoffe, die eine ausgewogene und gesunde Ern\u00e4hrung f\u00f6rdern.<\/p>\n<p><strong>Einfach zu z\u00fcchten:<\/strong> Perfekt f\u00fcr Anf\u00e4nger und Experten, erfordert sie nur minimale Pflege und liefert konsistente Ergebnisse in verschiedenen Bodentypen.<\/p>\n<p><strong>Biologischer Anbau:<\/strong> Unser Saatgut ist <strong>100% biologisch<\/strong>, frei von Pestiziden und chemischen D\u00fcngemitteln und garantiert einen nachhaltigen und umweltfreundlichen Anbau.<\/p>\n<p>Genie\u00dfen Sie die Frische, den Geschmack und die Vorz\u00fcge der <strong>Bio-M\u00f6hre Nantes 2<\/strong>, einer unverzichtbaren Sorte f\u00fcr jeden <strong>Gem\u00fcsegarten<\/strong>. Bestellen Sie noch heute und ernten Sie hochwertige M\u00f6hren in Ihrem Garten! <\/p>\n","protected":false},"featured_media":50140,"comment_status":"open","ping_status":"closed","template":"","meta":{"_acf_changed":false},"product_brand":[],"product_cat":[419,433],"product_tag":[1580],"class_list":{"0":"post-17660","1":"product","2":"type-product","3":"status-publish","4":"has-post-thumbnail","6":"product_cat-bio-saatgut","7":"product_cat-bio-wurzelsaatgut","8":"product_tag-oko","10":"first","11":"instock","12":"taxable","13":"shipping-taxable","14":"purchasable","15":"product-type-simple"},"acf":[],"_links":{"self":[{"href":"https:\/\/cultivers.es\/de\/wp-json\/wp\/v2\/product\/17660","targetHints":{"allow":["GET"]}}],"collection":[{"href":"https:\/\/cultivers.es\/de\/wp-json\/wp\/v2\/product"}],"about":[{"href":"https:\/\/cultivers.es\/de\/wp-json\/wp\/v2\/types\/product"}],"replies":[{"embeddable":true,"href":"https:\/\/cultivers.es\/de\/wp-json\/wp\/v2\/comments?post=17660"}],"wp:featuredmedia":[{"embeddable":true,"href":"https:\/\/cultivers.es\/de\/wp-json\/wp\/v2\/media\/50140"}],"wp:attachment":[{"href":"https:\/\/cultivers.es\/de\/wp-json\/wp\/v2\/media?parent=17660"}],"wp:term":[{"taxonomy":"product_brand","embeddable":true,"href":"https:\/\/cultivers.es\/de\/wp-json\/wp\/v2\/product_brand?post=17660"},{"taxonomy":"product_cat","embeddable":true,"href":"https:\/\/cultivers.es\/de\/wp-json\/wp\/v2\/product_cat?post=17660"},{"taxonomy":"product_tag","embeddable":true,"href":"https:\/\/cultivers.es\/de\/wp-json\/wp\/v2\/product_tag?post=17660"}],"curies":[{"name":"wp","href":"https:\/\/api.w.org\/{rel}","templated":true}]}}