{"id":17672,"date":"2023-09-06T11:04:34","date_gmt":"2023-09-06T11:04:34","guid":{"rendered":"https:\/\/cultivers.es\/abonos\/bio-kuerbiskerne-rouge-vif-detampes\/"},"modified":"2025-09-22T05:05:11","modified_gmt":"2025-09-22T05:05:11","slug":"kurbis-samen-rouge-vif-okologische-kurbis-samen","status":"publish","type":"product","link":"https:\/\/cultivers.es\/de\/d\u00fcngemittel\/kurbis-samen-rouge-vif-okologische-kurbis-samen\/","title":{"rendered":"Rouge Vif d&#8217;Etampes K\u00fcrbiskerne"},"content":{"rendered":"","protected":false},"excerpt":{"rendered":"<p>Der <strong>K\u00fcrbis Rouge Vif d&#8217;\u00c9tampes<\/strong> ist eine traditionelle franz\u00f6sische Sorte, die f\u00fcr ihre <strong>abgeflachte, seitliche<\/strong> Form, ihre <strong>intensive orange<\/strong> Farbe und ihren s\u00fc\u00dfen und milden Geschmack bekannt ist. Dank seines zarten und qualitativ hochwertigen Fruchtfleisches eignet sich dieser K\u00fcrbis f\u00fcr eine Vielzahl von Rezepten wie P\u00fcrees, Suppen, Pasteten und Eint\u00f6pfe. Er ist au\u00dferdem eine sehr produktive und pflegeleichte Pflanze, ideal f\u00fcr jeden <strong>Familien- oder Profigarten<\/strong>.  <\/p>\n<p><strong>Gro\u00dfe, auff\u00e4llige Fr\u00fcchte:<\/strong> Produziert gro\u00dfe K\u00fcrbisse mit einem Durchschnittsgewicht von 5-10 kg und einer Form, die durch ihre klassische und dekorative \u00c4sthetik auff\u00e4llt.<\/p>\n<p><strong>S\u00fc\u00dfer und vielseitiger Geschmack:<\/strong> Das orangefarbene Fruchtfleisch und die cremige Textur haben einen milden und s\u00fc\u00dfen Geschmack, ideal f\u00fcr s\u00fc\u00dfe und pikante Gerichte.<\/p>\n<p><strong>\u00dcppiges Wachstum:<\/strong> Sie ist eine kr\u00e4ftige Pflanze, die gro\u00dfz\u00fcgige Ernten einbringt, was sie zu einer perfekten Wahl f\u00fcr alle macht, die nach Produktivit\u00e4t suchen.<\/p>\n<p><strong>Reich an N\u00e4hrstoffen:<\/strong> K\u00fcrbis ist eine ausgezeichnete Quelle f\u00fcr Beta-Carotin, die Vitamine A und C und Ballaststoffe, was ihn zu einem gesunden und nahrhaften Lebensmittel macht.<\/p>\n<p><strong>Einfacher Anbau:<\/strong> Sie passt sich gut an verschiedene Klimazonen und B\u00f6den an. Sie ist eine robuste Pflanze, die wenig Pflege ben\u00f6tigt und gro\u00dfartige Ergebnisse liefert.<\/p>\n<p><strong>Biologischer Anbau:<\/strong> Unser Saatgut ist <strong>zu 100% biologisch<\/strong>, frei von Pestiziden und chemischen D\u00fcngemitteln und garantiert einen nachhaltigen und umweltfreundlichen Anbau.<\/p>\n<p>Erg\u00e4nzen Sie Ihren <strong>Garten<\/strong> um die Sch\u00f6nheit, die Produktivit\u00e4t und den Geschmack des <strong>Bio-K\u00fcrbis Rouge Vif d&#8217;\u00c9tampes<\/strong>, einer traditionellen Sorte, die Ihre K\u00fcche mit k\u00f6stlichen und nahrhaften Gerichten bereichern wird. Bestellen Sie noch heute und genie\u00dfen Sie diesen klassischen K\u00fcrbis! <\/p>\n","protected":false},"featured_media":17075,"comment_status":"open","ping_status":"closed","template":"","meta":{"_acf_changed":false},"product_brand":[],"product_cat":[438,419],"product_tag":[1580],"woo-feed-brand":[],"class_list":{"0":"post-17672","1":"product","2":"type-product","3":"status-publish","4":"has-post-thumbnail","6":"product_cat-bio-obst-und-gemusesaatgut","7":"product_cat-bio-saatgut","8":"product_tag-oko","10":"first","11":"instock","12":"sale","13":"taxable","14":"shipping-taxable","15":"purchasable","16":"product-type-simple"},"acf":[],"_links":{"self":[{"href":"https:\/\/cultivers.es\/de\/wp-json\/wp\/v2\/product\/17672","targetHints":{"allow":["GET"]}}],"collection":[{"href":"https:\/\/cultivers.es\/de\/wp-json\/wp\/v2\/product"}],"about":[{"href":"https:\/\/cultivers.es\/de\/wp-json\/wp\/v2\/types\/product"}],"replies":[{"embeddable":true,"href":"https:\/\/cultivers.es\/de\/wp-json\/wp\/v2\/comments?post=17672"}],"wp:featuredmedia":[{"embeddable":true,"href":"https:\/\/cultivers.es\/de\/wp-json\/wp\/v2\/media\/17075"}],"wp:attachment":[{"href":"https:\/\/cultivers.es\/de\/wp-json\/wp\/v2\/media?parent=17672"}],"wp:term":[{"taxonomy":"product_brand","embeddable":true,"href":"https:\/\/cultivers.es\/de\/wp-json\/wp\/v2\/product_brand?post=17672"},{"taxonomy":"product_cat","embeddable":true,"href":"https:\/\/cultivers.es\/de\/wp-json\/wp\/v2\/product_cat?post=17672"},{"taxonomy":"product_tag","embeddable":true,"href":"https:\/\/cultivers.es\/de\/wp-json\/wp\/v2\/product_tag?post=17672"},{"taxonomy":"woo-feed-brand","embeddable":true,"href":"https:\/\/cultivers.es\/de\/wp-json\/wp\/v2\/woo-feed-brand?post=17672"}],"curies":[{"name":"wp","href":"https:\/\/api.w.org\/{rel}","templated":true}]}}