{"id":17718,"date":"2023-09-05T12:36:10","date_gmt":"2023-09-05T12:36:10","guid":{"rendered":"https:\/\/cultivers.es\/abonos\/tagetes-bio-saatgut\/"},"modified":"2025-09-22T05:09:43","modified_gmt":"2025-09-22T05:09:43","slug":"tagetes","status":"publish","type":"product","link":"https:\/\/cultivers.es\/de\/d\u00fcngemittel\/tagetes\/","title":{"rendered":"Tagetes Biodynamische Demeter Indische Nelke Samen"},"content":{"rendered":"","protected":false},"excerpt":{"rendered":"<p>F\u00fcllen Sie Ihren Garten mit Leben und Farbe mit unseren Demeter Bio-Tagetes-Samen - Indische Nelke. Diese wundersch\u00f6nen Blumen in leuchtenden Gelb- und Oranget\u00f6nen versch\u00f6nern nicht nur Ihren Garten, sondern wirken auch als nat\u00fcrliches Sch\u00e4dlingsbek\u00e4mpfungsmittel und sch\u00fctzen Ihre Pflanzen auf umweltfreundliche Weise. Mit der Demeter-Zertifizierung k\u00f6nnen Sie sicher sein, dass Sie im Einklang mit der Natur und nach den Prinzipien der biodynamischen Landwirtschaft anbauen.  <\/p>\n<ul>\n<li><strong>Lebendige Blumen:<\/strong> Die Indische Nelke, auch bekannt als Tagetes, produziert leuchtende, lang anhaltende Bl\u00fcten in Gelb- und Oranget\u00f6nen, die jedem Garten oder Obstgarten Farbe und Fr\u00f6hlichkeit verleihen.<\/li>\n<li><strong>Nat\u00fcrlicher Schutz:<\/strong> Diese Pflanzen sind daf\u00fcr bekannt, dass sie Sch\u00e4dlinge wie Nematoden und Blattl\u00e4use abwehren und Ihre Pflanzen auf nat\u00fcrliche Weise sch\u00fctzen, ohne dass Pestizide eingesetzt werden m\u00fcssen.<\/li>\n<li><strong>Einfacher Anbau:<\/strong> Tagetes sind robuste, pflegeleichte Pflanzen, die sich an eine Vielzahl von B\u00f6den und Klimazonen anpassen. Sie sind sowohl f\u00fcr Anf\u00e4nger als auch f\u00fcr erfahrene G\u00e4rtner geeignet. <\/li>\n<li><strong>Anziehungskraft auf Best\u00e4uber:<\/strong> Die Bl\u00fcten der Indischen Nelke sch\u00fctzen nicht nur Ihre Pflanzen, sondern ziehen auch Bienen, Schmetterlinge und andere Best\u00e4uber an, f\u00f6rdern die Artenvielfalt und verbessern die allgemeine Gesundheit Ihres Gartens.<\/li>\n<li><strong>Demeter-Zertifizierung:<\/strong> Dieses Saatgut wird nach den Grunds\u00e4tzen der biodynamischen Landwirtschaft angebaut und ist Demeter-zertifiziert, was den absoluten Respekt vor den nat\u00fcrlichen Kreisl\u00e4ufen des Bodens und des \u00d6kosystems garantiert.<\/li>\n<li><strong>Biologischer Anbau:<\/strong> Unsere Tagetes-Samen sind zu 100% biologisch, frei von Pestiziden und Chemikalien und sorgen f\u00fcr einen gesunden und umweltfreundlichen Garten.<\/li>\n<\/ul>\n<p>Sch\u00fctzen und versch\u00f6nern Sie Ihren Garten auf umweltfreundliche Weise mit Demeter Bio-Tagetes-Samen - Indische Nelke. Erfreuen Sie sich an ihren leuchtenden Bl\u00fcten, w\u00e4hrend Sie Ihre Pflanzen pflegen und die Artenvielfalt f\u00f6rdern. Bestellen Sie noch heute und verwandeln Sie Ihren Garten in einen Raum voller Farbe und Leben!  <\/p>\n","protected":false},"featured_media":17005,"comment_status":"open","ping_status":"closed","template":"","meta":{"_acf_changed":false},"product_brand":[],"product_cat":[419,1304],"product_tag":[1384],"class_list":{"0":"post-17718","1":"product","2":"type-product","3":"status-publish","4":"has-post-thumbnail","6":"product_cat-bio-saatgut","7":"product_cat-demeter-samen","8":"product_tag-demeter-de","10":"first","11":"instock","12":"taxable","13":"shipping-taxable","14":"purchasable","15":"product-type-simple"},"acf":[],"_links":{"self":[{"href":"https:\/\/cultivers.es\/de\/wp-json\/wp\/v2\/product\/17718","targetHints":{"allow":["GET"]}}],"collection":[{"href":"https:\/\/cultivers.es\/de\/wp-json\/wp\/v2\/product"}],"about":[{"href":"https:\/\/cultivers.es\/de\/wp-json\/wp\/v2\/types\/product"}],"replies":[{"embeddable":true,"href":"https:\/\/cultivers.es\/de\/wp-json\/wp\/v2\/comments?post=17718"}],"wp:featuredmedia":[{"embeddable":true,"href":"https:\/\/cultivers.es\/de\/wp-json\/wp\/v2\/media\/17005"}],"wp:attachment":[{"href":"https:\/\/cultivers.es\/de\/wp-json\/wp\/v2\/media?parent=17718"}],"wp:term":[{"taxonomy":"product_brand","embeddable":true,"href":"https:\/\/cultivers.es\/de\/wp-json\/wp\/v2\/product_brand?post=17718"},{"taxonomy":"product_cat","embeddable":true,"href":"https:\/\/cultivers.es\/de\/wp-json\/wp\/v2\/product_cat?post=17718"},{"taxonomy":"product_tag","embeddable":true,"href":"https:\/\/cultivers.es\/de\/wp-json\/wp\/v2\/product_tag?post=17718"}],"curies":[{"name":"wp","href":"https:\/\/api.w.org\/{rel}","templated":true}]}}