{"id":17726,"date":"2023-06-06T08:31:07","date_gmt":"2023-06-06T08:31:07","guid":{"rendered":"https:\/\/cultivers.es\/abonos\/gemischte-blumen\/"},"modified":"2025-09-22T05:39:08","modified_gmt":"2025-09-22T05:39:08","slug":"blumen-mix","status":"publish","type":"product","link":"https:\/\/cultivers.es\/de\/d\u00fcngemittel\/blumen-mix\/","title":{"rendered":"Gemischte Blumensamen"},"content":{"rendered":"<p>Blumenmischung aus nicht-spontanen einj\u00e4hrigen Pflanzen. Sie locken n\u00fctzliche Insekten an und erh\u00f6hen die Artenvielfalt - ideal f\u00fcr die Bepflanzung am Rande des Gem\u00fcsegartens. Der Boden muss f\u00fcr eine korrekte Bepflanzung vorbereitet und frei von Unkraut sein.<\/p>\n<p>&nbsp;<\/p>\n","protected":false},"excerpt":{"rendered":"<p>Unsere <strong>Bio-Blumenmischung<\/strong> ist ideal, um Ihren <strong>Obstgarten und Garten<\/strong> mit Farbe, Leben und Biodiversit\u00e4t zu f\u00fcllen. Diese Mischung enth\u00e4lt eine Vielzahl von Blumen, die so ausgew\u00e4hlt wurden, dass sie eine Explosion von leuchtenden Farben und nat\u00fcrlichen D\u00fcften hervorbringen und einen attraktiven Raum f\u00fcr das Auge und Best\u00e4uber wie Bienen und Schmetterlinge schaffen. Diese Mischung eignet sich ideal f\u00fcr Rabatten, Naturwiesen oder Zierfl\u00e4chen. Sie ist einfach zu kultivieren und erfordert wenig Pflege.  <\/p>\n<p><strong>Vielfalt an Farben und Formen:<\/strong> Diese Mischung enth\u00e4lt Blumen in verschiedenen Gr\u00f6\u00dfen und Farben, die jeder Gr\u00fcnfl\u00e4che ein dynamisches und nat\u00fcrliches Aussehen verleihen.<\/p>\n<p><strong>Attraktiv f\u00fcr Best\u00e4uber:<\/strong> Entwickelt, um Bienen, Schmetterlinge und andere n\u00fctzliche Insekten anzuziehen, die Artenvielfalt zu f\u00f6rdern und die Best\u00e4ubung anderer Pflanzen zu unterst\u00fctzen.<\/p>\n<p><strong>Lang anhaltende Bl\u00fcte:<\/strong> Dank der Artenvielfalt k\u00f6nnen Sie sich die ganze Saison \u00fcber an den Bl\u00fcten erfreuen, vom Fr\u00fchling bis zum Herbst.<\/p>\n<p><strong>Einfacher Anbau:<\/strong> Diese Mischung passt sich an verschiedene Bodentypen und klimatische Bedingungen an und ist daher sowohl f\u00fcr Anf\u00e4nger als auch f\u00fcr erfahrene G\u00e4rtner geeignet.<\/p>\n<p><strong>Ideal f\u00fcr Naturwiesen und Abgrenzungen:<\/strong> Sorgt f\u00fcr ein wildes und entspanntes Aussehen, perfekt f\u00fcr die Gestaltung lebendiger und \u00f6kologischer R\u00e4ume.<\/p>\n<p><strong>Biologischer Anbau:<\/strong> Unser Saatgut ist <strong>100% biologisch<\/strong>, frei von Pestiziden und chemischen D\u00fcngemitteln und f\u00f6rdert einen nachhaltigen und umweltfreundlichen <strong>Garten.<\/strong> <\/p>\n<p>F\u00fcllen Sie Ihren <strong>Garten und Obstgarten<\/strong> mit Leben und Farbe mit dieser <strong>Bio-Blumenmischung<\/strong> und verwandeln Sie Ihren Raum in eine Oase der Natur. Bestellen Sie noch heute und genie\u00dfen Sie eine spektakul\u00e4re Bl\u00fcte! <\/p>\n","protected":false},"featured_media":16805,"comment_status":"open","ping_status":"closed","template":"","meta":{"_acf_changed":false},"product_brand":[],"product_cat":[475],"product_tag":[1580],"class_list":{"0":"post-17726","1":"product","2":"type-product","3":"status-publish","4":"has-post-thumbnail","6":"product_cat-bio-blumensaatgut","7":"product_tag-oko","9":"first","10":"outofstock","11":"taxable","12":"shipping-taxable","13":"purchasable","14":"product-type-variable"},"acf":[],"_links":{"self":[{"href":"https:\/\/cultivers.es\/de\/wp-json\/wp\/v2\/product\/17726","targetHints":{"allow":["GET"]}}],"collection":[{"href":"https:\/\/cultivers.es\/de\/wp-json\/wp\/v2\/product"}],"about":[{"href":"https:\/\/cultivers.es\/de\/wp-json\/wp\/v2\/types\/product"}],"replies":[{"embeddable":true,"href":"https:\/\/cultivers.es\/de\/wp-json\/wp\/v2\/comments?post=17726"}],"wp:featuredmedia":[{"embeddable":true,"href":"https:\/\/cultivers.es\/de\/wp-json\/wp\/v2\/media\/16805"}],"wp:attachment":[{"href":"https:\/\/cultivers.es\/de\/wp-json\/wp\/v2\/media?parent=17726"}],"wp:term":[{"taxonomy":"product_brand","embeddable":true,"href":"https:\/\/cultivers.es\/de\/wp-json\/wp\/v2\/product_brand?post=17726"},{"taxonomy":"product_cat","embeddable":true,"href":"https:\/\/cultivers.es\/de\/wp-json\/wp\/v2\/product_cat?post=17726"},{"taxonomy":"product_tag","embeddable":true,"href":"https:\/\/cultivers.es\/de\/wp-json\/wp\/v2\/product_tag?post=17726"}],"curies":[{"name":"wp","href":"https:\/\/api.w.org\/{rel}","templated":true}]}}