{"id":17727,"date":"2023-09-05T10:29:00","date_gmt":"2023-09-05T10:29:00","guid":{"rendered":"https:\/\/cultivers.es\/abonos\/bio-vier-jahreszeiten-wundersalat-samen\/"},"modified":"2025-09-22T04:50:19","modified_gmt":"2025-09-22T04:50:19","slug":"kopfsalat-vier-jahreszeiten-wunder-salat","status":"publish","type":"product","link":"https:\/\/cultivers.es\/de\/d\u00fcngemittel\/kopfsalat-vier-jahreszeiten-wunder-salat\/","title":{"rendered":"Four Seasons Wonder Salat Samen"},"content":{"rendered":"","protected":false},"excerpt":{"rendered":"<p><strong>Four Seasons Wonder Lettuce<\/strong><em>(Lactuca sativa<\/em>) ist eine klassische und vielseitige Sorte, die f\u00fcr ihre F\u00e4higkeit gesch\u00e4tzt wird, sich an alle Jahreszeiten anzupassen. Seine gewellten, <strong>hellgr\u00fcnen<\/strong> Bl\u00e4tter <strong>mit r\u00f6tlichen Reflexen<\/strong> haben eine knackige Textur und einen milden, s\u00fc\u00dfen Geschmack, ideal f\u00fcr frische, gesunde Salate. Dieser Salat ist sehr ertragreich und einfach anzubauen, perfekt f\u00fcr st\u00e4dtische und traditionelle G\u00e4rten.  <\/p>\n<p><strong>Bunte und schmackhafte Bl\u00e4tter:<\/strong> Mit seiner Mischung aus gr\u00fcnen und r\u00f6tlichen T\u00f6nen ist dieser Salat sowohl im Garten als auch auf dem Teller attraktiv.<\/p>\n<p><strong>Mild im Geschmack und knackig in der Konsistenz:<\/strong> Die zarten, frischen Bl\u00e4tter sind ideal f\u00fcr Salate, Sandwiches und Beilagen.<\/p>\n<p><strong>Anpassungsf\u00e4hig an alle Jahreszeiten:<\/strong> Es handelt sich um eine robuste Sorte, die das ganze Jahr \u00fcber angebaut werden kann und sowohl Hitze als auch m\u00e4\u00dfiger K\u00e4lte standh\u00e4lt.<\/p>\n<p><strong>Hohe Produktivit\u00e4t:<\/strong> Erzeugt gro\u00dfe, kompakte K\u00f6pfe, die eine reiche und kontinuierliche Ernte garantieren.<\/p>\n<p><strong>Einfacher Anbau:<\/strong> Diese Sorte ist perfekt f\u00fcr Anf\u00e4nger und Experten und passt sich gut an verschiedene Bodentypen und Klimazonen an.<\/p>\n<p><strong>Biologischer Anbau:<\/strong> Unser Saatgut ist <strong>100% biologisch<\/strong>, frei von Pestiziden und chemischen D\u00fcngemitteln und f\u00f6rdert einen nachhaltigen und umweltfreundlichen Garten.<\/p>\n<p>Genie\u00dfen Sie den Geschmack, die Frische und die Vielseitigkeit des <strong>Bio-Vier-Jahreszeiten-Wundersalats<\/strong>, eine perfekte Wahl f\u00fcr Ihren Garten zu jeder Jahreszeit. Bestellen Sie noch heute und beginnen Sie mit dem Anbau! <\/p>\n","protected":false},"featured_media":45431,"comment_status":"open","ping_status":"closed","template":"","meta":{"_acf_changed":false},"product_brand":[],"product_cat":[419,476],"product_tag":[1580],"class_list":{"0":"post-17727","1":"product","2":"type-product","3":"status-publish","4":"has-post-thumbnail","6":"product_cat-bio-saatgut","7":"product_cat-bio-saatgut-fur-blattgemuse","8":"product_tag-oko","10":"first","11":"instock","12":"sale","13":"taxable","14":"shipping-taxable","15":"purchasable","16":"product-type-simple"},"acf":[],"_links":{"self":[{"href":"https:\/\/cultivers.es\/de\/wp-json\/wp\/v2\/product\/17727","targetHints":{"allow":["GET"]}}],"collection":[{"href":"https:\/\/cultivers.es\/de\/wp-json\/wp\/v2\/product"}],"about":[{"href":"https:\/\/cultivers.es\/de\/wp-json\/wp\/v2\/types\/product"}],"replies":[{"embeddable":true,"href":"https:\/\/cultivers.es\/de\/wp-json\/wp\/v2\/comments?post=17727"}],"wp:featuredmedia":[{"embeddable":true,"href":"https:\/\/cultivers.es\/de\/wp-json\/wp\/v2\/media\/45431"}],"wp:attachment":[{"href":"https:\/\/cultivers.es\/de\/wp-json\/wp\/v2\/media?parent=17727"}],"wp:term":[{"taxonomy":"product_brand","embeddable":true,"href":"https:\/\/cultivers.es\/de\/wp-json\/wp\/v2\/product_brand?post=17727"},{"taxonomy":"product_cat","embeddable":true,"href":"https:\/\/cultivers.es\/de\/wp-json\/wp\/v2\/product_cat?post=17727"},{"taxonomy":"product_tag","embeddable":true,"href":"https:\/\/cultivers.es\/de\/wp-json\/wp\/v2\/product_tag?post=17727"}],"curies":[{"name":"wp","href":"https:\/\/api.w.org\/{rel}","templated":true}]}}