{"id":17728,"date":"2023-09-05T13:17:13","date_gmt":"2023-09-05T13:17:13","guid":{"rendered":"https:\/\/cultivers.es\/abonos\/bio-oxheart-orange-tomatensamen\/"},"modified":"2025-09-22T04:49:59","modified_gmt":"2025-09-22T04:49:59","slug":"tomaten-herz-gemuse-orange-samen-okologisch","status":"publish","type":"product","link":"https:\/\/cultivers.es\/de\/d\u00fcngemittel\/tomaten-herz-gemuse-orange-samen-okologisch\/","title":{"rendered":"Oxheart Orange Tomatensamen"},"content":{"rendered":"","protected":false},"excerpt":{"rendered":"<p>Die <strong>Orange Beefheart Tomate<\/strong> ist eine traditionelle gro\u00dfe Sorte, die f\u00fcr ihre <strong>herzf\u00f6rmige Form<\/strong> und ihre charakteristische <strong>tief orange<\/strong> Farbe bekannt ist. Diese Tomate zeichnet sich durch ihren s\u00fc\u00dfen und ausgewogenen Geschmack aus, mit einem saftigen Fruchtfleisch und wenigen Kernen, was sie ideal f\u00fcr Salate, frische Saucen oder Gourmetgerichte macht. Au\u00dferdem sorgt der biologische Anbau f\u00fcr eine gesunde und umweltfreundliche Frucht.  <\/p>\n<p><strong>Gro\u00dfe, saftige Fr\u00fcchte:<\/strong> Jede Pflanze produziert gro\u00dfe Tomaten mit einem fleischigen Fruchtfleisch, das sich hervorragend f\u00fcr verschiedene kulinarische Zwecke eignet.<\/p>\n<p><strong>S\u00fc\u00dfer und milder Geschmack:<\/strong> Seine Ausgewogenheit von S\u00e4ure und S\u00fc\u00dfe macht ihn zu einer der beliebtesten Sorten f\u00fcr den Frischverzehr oder f\u00fcr hausgemachte Rezepte.<\/p>\n<p><strong>Hohe Produktivit\u00e4t:<\/strong> Diese Sorte ist robust und bietet eine reiche Ernte, perfekt f\u00fcr Familien- oder Profig\u00e4rten.<\/p>\n<p><strong>Einfach anzubauen:<\/strong> Sie ist an verschiedene Bodentypen und Klimazonen angepasst. Sie ist winterhart und f\u00fcr Anf\u00e4nger und erfahrene G\u00e4rtner geeignet.<\/p>\n<p><strong>Reich an N\u00e4hrstoffen:<\/strong> Als nat\u00fcrliche Quelle von Antioxidantien, Vitamin A und C und Mineralien ist es ein gesundes und nahrhaftes Lebensmittel.<\/p>\n<p><strong>Biologischer Anbau:<\/strong> Unser Saatgut ist <strong>100% biologisch<\/strong>, frei von Pestiziden und chemischen D\u00fcngemitteln und garantiert einen nachhaltigen und umweltfreundlichen Anbau.<\/p>\n<p>F\u00fcllen Sie Ihren <strong>Garten<\/strong> mit Farbe und Geschmack mit der <strong>Bio-Ochsenherz-Tomate<\/strong>, einer traditionellen Sorte, die sowohl durch ihre \u00c4sthetik als auch durch ihren unvergleichlichen Geschmack begeistert. Bestellen Sie noch heute und genie\u00dfen Sie dieses Juwel des Gartens! <\/p>\n","protected":false},"featured_media":17030,"comment_status":"open","ping_status":"closed","template":"","meta":{"_acf_changed":false},"product_brand":[],"product_cat":[438,419],"product_tag":[1580],"woo-feed-brand":[],"class_list":{"0":"post-17728","1":"product","2":"type-product","3":"status-publish","4":"has-post-thumbnail","6":"product_cat-bio-obst-und-gemusesaatgut","7":"product_cat-bio-saatgut","8":"product_tag-oko","10":"first","11":"instock","12":"sale","13":"taxable","14":"shipping-taxable","15":"purchasable","16":"product-type-simple"},"acf":[],"_links":{"self":[{"href":"https:\/\/cultivers.es\/de\/wp-json\/wp\/v2\/product\/17728","targetHints":{"allow":["GET"]}}],"collection":[{"href":"https:\/\/cultivers.es\/de\/wp-json\/wp\/v2\/product"}],"about":[{"href":"https:\/\/cultivers.es\/de\/wp-json\/wp\/v2\/types\/product"}],"replies":[{"embeddable":true,"href":"https:\/\/cultivers.es\/de\/wp-json\/wp\/v2\/comments?post=17728"}],"wp:featuredmedia":[{"embeddable":true,"href":"https:\/\/cultivers.es\/de\/wp-json\/wp\/v2\/media\/17030"}],"wp:attachment":[{"href":"https:\/\/cultivers.es\/de\/wp-json\/wp\/v2\/media?parent=17728"}],"wp:term":[{"taxonomy":"product_brand","embeddable":true,"href":"https:\/\/cultivers.es\/de\/wp-json\/wp\/v2\/product_brand?post=17728"},{"taxonomy":"product_cat","embeddable":true,"href":"https:\/\/cultivers.es\/de\/wp-json\/wp\/v2\/product_cat?post=17728"},{"taxonomy":"product_tag","embeddable":true,"href":"https:\/\/cultivers.es\/de\/wp-json\/wp\/v2\/product_tag?post=17728"},{"taxonomy":"woo-feed-brand","embeddable":true,"href":"https:\/\/cultivers.es\/de\/wp-json\/wp\/v2\/woo-feed-brand?post=17728"}],"curies":[{"name":"wp","href":"https:\/\/api.w.org\/{rel}","templated":true}]}}