{"id":17733,"date":"2023-06-06T08:20:32","date_gmt":"2023-06-06T08:20:32","guid":{"rendered":"https:\/\/cultivers.es\/abonos\/einrichten\/"},"modified":"2025-09-22T04:47:29","modified_gmt":"2025-09-22T04:47:29","slug":"einrichtung","status":"publish","type":"product","link":"https:\/\/cultivers.es\/de\/d\u00fcngemittel\/einrichtung\/","title":{"rendered":"Einrichten"},"content":{"rendered":"<p>Erholt die Pflanze w\u00e4hrend kritischer ph\u00e4nologischer Phasen, um die Bewurzelung, die Keimung, die Bl\u00fcte, den Fruchtansatz und die Fruchtmast zu stimulieren und zu verbessern. Behandeln Sie, bevor ung\u00fcnstige Bedingungen auftreten.<\/p>\n","protected":false},"excerpt":{"rendered":"<p>Es konzentriert die wirksamsten osmoprotektiven Aminos\u00e4uren, die ihm eine einzigartige Wirkungsweise verleihen. Es reguliert das Gleichgewicht der f\u00fcr die pflanzliche Immunit\u00e4t wichtigen Hormone (Brassinosteroide, Salicyls\u00e4ure) und die Expression von Genen, die an antioxidativen Funktionen beteiligt sind.<\/p>\n<p>SET UP stellt die Ressourcen zur Verf\u00fcgung, um den Stoffwechselaufwand f\u00fcr die Anpassung an Stress und die daraus resultierenden Sch\u00e4den zu minimieren. Reaktiviert sofort die physiologischen Prozesse der Pflanze, um das Ertragspotenzial zu erhalten.<\/p>\n","protected":false},"featured_media":0,"comment_status":"open","ping_status":"closed","template":"","meta":{"_acf_changed":false},"product_brand":[],"product_cat":[478,477],"product_tag":[],"woo-feed-brand":[],"class_list":{"0":"post-17733","1":"product","2":"type-product","3":"status-publish","5":"product_cat-aminosauren","6":"product_cat-biostimulanzien","8":"first","9":"instock","10":"taxable","11":"shipping-taxable","12":"purchasable","13":"product-type-simple"},"acf":[],"_links":{"self":[{"href":"https:\/\/cultivers.es\/de\/wp-json\/wp\/v2\/product\/17733","targetHints":{"allow":["GET"]}}],"collection":[{"href":"https:\/\/cultivers.es\/de\/wp-json\/wp\/v2\/product"}],"about":[{"href":"https:\/\/cultivers.es\/de\/wp-json\/wp\/v2\/types\/product"}],"replies":[{"embeddable":true,"href":"https:\/\/cultivers.es\/de\/wp-json\/wp\/v2\/comments?post=17733"}],"wp:attachment":[{"href":"https:\/\/cultivers.es\/de\/wp-json\/wp\/v2\/media?parent=17733"}],"wp:term":[{"taxonomy":"product_brand","embeddable":true,"href":"https:\/\/cultivers.es\/de\/wp-json\/wp\/v2\/product_brand?post=17733"},{"taxonomy":"product_cat","embeddable":true,"href":"https:\/\/cultivers.es\/de\/wp-json\/wp\/v2\/product_cat?post=17733"},{"taxonomy":"product_tag","embeddable":true,"href":"https:\/\/cultivers.es\/de\/wp-json\/wp\/v2\/product_tag?post=17733"},{"taxonomy":"woo-feed-brand","embeddable":true,"href":"https:\/\/cultivers.es\/de\/wp-json\/wp\/v2\/woo-feed-brand?post=17733"}],"curies":[{"name":"wp","href":"https:\/\/api.w.org\/{rel}","templated":true}]}}