{"id":17736,"date":"2023-07-04T04:25:17","date_gmt":"2023-07-04T04:25:17","guid":{"rendered":"https:\/\/cultivers.es\/abonos\/pack-schachtelhalm-und-brennnessel-purin\/"},"modified":"2026-03-19T07:05:48","modified_gmt":"2026-03-19T07:05:48","slug":"pferdeschwanz-und-nessel-purin","status":"publish","type":"product","link":"https:\/\/cultivers.es\/de\/d\u00fcngemittel\/pferdeschwanz-und-nessel-purin\/","title":{"rendered":"Pack Schachtelhalm und Brennnessel Purin"},"content":{"rendered":"<div id=\"productDescription_feature_div\" class=\"celwidget\" data-feature-name=\"productDescription\" data-csa-c-type=\"widget\" data-csa-c-content-id=\"productDescription\" data-csa-c-slot-id=\"productDescription_feature_div\" data-csa-c-asin=\"\" data-csa-c-is-in-initial-active-row=\"false\" data-csa-c-id=\"wn60rw-hd28dm-sm5qt-oq9hhm\" data-cel-widget=\"productDescription_feature_div\">\n<div>\n<div id=\"productDescription_feature_div\" class=\"a-row feature\" data-feature-name=\"productDescription\" data-template-name=\"productDescription\" data-cel-widget=\"productDescription_feature_div\">\n<div id=\"productDescription\" class=\"a-section a-spacing-small\">\n<p>St\u00e4rken Sie Ihre Pflanzen mit CULTIVERS Schachtelhalm: Vorbeugend und heilend. Nat\u00fcrliches Biostimulans zur Vorbeugung und Bek\u00e4mpfung von Pilzkrankheiten wie Mehltau, Echter Mehltau und Rost. \ud83d\udcaa St\u00e4rken Sie den Abwehrmechanismus Ihrer Pflanzen: CULTIVERS Schachtelhalm ist ein Extrakt aus Equisentum Arvense, der das nat\u00fcrliche Schutzsystem der Pflanzen st\u00e4rkt und sie widerstandsf\u00e4higer gegen Krankheiten und Sch\u00e4dlinge macht. Der Extrakt oder die Aufschl\u00e4mmung enth\u00e4lt eine Zusammensetzung, die reich an Verbindungen ist, die den nat\u00fcrlichen Abwehrmechanismus der Pflanzen st\u00e4rken. Es kann als D\u00fcngemittel oder als pflanzenf\u00f6rderndes Mittel eingesetzt werden. Reich an sekund\u00e4ren Elementen wie Schwefel, Silizium und Magnesium.<\/p>\n<\/div>\n<\/div>\n<\/div>\n<\/div>\n","protected":false},"excerpt":{"rendered":"<ul class=\"a-unordered-list a-vertical a-spacing-mini\">\n<li class=\"a-spacing-mini\"><span class=\"a-list-item\">Nat\u00fcrliche St\u00e4rkung Ihrer Pflanzen: Mit CULTIVERS Schachtelhalm werden Ihre Pflanzen dank des Equisentum Arvense-Extrakts st\u00e4rker und widerstandsf\u00e4higer gegen Krankheiten und Sch\u00e4dlinge.<\/span><\/li>\n<li class=\"a-spacing-mini\"><span class=\"a-list-item\">\ud83c\udf44 Vorbeugung und Behandlung von Pilzkrankheiten: Dieses Produkt bek\u00e4mpft wirksam Pilze wie Falschen Mehltau, Echten Mehltau und Rost und sch\u00fctzt Ihre Pflanzen auf nat\u00fcrliche und umweltfreundliche Weise.<\/span><\/li>\n<li class=\"a-spacing-mini\"><span class=\"a-list-item\">Stimulans und organischer D\u00fcnger: CULTIVERS Brennnesseljauche ist eine L\u00f6sung, die reich an Verbindungen ist, die den nat\u00fcrlichen Abwehrmechanismus der Pflanzen st\u00e4rken, und kann als D\u00fcnger oder Stimulans eingesetzt werden.<\/span><\/li>\n<li class=\"a-spacing-mini\"><span class=\"a-list-item\">\ud83d\udca7 \ud83d\udca6 SUPER KONZENTRIERT. Einfache Dosierung und Anwendung: F\u00fcr die Anwendung der Produkte des CULTIVERS-Pflanzenpakets empfehlen wir, diese \u00fcber die Blattapplikation zu verwenden. Mehr Anwendungen mit weniger Produkt.  <\/span><\/li>\n<li class=\"a-spacing-mini\"><span class=\"a-list-item\">Reich an essentiellen Sekund\u00e4relementen: CULTIVERS Schachtelhalm &amp; Brennnessel Purin enth\u00e4lt Schwefel, Silizium und Magnesium, essentielle Elemente f\u00fcr das gesunde Wachstum und die Entwicklung Ihrer Pflanzen.<\/span><\/li>\n<\/ul>\n","protected":false},"featured_media":16780,"comment_status":"open","ping_status":"closed","template":"","meta":{"_acf_changed":false},"product_brand":[],"product_cat":[480,479],"product_tag":[],"woo-feed-brand":[],"class_list":{"0":"post-17736","1":"product","2":"type-product","3":"status-publish","4":"has-post-thumbnail","6":"product_cat-grundlegende-stoffe","7":"product_cat-kulturpflanzen-und-pflanzenschutz","9":"first","10":"instock","11":"taxable","12":"shipping-taxable","13":"purchasable","14":"product-type-variable"},"acf":[],"_links":{"self":[{"href":"https:\/\/cultivers.es\/de\/wp-json\/wp\/v2\/product\/17736","targetHints":{"allow":["GET"]}}],"collection":[{"href":"https:\/\/cultivers.es\/de\/wp-json\/wp\/v2\/product"}],"about":[{"href":"https:\/\/cultivers.es\/de\/wp-json\/wp\/v2\/types\/product"}],"replies":[{"embeddable":true,"href":"https:\/\/cultivers.es\/de\/wp-json\/wp\/v2\/comments?post=17736"}],"wp:featuredmedia":[{"embeddable":true,"href":"https:\/\/cultivers.es\/de\/wp-json\/wp\/v2\/media\/16780"}],"wp:attachment":[{"href":"https:\/\/cultivers.es\/de\/wp-json\/wp\/v2\/media?parent=17736"}],"wp:term":[{"taxonomy":"product_brand","embeddable":true,"href":"https:\/\/cultivers.es\/de\/wp-json\/wp\/v2\/product_brand?post=17736"},{"taxonomy":"product_cat","embeddable":true,"href":"https:\/\/cultivers.es\/de\/wp-json\/wp\/v2\/product_cat?post=17736"},{"taxonomy":"product_tag","embeddable":true,"href":"https:\/\/cultivers.es\/de\/wp-json\/wp\/v2\/product_tag?post=17736"},{"taxonomy":"woo-feed-brand","embeddable":true,"href":"https:\/\/cultivers.es\/de\/wp-json\/wp\/v2\/woo-feed-brand?post=17736"}],"curies":[{"name":"wp","href":"https:\/\/api.w.org\/{rel}","templated":true}]}}