{"id":17741,"date":"2023-07-31T13:32:10","date_gmt":"2023-07-31T13:32:10","guid":{"rendered":"https:\/\/cultivers.es\/abonos\/pflanzlicher-kaliumkorrektor\/"},"modified":"2025-09-22T04:50:25","modified_gmt":"2025-09-22T04:50:25","slug":"kalium-gemuse","status":"publish","type":"product","link":"https:\/\/cultivers.es\/de\/d\u00fcngemittel\/kalium-gemuse\/","title":{"rendered":"Pflanzlicher Kaliumkorrektor"},"content":{"rendered":"<p class=\"p1\">Kalium pflanzlichen Ursprungs, ein aus Algen gewonnenes Produkt, ist ein hochwertiger D\u00fcnger, der Kalium und wichtige Mikroelemente f\u00fcr das Wachstum und die Entwicklung der Pflanzen liefert. Dieser mit der Wurzel ausgebrachte D\u00fcnger zeichnet sich durch seine nat\u00fcrliche und umweltfreundliche Herkunft aus.<\/p>\n<p class=\"p1\">Kalium ist ein Makroelement, das f\u00fcr die Gesundheit unserer Pflanzen von grundlegender Bedeutung ist, da es zur Entwicklung starker Wurzeln beitr\u00e4gt, die Stressresistenz verbessert und die Fruchtqualit\u00e4t f\u00f6rdert. Die in diesem Produkt enthaltenen Spurenelemente wie Eisen, Mangan, Zink und Bor sind f\u00fcr zahlreiche Stoffwechselvorg\u00e4nge in Pflanzen unerl\u00e4sslich.<\/p>\n<p class=\"p1\">Durch die Verwendung dieses pflanzlichen Kaliums gew\u00e4hrleisten Sie eine ausgewogene und vollst\u00e4ndige Ern\u00e4hrung Ihrer Kulturpflanzen. Die Wurzelanwendung erm\u00f6glicht eine effiziente N\u00e4hrstoffaufnahme, f\u00f6rdert ein gesundes Wachstum und erh\u00f6ht die Widerstandsf\u00e4higkeit gegen Krankheiten und widrige Bedingungen.<\/p>\n<p class=\"p1\"><b>VEGAN:<\/b><\/p>\n<p class=\"p2\">Dieses pflanzliche Kalium ist eine ausgezeichnete Wahl f\u00fcr Veganer, die ihre Pflanzen mit pflanzlichen Quellen d\u00fcngen wollen. Als ein aus Algen gewonnenes Produkt ist es v\u00f6llig frei von tierischen Bestandteilen.<\/p>\n<p class=\"p2\">Da es sich um ein pflanzliches Produkt handelt, ist es eine ethische und nachhaltige Alternative, da es nicht zur Ausbeutung von Tieren beitr\u00e4gt und keine negativen Auswirkungen auf die Umwelt hat. Veganer k\u00f6nnen sicher sein, dass sie ihre Pflanzen auf eine Weise pflegen, die mit ihren Werten und ihrem Lebensstil vereinbar ist.<span class=\"Apple-converted-space\"> <\/span><\/p>\n<p class=\"p2\">Er ist nicht nur ein tierfreundlicher D\u00fcnger, sondern bietet auch erhebliche Vorteile f\u00fcr das Wachstum und die Entwicklung unserer Pflanzen in G\u00e4rten und Obstplantagen. Dank seiner hohen Konzentration an Kalium und Spurenelementen gew\u00e4hrleistet es eine ausgewogene Ern\u00e4hrung und eine gr\u00f6\u00dfere Widerstandsf\u00e4higkeit der Pflanzen gegen abiotischen Stress, was sich in ges\u00fcnderen Pflanzen, reichhaltigen Ernten und ausgezeichneter Qualit\u00e4t niederschl\u00e4gt.<\/p>\n<p class=\"p2\">Kurz gesagt, pflanzliches Kalium ist die ideale Wahl f\u00fcr Veganer, die einen nachhaltigen, ethischen und gesunden Lebensstil in \u00dcbereinstimmung mit ihren Werten und ihrem Lebensstil f\u00f6rdern wollen. Gleichzeitig pflegen sie ihre Kulturen und G\u00e4rten auf effektive und umweltfreundliche Weise.<span class=\"Apple-converted-space\"> <\/span><\/p>\n","protected":false},"excerpt":{"rendered":"<p class=\"p1\"><b>Erh\u00f6ht die Widerstandsf\u00e4higkeit der Pflanzen<\/b>: Aus Pflanzen gewonnenes Kalium st\u00e4rkt die Widerstandsf\u00e4higkeit der Pflanzen gegen Krankheiten, Wasserstress und ung\u00fcnstige Umweltbedingungen und verbessert ihre allgemeine Gesundheit.<\/p>\n<p class=\"p1\"><b>Stimuliert das Wurzelwachstum:<\/b> Dieses Produkt f\u00f6rdert die Entwicklung von starken und kr\u00e4ftigen Wurzeln, was die N\u00e4hrstoff- und Wasseraufnahme der Pflanzen verbessert.<\/p>\n<p class=\"p1\"><b>Verbessert die Qualit\u00e4t der Fr\u00fcchte:<\/b> Der Kaliumgehalt tr\u00e4gt zur Verbesserung der Qualit\u00e4t der Fr\u00fcchte bei, indem er ihren Geschmack, ihre Gr\u00f6\u00dfe und ihren N\u00e4hrwert erh\u00f6ht.<\/p>\n<p class=\"p1\"><b>Ausgewogene Pflanzenern\u00e4hrung<\/b>: Dieses Produkt enth\u00e4lt wichtige Mikroelemente und tr\u00e4gt zu einer ausgewogenen Pflanzenern\u00e4hrung bei, die ein gesundes Wachstum und gute Ertr\u00e4ge gew\u00e4hrleistet.<\/p>\n<p class=\"p1\">Mit diesem pflanzlichen Kalium in fester Form k\u00f6nnen Sie sich an einem kr\u00e4ftigeren und produktiveren Garten und Obstgarten erfreuen, ein gesundes Pflanzenwachstum f\u00f6rdern und eine ausgezeichnete Erntequalit\u00e4t erzielen.<\/p>\n","protected":false},"featured_media":16975,"comment_status":"open","ping_status":"closed","template":"","meta":{"_acf_changed":false},"product_brand":[],"product_cat":[711],"product_tag":[],"woo-feed-brand":[],"class_list":{"0":"post-17741","1":"product","2":"type-product","3":"status-publish","4":"has-post-thumbnail","6":"product_cat-reifung-und-ausmast-de","8":"first","9":"instock","10":"taxable","11":"shipping-taxable","12":"purchasable","13":"product-type-variable"},"acf":[],"_links":{"self":[{"href":"https:\/\/cultivers.es\/de\/wp-json\/wp\/v2\/product\/17741","targetHints":{"allow":["GET"]}}],"collection":[{"href":"https:\/\/cultivers.es\/de\/wp-json\/wp\/v2\/product"}],"about":[{"href":"https:\/\/cultivers.es\/de\/wp-json\/wp\/v2\/types\/product"}],"replies":[{"embeddable":true,"href":"https:\/\/cultivers.es\/de\/wp-json\/wp\/v2\/comments?post=17741"}],"wp:featuredmedia":[{"embeddable":true,"href":"https:\/\/cultivers.es\/de\/wp-json\/wp\/v2\/media\/16975"}],"wp:attachment":[{"href":"https:\/\/cultivers.es\/de\/wp-json\/wp\/v2\/media?parent=17741"}],"wp:term":[{"taxonomy":"product_brand","embeddable":true,"href":"https:\/\/cultivers.es\/de\/wp-json\/wp\/v2\/product_brand?post=17741"},{"taxonomy":"product_cat","embeddable":true,"href":"https:\/\/cultivers.es\/de\/wp-json\/wp\/v2\/product_cat?post=17741"},{"taxonomy":"product_tag","embeddable":true,"href":"https:\/\/cultivers.es\/de\/wp-json\/wp\/v2\/product_tag?post=17741"},{"taxonomy":"woo-feed-brand","embeddable":true,"href":"https:\/\/cultivers.es\/de\/wp-json\/wp\/v2\/woo-feed-brand?post=17741"}],"curies":[{"name":"wp","href":"https:\/\/api.w.org\/{rel}","templated":true}]}}