{"id":17752,"date":"2023-07-14T10:58:03","date_gmt":"2023-07-14T10:58:03","guid":{"rendered":"https:\/\/cultivers.es\/abonos\/bambuspfaehle\/"},"modified":"2025-09-22T04:48:30","modified_gmt":"2025-09-22T04:48:30","slug":"nachhilfelehrer-bambu","status":"publish","type":"product","link":"https:\/\/cultivers.es\/de\/d\u00fcngemittel\/nachhilfelehrer-bambu\/","title":{"rendered":"Bambuspf\u00e4hle"},"content":{"rendered":"<p>CULTIVERS, eine Marke, die f\u00fcr ihr Engagement f\u00fcr Qualit\u00e4t und Nachhaltigkeit bekannt ist, pr\u00e4sentiert eine Packung mit 30 Bambus-Pflanzst\u00e4ben, ideal zum St\u00fctzen und Leiten Ihrer Pflanzen im Garten, auf der Terrasse, dem Balkon, der Veranda oder dem Dach. Mit jahrelanger Erfahrung in diesem Sektor ist CULTIVERS zu einer zuverl\u00e4ssigen Wahl f\u00fcr alle geworden, die umweltfreundliche und langlebige Produkte suchen.<\/p>\n<p>Diese nat\u00fcrlichen Bambuspf\u00e4hle sind stark und robust und garantieren eine lange Lebensdauer in Ihrem Garten. Dieses Schilfrohr wird nachhaltig angebaut und von Hand geschnitten, so dass es weder die Umwelt noch Pflanzen und Tiere beeintr\u00e4chtigt. Sie sind auch sehr einfach zu installieren: Stecken Sie einfach die d\u00fcnnen, festen Pf\u00e4hle in den Boden, und wenn Sie sie in der L\u00e4nge anpassen m\u00fcssen, k\u00f6nnen Sie sie einfach k\u00fcrzen.<\/p>\n<p>Die Bambuspf\u00e4hle von CULTIVERS eignen sich perfekt f\u00fcr eine Vielzahl von Zierpflanzen und sorgen daf\u00fcr, dass diese gerade und stark wachsen. Sie sind auch ideal f\u00fcr den Bau von Spalieren, Z\u00e4unen oder als nat\u00fcrliche St\u00fctze f\u00fcr Kletterpflanzen. Ihre Vielseitigkeit macht sie zu einer ausgezeichneten Wahl f\u00fcr die Innen- und Au\u00dfendekoration, da ihre nat\u00fcrlichen Farben jedem Raum eine einzigartige Note verleihen.<\/p>\n<p>Mit diesen Pf\u00e4hlen k\u00f6nnen Sie Ihren eigenen vertikalen Gem\u00fcsegarten anlegen und Gem\u00fcse, Kr\u00e4uter, Obst oder jede Art von Gem\u00fcse anbauen, ohne sich Gedanken \u00fcber die H\u00f6he zu machen.<\/p>\n<p>Kurz gesagt, die Bambus-Pflanzst\u00e4be von CULTIVERS sind eine \u00f6kologische, dauerhafte und vielseitige L\u00f6sung zur Unterst\u00fctzung Ihrer Pflanzen und zur Versch\u00f6nerung Ihrer R\u00e4ume. Warten Sie nicht l\u00e4nger, um in den Genuss seiner vielf\u00e4ltigen Vorteile zu kommen und Ihren Garten in eine gr\u00fcne und gesunde Oase zu verwandeln.<\/p>\n","protected":false},"excerpt":{"rendered":"<div id=\"featurebullets_feature_div\" class=\"celwidget\" data-feature-name=\"featurebullets\" data-csa-c-type=\"widget\" data-csa-c-content-id=\"featurebullets\" data-csa-c-slot-id=\"featurebullets_feature_div\" data-csa-c-asin=\"B0C7CXYSVD\" data-csa-c-is-in-initial-active-row=\"false\" data-csa-c-id=\"hqew4v-rfx582-ixcgmq-dqyj5\" data-cel-widget=\"featurebullets_feature_div\">\n<div id=\"feature-bullets\" class=\"a-section a-spacing-medium a-spacing-top-small\">\n<ul>\n<li><span class=\"a-list-item\"><span class=\"a-list-item\">Bio-Bambusrohre: CULTIVERS bietet 30 nat\u00fcrliche Bambusrohre an, die sich ideal zum St\u00fctzen von Kletterpflanzen wie Tomaten, Gem\u00fcse und B\u00e4umen eignen und ein gesundes und kr\u00e4ftiges Wachstum gew\u00e4hrleisten.<\/span><\/span><\/li>\n<li><span class=\"a-list-item\"><span class=\"a-list-item\">Festigkeit und Langlebigkeit: Bambuspf\u00e4hle sind stark und robust, so dass sie mehrere Jahre in Ihrem Garten halten werden. Sie werden nachhaltig angebaut und von Hand gepfl\u00fcckt und schaden weder Pflanzen noch Tieren.<\/span><\/span><\/li>\n<li><span class=\"a-list-item\"><span class=\"a-list-item\">Einfacher Aufbau: Stecken Sie die d\u00fcnnen, stabilen Pf\u00e4hle einfach in den Boden. Wenn Sie mit der L\u00e4nge nicht zufrieden sind, l\u00e4sst sie sich leicht auf jede beliebige L\u00e4nge zuschneiden und ist ideal f\u00fcr den Bau von Spalieren oder zur nat\u00fcrlichen Unterst\u00fctzung von Kletterpflanzen.<\/span><\/span><\/li>\n<li><span class=\"a-list-item\"><span class=\"a-list-item\">\ud83c\udf3c Vielf\u00e4ltige und dekorative Verwendung: Diese Pf\u00e4hle k\u00f6nnen zur Unterst\u00fctzung einer Vielzahl von Zierpflanzen und auch als dekorative Elemente im Innen- und Au\u00dfenbereich verwendet werden, indem man Spaliere oder Z\u00e4une baut oder sie an die Wand h\u00e4ngt.<\/span><\/span><\/li>\n<li><span class=\"a-list-item\">\ud83c\udfe1 Angepasst an alle Arten von R\u00e4umen: Die Bambuspf\u00e4hle von CULTIVERS eignen sich perfekt f\u00fcr die Einrichtung Ihres Gartens, Ihrer Terrasse, Ihres Balkons, Ihrer Veranda oder Ihres Daches. So k\u00f6nnen Sie Ihren eigenen vertikalen Gem\u00fcsegarten anlegen und Ihr eigenes, selbst angebautes Obst und Gem\u00fcse genie\u00dfen.<\/span><\/li>\n<\/ul>\n<\/div>\n<\/div>\n<div id=\"provenanceCertifications_feature_div\" class=\"celwidget\" data-feature-name=\"provenanceCertifications\" data-csa-c-type=\"widget\" data-csa-c-content-id=\"provenanceCertifications\" data-csa-c-slot-id=\"provenanceCertifications_feature_div\" data-csa-c-asin=\"B0C7CXYSVD\" data-csa-c-is-in-initial-active-row=\"false\" data-csa-c-id=\"9h55pu-p4awvn-8sd9v7-p19yv7\" data-cel-widget=\"provenanceCertifications_feature_div\">\n<div id=\"provenance-certifications\" class=\"a-section a-spacing-medium a-spacing-top-micro\"><\/div>\n<\/div>\n","protected":false},"featured_media":16890,"comment_status":"open","ping_status":"closed","template":"","meta":{"_acf_changed":false},"product_brand":[],"product_cat":[1323],"product_tag":[],"woo-feed-brand":[],"class_list":{"0":"post-17752","1":"product","2":"type-product","3":"status-publish","4":"has-post-thumbnail","6":"product_cat-kindergarten","8":"first","9":"instock","10":"taxable","11":"shipping-taxable","12":"purchasable","13":"product-type-variable"},"acf":[],"_links":{"self":[{"href":"https:\/\/cultivers.es\/de\/wp-json\/wp\/v2\/product\/17752","targetHints":{"allow":["GET"]}}],"collection":[{"href":"https:\/\/cultivers.es\/de\/wp-json\/wp\/v2\/product"}],"about":[{"href":"https:\/\/cultivers.es\/de\/wp-json\/wp\/v2\/types\/product"}],"replies":[{"embeddable":true,"href":"https:\/\/cultivers.es\/de\/wp-json\/wp\/v2\/comments?post=17752"}],"wp:featuredmedia":[{"embeddable":true,"href":"https:\/\/cultivers.es\/de\/wp-json\/wp\/v2\/media\/16890"}],"wp:attachment":[{"href":"https:\/\/cultivers.es\/de\/wp-json\/wp\/v2\/media?parent=17752"}],"wp:term":[{"taxonomy":"product_brand","embeddable":true,"href":"https:\/\/cultivers.es\/de\/wp-json\/wp\/v2\/product_brand?post=17752"},{"taxonomy":"product_cat","embeddable":true,"href":"https:\/\/cultivers.es\/de\/wp-json\/wp\/v2\/product_cat?post=17752"},{"taxonomy":"product_tag","embeddable":true,"href":"https:\/\/cultivers.es\/de\/wp-json\/wp\/v2\/product_tag?post=17752"},{"taxonomy":"woo-feed-brand","embeddable":true,"href":"https:\/\/cultivers.es\/de\/wp-json\/wp\/v2\/woo-feed-brand?post=17752"}],"curies":[{"name":"wp","href":"https:\/\/api.w.org\/{rel}","templated":true}]}}