{"id":17754,"date":"2023-07-07T13:58:05","date_gmt":"2023-07-07T13:58:05","guid":{"rendered":"https:\/\/cultivers.es\/abonos\/zitronensaeure-wasserfrei\/"},"modified":"2025-09-22T04:48:36","modified_gmt":"2025-09-22T04:48:36","slug":"cultivers-citric-acid-anhydro-acid","status":"publish","type":"product","link":"https:\/\/cultivers.es\/de\/d\u00fcngemittel\/cultivers-citric-acid-anhydro-acid\/","title":{"rendered":"Zitronens\u00e4ure wasserfrei"},"content":{"rendered":"","protected":false},"excerpt":{"rendered":"<div id=\"featurebullets_feature_div\" class=\"celwidget\" data-feature-name=\"featurebullets\" data-csa-c-type=\"widget\" data-csa-c-content-id=\"featurebullets\" data-csa-c-slot-id=\"featurebullets_feature_div\" data-csa-c-asin=\"B0C8Z2FVRH\" data-csa-c-is-in-initial-active-row=\"false\" data-csa-c-id=\"2d4w6n-txdvr1-blqe7g-yp5qwt\" data-cel-widget=\"featurebullets_feature_div\">\n<div id=\"feature-bullets\" class=\"a-section a-spacing-medium a-spacing-top-small\">\n<ul class=\"a-unordered-list a-vertical a-spacing-mini\">\n<li class=\"a-spacing-mini\"><span class=\"a-list-item\">\ud83c\udf31 Tadellose G\u00e4rten und Au\u00dfenanlagen: CULTIVERS Zitronens\u00e4ure ist ideal, um Saatbeete, Pflanzgef\u00e4\u00dfe, Gartenger\u00e4te, Grills und Gartenm\u00f6bel in perfektem Zustand zu halten. Ihr Garten wird immer strahlend aussehen!<\/span><\/li>\n<li class=\"a-spacing-mini\"><span class=\"a-list-item\">\u267b\ufe0f Umweltfreundlich und vielseitig einsetzbar: Unsere 100 % reine Zitronens\u00e4ure ist ideal f\u00fcr die Reinigung von Haushalten und Geb\u00e4uden, frei von GMOs und Antibackmitteln. Ein umweltfreundliches und GMO-freies Produkt<\/span><\/li>\n<li class=\"a-spacing-mini\"><span class=\"a-list-item\">Landwirtschaft und pH-Korrektur: Die Zitronens\u00e4ure von CULTIVERS eignet sich hervorragend f\u00fcr die pH-Regulierung im \u00f6kologischen Landbau, die F\u00f6rderung der Bodenmikrobiologie und die Beseitigung von Verstopfungen bei der Bew\u00e4sserung. Ein Verb\u00fcndeter f\u00fcr Ihre Kulturpflanzen!<\/span><\/li>\n<li class=\"a-spacing-mini\"><span class=\"a-list-item\">\ud83d\udca7 Verbessert das Bew\u00e4sserungswasser und die Desinfektion: Verwenden Sie unsere Zitronens\u00e4ure als pH-Korrekturmittel im Bew\u00e4sserungswasser, um die mikrobielle Aktivit\u00e4t im Boden zu f\u00f6rdern. Es eignet sich auch hervorragend zur Reinigung und Desinfektion von Tropfern, Ger\u00e4ten und Abfl\u00fcssen.<\/span><\/li>\n<li class=\"a-spacing-mini\"><span class=\"a-list-item\">\ud83c\udfe0 Gl\u00e4nzende K\u00fcchen und B\u00e4der: CULTIVERS Zitronens\u00e4ure ist ideal f\u00fcr die Reinigung von Badewannen, Waschbecken, Toiletten, Armaturen und Fliesen in Badezimmern sowie f\u00fcr die Entfettung von K\u00fcchenutensilien und f\u00fcr saubere und gl\u00e4nzende Oberfl\u00e4chen.<\/span><\/li>\n<\/ul>\n<\/div>\n<\/div>\n<div id=\"provenanceCertifications_feature_div\" class=\"celwidget\" data-feature-name=\"provenanceCertifications\" data-csa-c-type=\"widget\" data-csa-c-content-id=\"provenanceCertifications\" data-csa-c-slot-id=\"provenanceCertifications_feature_div\" data-csa-c-asin=\"B0C8Z2FVRH\" data-csa-c-is-in-initial-active-row=\"false\" data-csa-c-id=\"dyqgc4-xfgm8h-p11qwx-6us0q3\" data-cel-widget=\"provenanceCertifications_feature_div\">\n<div id=\"provenance-certifications\" class=\"a-section a-spacing-medium a-spacing-top-micro\"><\/div>\n<\/div>\n","protected":false},"featured_media":16835,"comment_status":"open","ping_status":"closed","template":"","meta":{"_acf_changed":false},"product_brand":[],"product_cat":[692],"product_tag":[],"woo-feed-brand":[],"class_list":{"0":"post-17754","1":"product","2":"type-product","3":"status-publish","4":"has-post-thumbnail","6":"product_cat-rohmaterialien","8":"first","9":"instock","10":"taxable","11":"shipping-taxable","12":"purchasable","13":"product-type-variable"},"acf":[],"_links":{"self":[{"href":"https:\/\/cultivers.es\/de\/wp-json\/wp\/v2\/product\/17754","targetHints":{"allow":["GET"]}}],"collection":[{"href":"https:\/\/cultivers.es\/de\/wp-json\/wp\/v2\/product"}],"about":[{"href":"https:\/\/cultivers.es\/de\/wp-json\/wp\/v2\/types\/product"}],"replies":[{"embeddable":true,"href":"https:\/\/cultivers.es\/de\/wp-json\/wp\/v2\/comments?post=17754"}],"wp:featuredmedia":[{"embeddable":true,"href":"https:\/\/cultivers.es\/de\/wp-json\/wp\/v2\/media\/16835"}],"wp:attachment":[{"href":"https:\/\/cultivers.es\/de\/wp-json\/wp\/v2\/media?parent=17754"}],"wp:term":[{"taxonomy":"product_brand","embeddable":true,"href":"https:\/\/cultivers.es\/de\/wp-json\/wp\/v2\/product_brand?post=17754"},{"taxonomy":"product_cat","embeddable":true,"href":"https:\/\/cultivers.es\/de\/wp-json\/wp\/v2\/product_cat?post=17754"},{"taxonomy":"product_tag","embeddable":true,"href":"https:\/\/cultivers.es\/de\/wp-json\/wp\/v2\/product_tag?post=17754"},{"taxonomy":"woo-feed-brand","embeddable":true,"href":"https:\/\/cultivers.es\/de\/wp-json\/wp\/v2\/woo-feed-brand?post=17754"}],"curies":[{"name":"wp","href":"https:\/\/api.w.org\/{rel}","templated":true}]}}