{"id":17810,"date":"2021-10-22T12:12:46","date_gmt":"2021-10-22T12:12:46","guid":{"rendered":"https:\/\/cultivers.es\/abonos\/tropischer-bio-fluessigduenger\/"},"modified":"2025-09-22T04:53:11","modified_gmt":"2025-09-22T04:53:11","slug":"dunger-tropisch-tropen-okologisch-flussig","status":"publish","type":"product","link":"https:\/\/cultivers.es\/de\/d\u00fcngemittel\/dunger-tropisch-tropen-okologisch-flussig\/","title":{"rendered":"Tropischer Bio-Fl\u00fcssigd\u00fcnger"},"content":{"rendered":"<p>Organischer Fl\u00fcssigd\u00fcnger <a href=\"https:\/\/cultivers.es\/de\/abonos-ecologicos\/die-anpflanzung\/tropisch\/\">f\u00fcr die Tropen<\/a>. Tropischer organischer D\u00fcnger ist eine fl\u00fcssige organische Verbindung mit sofortiger Wirkung, die f\u00fcr die kontinuierliche Versorgung mit N\u00e4hrstoffen entwickelt wurde. Seine Formel enth\u00e4lt Eisen, Zink und Mangan, die durch EDTA chelatisiert sind, um den Fruchtansatz und die Fruchtproduktion zu steigern. Sein Kaliumgehalt verbessert die Mast und den Ertrag der Fr\u00fcchte.<\/p>\n","protected":false},"excerpt":{"rendered":"<ul class=\"a-unordered-list a-vertical a-spacing-mini\">\n<li><span class=\"a-list-item\">Spezieller organischer Fl\u00fcssigd\u00fcnger f\u00fcr tropische Kulturen f\u00fcr Avocado, Mango, Litschi, Pitahaya, Papaya und Guave.<\/span><\/li>\n<li><span class=\"a-list-item\">Optimale Ausgewogenheit der wesentlichen N\u00e4hrstoffe f\u00fcr das vegetative Wachstum und die Fruchtbildung<\/span><\/li>\n<li><span class=\"a-list-item\">npk 3-1-7 L\u00f6sung; kombinierte Zufuhr von Makron\u00e4hrstoffen (Stickstoff, Phosphor und Kalium) und Mikron\u00e4hrstoffen (Bor, Kalzium, Eisen, Magnesium, Molybd\u00e4n und Zink) f\u00fcr eine vollst\u00e4ndigere und ausgewogenere Ern\u00e4hrung; Aminos\u00e4uren beg\u00fcnstigen die Aufnahme der Elemente und haben eine biostimulierende Wirkung.<\/span><\/li>\n<li><span class=\"a-list-item\">Erleichtert die Pflanzenentwicklung in Stresssituationen und erm\u00f6glicht eine bessere Erholung der Pflanzen.<\/span><\/li>\n<li><span class=\"a-list-item\">100% nat\u00fcrliches und tierfreundliches, umweltfreundliches Produkt.<\/span><\/li>\n<\/ul>\n","protected":false},"featured_media":27259,"comment_status":"open","ping_status":"closed","template":"","meta":{"_acf_changed":false},"product_brand":[],"product_cat":[333,384],"product_tag":[1414],"class_list":{"0":"post-17810","1":"product","2":"type-product","3":"status-publish","4":"has-post-thumbnail","6":"product_cat-dungemittel","7":"product_cat-flussigdunger","8":"product_tag-caae-de","10":"first","11":"instock","12":"taxable","13":"shipping-taxable","14":"purchasable","15":"product-type-variable"},"acf":[],"_links":{"self":[{"href":"https:\/\/cultivers.es\/de\/wp-json\/wp\/v2\/product\/17810","targetHints":{"allow":["GET"]}}],"collection":[{"href":"https:\/\/cultivers.es\/de\/wp-json\/wp\/v2\/product"}],"about":[{"href":"https:\/\/cultivers.es\/de\/wp-json\/wp\/v2\/types\/product"}],"replies":[{"embeddable":true,"href":"https:\/\/cultivers.es\/de\/wp-json\/wp\/v2\/comments?post=17810"}],"wp:featuredmedia":[{"embeddable":true,"href":"https:\/\/cultivers.es\/de\/wp-json\/wp\/v2\/media\/27259"}],"wp:attachment":[{"href":"https:\/\/cultivers.es\/de\/wp-json\/wp\/v2\/media?parent=17810"}],"wp:term":[{"taxonomy":"product_brand","embeddable":true,"href":"https:\/\/cultivers.es\/de\/wp-json\/wp\/v2\/product_brand?post=17810"},{"taxonomy":"product_cat","embeddable":true,"href":"https:\/\/cultivers.es\/de\/wp-json\/wp\/v2\/product_cat?post=17810"},{"taxonomy":"product_tag","embeddable":true,"href":"https:\/\/cultivers.es\/de\/wp-json\/wp\/v2\/product_tag?post=17810"}],"curies":[{"name":"wp","href":"https:\/\/api.w.org\/{rel}","templated":true}]}}