{"id":17857,"date":"2021-10-22T12:12:46","date_gmt":"2021-10-22T12:12:46","guid":{"rendered":"https:\/\/cultivers.es\/abonos\/oekologischer-fluessigduenger-universal\/"},"modified":"2025-09-22T04:54:01","modified_gmt":"2025-09-22T04:54:01","slug":"dunger-universal-okologisch-flussig","status":"publish","type":"product","link":"https:\/\/cultivers.es\/de\/d\u00fcngemittel\/dunger-universal-okologisch-flussig\/","title":{"rendered":"\u00d6kologischer Fl\u00fcssigd\u00fcnger Universal"},"content":{"rendered":"<p>Organischer Universal-Fl\u00fcssigd\u00fcnger f\u00fcr alle Arten von Pflanzen im Innen- und Au\u00dfenbereich. Ges\u00fcndere und kr\u00e4ftigere Pflanzen. Erleichtert die Pflanzenentwicklung in Stresssituationen und erm\u00f6glicht eine bessere Erholung der Pflanzen. Optimale Ausgewogenheit der wesentlichen N\u00e4hrstoffe f\u00fcr die vegetative Entwicklung und die Fruchtbildung. L\u00f6sung npk 4-1-7. Die kombinierte Versorgung mit Makron\u00e4hrstoffen (Stickstoff, Phosphor und Kalium) und Mikron\u00e4hrstoffen (Bor, Kalzium, Eisen, Mangan, Molybd\u00e4n und Zink) sorgt f\u00fcr eine vollst\u00e4ndigere und ausgewogenere Ern\u00e4hrung. Aminos\u00e4uren beg\u00fcnstigen die Assimilation der Elemente und verleihen ihm eine biostimulierende Wirkung. 100% nat\u00fcrliches Produkt, unsch\u00e4dlich f\u00fcr Tiere und umweltfreundlich. Fl\u00fcssiger organischer Universald\u00fcnger. 100% organischer und nat\u00fcrlicher D\u00fcnger. Npk-L\u00f6sung (4-1-7) mit Mikron\u00e4hrstoffen (b, cu, fe, mn, mo und zn) und Aminos\u00e4uren.<\/p>\n","protected":false},"excerpt":{"rendered":"<ul class=\"a-unordered-list a-vertical a-spacing-mini\">\n<li><span class=\"a-list-item\">Organischer Universal-Fl\u00fcssigd\u00fcnger f\u00fcr alle Arten von Pflanzen im Innen- und Au\u00dfenbereich.<\/span><\/li>\n<li><span class=\"a-list-item\">Ges\u00fcndere und kr\u00e4ftigere Pflanzen. Erleichtert die Pflanzenentwicklung in Stresssituationen und erm\u00f6glicht eine bessere Erholung der Pflanzen.<\/span><\/li>\n<li><span class=\"a-list-item\">Optimale Ausgewogenheit der wesentlichen N\u00e4hrstoffe f\u00fcr die vegetative Entwicklung und die Fruchtbildung.<\/span><\/li>\n<li><span class=\"a-list-item\">NPK 4-1-7 L\u00f6sung. Kombinierte Versorgung mit Makron\u00e4hrstoffen (Stickstoff, Phosphor und Kalium) und Mikron\u00e4hrstoffen (Bor, Calcium, Eisen, Magnesium, Molybd\u00e4n und Zink) f\u00fcr eine vollst\u00e4ndigere und ausgewogenere Ern\u00e4hrung. Aminos\u00e4uren f\u00f6rdern die Assimilation der Elemente und verleihen ihm eine biostimulierende Wirkung.<\/span><\/li>\n<li><span class=\"a-list-item\">Das Produkt ist 100% nat\u00fcrlich und unsch\u00e4dlich f\u00fcr Tiere, umweltfreundlich.<\/span><\/li>\n<\/ul>\n","protected":false},"featured_media":53746,"comment_status":"open","ping_status":"closed","template":"","meta":{"_acf_changed":false},"product_brand":[],"product_cat":[333,384],"product_tag":[1414],"class_list":{"0":"post-17857","1":"product","2":"type-product","3":"status-publish","4":"has-post-thumbnail","6":"product_cat-dungemittel","7":"product_cat-flussigdunger","8":"product_tag-caae-de","10":"first","11":"instock","12":"taxable","13":"shipping-taxable","14":"purchasable","15":"product-type-variable"},"acf":[],"_links":{"self":[{"href":"https:\/\/cultivers.es\/de\/wp-json\/wp\/v2\/product\/17857","targetHints":{"allow":["GET"]}}],"collection":[{"href":"https:\/\/cultivers.es\/de\/wp-json\/wp\/v2\/product"}],"about":[{"href":"https:\/\/cultivers.es\/de\/wp-json\/wp\/v2\/types\/product"}],"replies":[{"embeddable":true,"href":"https:\/\/cultivers.es\/de\/wp-json\/wp\/v2\/comments?post=17857"}],"wp:featuredmedia":[{"embeddable":true,"href":"https:\/\/cultivers.es\/de\/wp-json\/wp\/v2\/media\/53746"}],"wp:attachment":[{"href":"https:\/\/cultivers.es\/de\/wp-json\/wp\/v2\/media?parent=17857"}],"wp:term":[{"taxonomy":"product_brand","embeddable":true,"href":"https:\/\/cultivers.es\/de\/wp-json\/wp\/v2\/product_brand?post=17857"},{"taxonomy":"product_cat","embeddable":true,"href":"https:\/\/cultivers.es\/de\/wp-json\/wp\/v2\/product_cat?post=17857"},{"taxonomy":"product_tag","embeddable":true,"href":"https:\/\/cultivers.es\/de\/wp-json\/wp\/v2\/product_tag?post=17857"}],"curies":[{"name":"wp","href":"https:\/\/api.w.org\/{rel}","templated":true}]}}