{"id":17858,"date":"2021-10-22T12:12:46","date_gmt":"2021-10-22T12:12:46","guid":{"rendered":"https:\/\/cultivers.es\/abonos\/bio-fluessigduenger-fuer-zitrusfruechte\/"},"modified":"2025-09-22T04:54:18","modified_gmt":"2025-09-22T04:54:18","slug":"bio-zitrus-flussig-okodunger","status":"publish","type":"product","link":"https:\/\/cultivers.es\/de\/d\u00fcngemittel\/bio-zitrus-flussig-okodunger\/","title":{"rendered":"Bio-Fl\u00fcssigd\u00fcnger f\u00fcr Zitrusfr\u00fcchte"},"content":{"rendered":"<div class=\"page\" title=\"Seite 1\">\n<div class=\"section\">\n<div class=\"layoutArea\">\n<div class=\"column\">\n<p>Unser organischer Fl\u00fcssigd\u00fcnger f\u00fcr Zitrusfr\u00fcchte ist ein organischer D\u00fcnger f\u00fcr Zitrusfr\u00fcchte in fl\u00fcssiger Form. Formuliert mit einem ausgewogenen Verh\u00e4ltnis von Makro- und Mikron\u00e4hrstoffen, um die lebenswichtigen Bed\u00fcrfnisse der Pflanzen w\u00e4hrend des gesamten Wachstumszyklus zu erf\u00fcllen. Enth\u00e4lt 6 % <a href=\"https:\/\/cultivers.es\/de\/abonos-ecologicos\/dungemittel\/biostimulanzien\/aminosauren\/\">Aminos\u00e4uren<\/a>, die ein schnelles Wachstum der B\u00e4ume f\u00f6rdern. Es f\u00f6rdert die Bl\u00fcte, den Fruchtansatz und die Fruchtmast sowie einen guten Fruchtgeschmack.<\/p>\n<\/div>\n<\/div>\n<\/div>\n<\/div>\n","protected":false},"excerpt":{"rendered":"<ul class=\"a-unordered-list a-vertical a-spacing-mini\">\n<li><span class=\"a-list-item\">Spezieller organischer Fl\u00fcssigd\u00fcnger f\u00fcr Zitrusfr\u00fcchte: Zitrone, Orange, Grapefruit, Mandarine, Limette usw.<\/span><\/li>\n<li><span class=\"a-list-item\">Optimale Ausgewogenheit der wesentlichen N\u00e4hrstoffe f\u00fcr das vegetative Wachstum und die Fruchtbildung<\/span><\/li>\n<li><span class=\"a-list-item\">npk 4-1-7 L\u00f6sung; kombinierte Zufuhr von Makron\u00e4hrstoffen (Stickstoff, Phosphor und Kalium) und Mikron\u00e4hrstoffen (Bor, Eisen, Magnesium, Molybd\u00e4n und Zink) f\u00fcr eine vollst\u00e4ndigere und ausgewogenere Ern\u00e4hrung; Aminos\u00e4uren beg\u00fcnstigen die Assimilation der Elemente und bieten eine biostimulierende Wirkung<\/span><\/li>\n<li><span class=\"a-list-item\">Erleichtert die Pflanzenentwicklung in Stresssituationen und erm\u00f6glicht eine bessere Erholung der Pflanzen.<\/span><\/li>\n<li><span class=\"a-list-item\">100% nat\u00fcrliches und tierfreundliches, umweltfreundliches Produkt.<\/span><\/li>\n<\/ul>\n","protected":false},"featured_media":49564,"comment_status":"open","ping_status":"closed","template":"","meta":{"_acf_changed":false},"product_brand":[],"product_cat":[333,384,524],"product_tag":[1414],"class_list":{"0":"post-17858","1":"product","2":"type-product","3":"status-publish","4":"has-post-thumbnail","6":"product_cat-dungemittel","7":"product_cat-flussigdunger","8":"product_cat-zitrusfruchte","9":"product_tag-caae-de","11":"first","12":"instock","13":"taxable","14":"shipping-taxable","15":"purchasable","16":"product-type-variable"},"acf":[],"_links":{"self":[{"href":"https:\/\/cultivers.es\/de\/wp-json\/wp\/v2\/product\/17858","targetHints":{"allow":["GET"]}}],"collection":[{"href":"https:\/\/cultivers.es\/de\/wp-json\/wp\/v2\/product"}],"about":[{"href":"https:\/\/cultivers.es\/de\/wp-json\/wp\/v2\/types\/product"}],"replies":[{"embeddable":true,"href":"https:\/\/cultivers.es\/de\/wp-json\/wp\/v2\/comments?post=17858"}],"wp:featuredmedia":[{"embeddable":true,"href":"https:\/\/cultivers.es\/de\/wp-json\/wp\/v2\/media\/49564"}],"wp:attachment":[{"href":"https:\/\/cultivers.es\/de\/wp-json\/wp\/v2\/media?parent=17858"}],"wp:term":[{"taxonomy":"product_brand","embeddable":true,"href":"https:\/\/cultivers.es\/de\/wp-json\/wp\/v2\/product_brand?post=17858"},{"taxonomy":"product_cat","embeddable":true,"href":"https:\/\/cultivers.es\/de\/wp-json\/wp\/v2\/product_cat?post=17858"},{"taxonomy":"product_tag","embeddable":true,"href":"https:\/\/cultivers.es\/de\/wp-json\/wp\/v2\/product_tag?post=17858"}],"curies":[{"name":"wp","href":"https:\/\/api.w.org\/{rel}","templated":true}]}}