{"id":17859,"date":"2021-10-22T12:12:46","date_gmt":"2021-10-22T12:12:46","guid":{"rendered":"https:\/\/cultivers.es\/abonos\/organischer-fluessigduenger-fuer-kakteen\/"},"modified":"2025-09-22T04:53:29","modified_gmt":"2025-09-22T04:53:29","slug":"bio-flussig-okologischer-dunger-kaktusdunger","status":"publish","type":"product","link":"https:\/\/cultivers.es\/de\/d\u00fcngemittel\/bio-flussig-okologischer-dunger-kaktusdunger\/","title":{"rendered":"Organischer Fl\u00fcssigd\u00fcnger f\u00fcr Kakteen"},"content":{"rendered":"<div class=\"page\" title=\"Seite 1\">\n<div class=\"section\">\n<div class=\"layoutArea\">\n<div class=\"column\">\n<p>Organischer Fl\u00fcssigd\u00fcnger f\u00fcr Kakteen ist ein <a href=\"https:\/\/cultivers.es\/de\/abonos-ecologicos\/die-anpflanzung\/kakteen-sukkulenten-und-sukkulenten\/\">\u00f6kologischer und organischer Fl\u00fcssigd\u00fcnger<\/a>. Formuliert f\u00fcr eine optimale Ern\u00e4hrung von Kakteen und Sukkulenten. Dieser D\u00fcnger erh\u00f6ht die Pflanzenreserven und f\u00f6rdert eine ausgewogene Entwicklung und den Gewebeturgor. Verhindert Nackenf\u00e4ule. Dieser D\u00fcnger enth\u00e4lt auch Aminos\u00e4uren f\u00fcr ein angemessenes und gleichm\u00e4\u00dfiges Wachstum der Pflanze.<\/p>\n<\/div>\n<\/div>\n<\/div>\n<\/div>\n","protected":false},"excerpt":{"rendered":"<ul class=\"a-unordered-list a-vertical a-spacing-mini\">\n<li><span class=\"a-list-item\">Fl\u00fcssiger organischer Universald\u00fcnger f\u00fcr alle Arten von Kakteen und Sukkulenten<\/span><\/li>\n<li><span class=\"a-list-item\">Krankheitsresistentere Pflanzen; erleichtert die Pflanzenentwicklung in Stresssituationen und erm\u00f6glicht eine bessere Erholung der Pflanzen.<\/span><\/li>\n<li><span class=\"a-list-item\">Optimale Ausgewogenheit der wesentlichen N\u00e4hrstoffe f\u00fcr das vegetative Wachstum und die Fruchtbildung<\/span><\/li>\n<li><span class=\"a-list-item\">Npk 4-1-7 L\u00f6sung; die kombinierte Zufuhr von Makron\u00e4hrstoffen (Stickstoff, Phosphor und Kalium) und Mikron\u00e4hrstoffen (Bor, Kalzium, Eisen, Mangan, Molybd\u00e4n und Zink) sorgt f\u00fcr eine vollst\u00e4ndigere und ausgewogenere Ern\u00e4hrung; die Aminos\u00e4uren beg\u00fcnstigen die Assimilation der Elemente und verleihen ihr eine biostimulierende Wirkung.<\/span><\/li>\n<li><span class=\"a-list-item\">100% nat\u00fcrliches und tierfreundliches, umweltfreundliches Produkt.<\/span><\/li>\n<\/ul>\n","protected":false},"featured_media":27168,"comment_status":"open","ping_status":"closed","template":"","meta":{"_acf_changed":false},"product_brand":[],"product_cat":[333,384],"product_tag":[1414],"class_list":{"0":"post-17859","1":"product","2":"type-product","3":"status-publish","4":"has-post-thumbnail","6":"product_cat-dungemittel","7":"product_cat-flussigdunger","8":"product_tag-caae-de","10":"first","11":"instock","12":"taxable","13":"shipping-taxable","14":"purchasable","15":"product-type-variable"},"acf":[],"_links":{"self":[{"href":"https:\/\/cultivers.es\/de\/wp-json\/wp\/v2\/product\/17859","targetHints":{"allow":["GET"]}}],"collection":[{"href":"https:\/\/cultivers.es\/de\/wp-json\/wp\/v2\/product"}],"about":[{"href":"https:\/\/cultivers.es\/de\/wp-json\/wp\/v2\/types\/product"}],"replies":[{"embeddable":true,"href":"https:\/\/cultivers.es\/de\/wp-json\/wp\/v2\/comments?post=17859"}],"wp:featuredmedia":[{"embeddable":true,"href":"https:\/\/cultivers.es\/de\/wp-json\/wp\/v2\/media\/27168"}],"wp:attachment":[{"href":"https:\/\/cultivers.es\/de\/wp-json\/wp\/v2\/media?parent=17859"}],"wp:term":[{"taxonomy":"product_brand","embeddable":true,"href":"https:\/\/cultivers.es\/de\/wp-json\/wp\/v2\/product_brand?post=17859"},{"taxonomy":"product_cat","embeddable":true,"href":"https:\/\/cultivers.es\/de\/wp-json\/wp\/v2\/product_cat?post=17859"},{"taxonomy":"product_tag","embeddable":true,"href":"https:\/\/cultivers.es\/de\/wp-json\/wp\/v2\/product_tag?post=17859"}],"curies":[{"name":"wp","href":"https:\/\/api.w.org\/{rel}","templated":true}]}}