{"id":17860,"date":"2021-10-22T12:12:46","date_gmt":"2021-10-22T12:12:46","guid":{"rendered":"https:\/\/cultivers.es\/abonos\/organischer-fluessigduenger-fuer-nadelbaeume\/"},"modified":"2025-09-22T04:53:57","modified_gmt":"2025-09-22T04:53:57","slug":"bio-flussig-okologische-dunger-koniferen-dunger","status":"publish","type":"product","link":"https:\/\/cultivers.es\/de\/d\u00fcngemittel\/bio-flussig-okologische-dunger-koniferen-dunger\/","title":{"rendered":"Organischer Fl\u00fcssigd\u00fcnger f\u00fcr Nadelb\u00e4ume"},"content":{"rendered":"<div class=\"page\" title=\"Seite 1\">\n<div class=\"section\">\n<div class=\"layoutArea\">\n<div class=\"column\">\n<p>Organischer Fl\u00fcssigd\u00fcnger f\u00fcr Nadelb\u00e4ume und Hecken ist eine fl\u00fcssige organische Verbindung mit Aminos\u00e4uren, die f\u00fcr ein schnelles und kr\u00e4ftiges Pflanzenwachstum entwickelt wurde. Die kontinuierliche Zufuhr dieses D\u00fcngers regt das Wurzelwachstum an, sorgt f\u00fcr ein gleichm\u00e4\u00dfiges Wachstum und erh\u00f6ht die Widerstandsf\u00e4higkeit gegen\u00fcber Extremsituationen wie K\u00e4lte oder Hitze, verhindert so das Verbr\u00e4unen (Austrocknen der Bl\u00e4tter) und f\u00f6rdert die Bildung gesunder, gr\u00fcner Bl\u00e4tter.<\/p>\n<p>Organischer Fl\u00fcssigd\u00fcnger f\u00fcr Nadelb\u00e4ume und Hecken enth\u00e4lt <a href=\"https:\/\/cultivers.es\/de\/abonos\/eisenchelat\/\">Eisen<\/a>, Zink und Mangan, die durch EDTA chelatisiert werden, um den Fruchtansatz und die Fruchtproduktion zu steigern. Sein Kaliumgehalt verbessert die Mast und den Ertrag der Fr\u00fcchte.<\/p>\n<\/div>\n<\/div>\n<\/div>\n<\/div>\n","protected":false},"excerpt":{"rendered":"<ul class=\"a-unordered-list a-vertical a-spacing-mini\">\n<li><span class=\"a-list-item\">Fl\u00fcssiger organischer Speziald\u00fcnger f\u00fcr Nadelb\u00e4ume und Hecken (Kiefern, Tannen, Zypressen, Thujas)<\/span><\/li>\n<li><span class=\"a-list-item\">F\u00f6rdert das Wachstum von B\u00e4umen und Bl\u00e4ttern, sorgt f\u00fcr starke und gesunde B\u00e4ume<\/span><\/li>\n<li><span class=\"a-list-item\">npk 4-1-4-L\u00f6sung; kombinierte Zufuhr von Makron\u00e4hrstoffen (Stickstoff, Phosphor und Kalium) und Mikron\u00e4hrstoffen (Bor, Kalzium, Eisen, Mangan, Molybd\u00e4n und Zink) f\u00fcr eine vollst\u00e4ndigere und ausgewogenere Ern\u00e4hrung; Aminos\u00e4uren beg\u00fcnstigen die Aufnahme der Elemente und haben eine biostimulierende Wirkung<\/span><\/li>\n<li><span class=\"a-list-item\">Erleichtert die Entwicklung der Pflanzen in Stresssituationen, erm\u00f6glicht eine bessere Erholung der Pflanzen und beugt Krankheiten vor<\/span><\/li>\n<li><span class=\"a-list-item\">100% nat\u00fcrliches und tierfreundliches, umweltfreundliches Produkt.<\/span><\/li>\n<\/ul>\n","protected":false},"featured_media":27150,"comment_status":"open","ping_status":"closed","template":"","meta":{"_acf_changed":false},"product_brand":[],"product_cat":[333,384,358],"product_tag":[1414],"class_list":{"0":"post-17860","1":"product","2":"type-product","3":"status-publish","4":"has-post-thumbnail","6":"product_cat-dungemittel","7":"product_cat-flussigdunger","8":"product_cat-koniferen-und-hecken","9":"product_tag-caae-de","11":"first","12":"instock","13":"taxable","14":"shipping-taxable","15":"purchasable","16":"product-type-variable"},"acf":[],"_links":{"self":[{"href":"https:\/\/cultivers.es\/de\/wp-json\/wp\/v2\/product\/17860","targetHints":{"allow":["GET"]}}],"collection":[{"href":"https:\/\/cultivers.es\/de\/wp-json\/wp\/v2\/product"}],"about":[{"href":"https:\/\/cultivers.es\/de\/wp-json\/wp\/v2\/types\/product"}],"replies":[{"embeddable":true,"href":"https:\/\/cultivers.es\/de\/wp-json\/wp\/v2\/comments?post=17860"}],"wp:featuredmedia":[{"embeddable":true,"href":"https:\/\/cultivers.es\/de\/wp-json\/wp\/v2\/media\/27150"}],"wp:attachment":[{"href":"https:\/\/cultivers.es\/de\/wp-json\/wp\/v2\/media?parent=17860"}],"wp:term":[{"taxonomy":"product_brand","embeddable":true,"href":"https:\/\/cultivers.es\/de\/wp-json\/wp\/v2\/product_brand?post=17860"},{"taxonomy":"product_cat","embeddable":true,"href":"https:\/\/cultivers.es\/de\/wp-json\/wp\/v2\/product_cat?post=17860"},{"taxonomy":"product_tag","embeddable":true,"href":"https:\/\/cultivers.es\/de\/wp-json\/wp\/v2\/product_tag?post=17860"}],"curies":[{"name":"wp","href":"https:\/\/api.w.org\/{rel}","templated":true}]}}