{"id":17861,"date":"2021-10-22T12:12:46","date_gmt":"2021-10-22T12:12:46","guid":{"rendered":"https:\/\/cultivers.es\/abonos\/organischer-fluessigduenger-fuer-bonsai\/"},"modified":"2025-09-22T04:53:19","modified_gmt":"2025-09-22T04:53:19","slug":"dunger-bonsai-okologisch-flussig","status":"publish","type":"product","link":"https:\/\/cultivers.es\/de\/d\u00fcngemittel\/dunger-bonsai-okologisch-flussig\/","title":{"rendered":"Organischer Fl\u00fcssigd\u00fcnger f\u00fcr Bonsai"},"content":{"rendered":"<p>Organischer Fl\u00fcssigd\u00fcnger f\u00fcr Bonsai ist ein schnell ansprechender Fl\u00fcssigd\u00fcnger. Formuliert mit einer genauen Menge an Makro- und Mikron\u00e4hrstoffen, die f\u00fcr eine kontrollierte Entwicklung der Pflanze sorgen.<\/p>\n<p>Enth\u00e4lt chelatiertes Eisen, um die gr\u00fcne Farbe der Blattmasse zu verbessern. Liefert Kupfer (CU), um die Heilung von Wunden zu verbessern, die durch Beschneidung entstanden sind.<\/p>\n","protected":false},"excerpt":{"rendered":"<ul class=\"a-unordered-list a-vertical a-spacing-mini\">\n<li><span class=\"a-list-item\">Organischer Fl\u00fcssigd\u00fcnger speziell f\u00fcr Bonsai. F\u00f6rdert die Pflanzenentwicklung und das kontrollierte Wachstum.<\/span><\/li>\n<li><span class=\"a-list-item\">Optimale Ausgewogenheit der f\u00fcr die vegetative Entwicklung wichtigen N\u00e4hrstoffe.<\/span><\/li>\n<li><span class=\"a-list-item\">NPK 3-1-7 L\u00f6sung. Kombinierte Versorgung mit Makron\u00e4hrstoffen (Stickstoff, Phosphor und Kalium) und Mikron\u00e4hrstoffen (Bor, Kalzium, Eisen, Mangan, Molybd\u00e4n und Zink) f\u00fcr eine vollst\u00e4ndige und ausgewogene Ern\u00e4hrung. Aminos\u00e4uren beg\u00fcnstigen die Assimilation der Elemente und verleihen ihm eine biostimulierende Wirkung.<\/span><\/li>\n<li><span class=\"a-list-item\">Erleichtert die Entwicklung der Pflanze in Stresssituationen und erm\u00f6glicht eine bessere Erholung.<\/span><\/li>\n<li><span class=\"a-list-item\">Das Produkt ist 100% nat\u00fcrlich und unsch\u00e4dlich f\u00fcr Tiere, umweltfreundlich.<\/span><\/li>\n<\/ul>\n","protected":false},"featured_media":27228,"comment_status":"open","ping_status":"closed","template":"","meta":{"_acf_changed":false},"product_brand":[],"product_cat":[336,333,384],"product_tag":[1414],"class_list":{"0":"post-17861","1":"product","2":"type-product","3":"status-publish","4":"has-post-thumbnail","6":"product_cat-bonsai-de","7":"product_cat-dungemittel","8":"product_cat-flussigdunger","9":"product_tag-caae-de","11":"first","12":"instock","13":"taxable","14":"shipping-taxable","15":"purchasable","16":"product-type-variable"},"acf":[],"_links":{"self":[{"href":"https:\/\/cultivers.es\/de\/wp-json\/wp\/v2\/product\/17861","targetHints":{"allow":["GET"]}}],"collection":[{"href":"https:\/\/cultivers.es\/de\/wp-json\/wp\/v2\/product"}],"about":[{"href":"https:\/\/cultivers.es\/de\/wp-json\/wp\/v2\/types\/product"}],"replies":[{"embeddable":true,"href":"https:\/\/cultivers.es\/de\/wp-json\/wp\/v2\/comments?post=17861"}],"wp:featuredmedia":[{"embeddable":true,"href":"https:\/\/cultivers.es\/de\/wp-json\/wp\/v2\/media\/27228"}],"wp:attachment":[{"href":"https:\/\/cultivers.es\/de\/wp-json\/wp\/v2\/media?parent=17861"}],"wp:term":[{"taxonomy":"product_brand","embeddable":true,"href":"https:\/\/cultivers.es\/de\/wp-json\/wp\/v2\/product_brand?post=17861"},{"taxonomy":"product_cat","embeddable":true,"href":"https:\/\/cultivers.es\/de\/wp-json\/wp\/v2\/product_cat?post=17861"},{"taxonomy":"product_tag","embeddable":true,"href":"https:\/\/cultivers.es\/de\/wp-json\/wp\/v2\/product_tag?post=17861"}],"curies":[{"name":"wp","href":"https:\/\/api.w.org\/{rel}","templated":true}]}}