{"id":17862,"date":"2021-10-22T12:12:45","date_gmt":"2021-10-22T12:12:45","guid":{"rendered":"https:\/\/cultivers.es\/abonos\/bio-fluessigduenger-fuer-den-garten\/"},"modified":"2025-09-22T04:52:08","modified_gmt":"2025-09-22T04:52:08","slug":"bio-flussig-okologischer-dunger-gartendunger","status":"publish","type":"product","link":"https:\/\/cultivers.es\/de\/d\u00fcngemittel\/bio-flussig-okologischer-dunger-gartendunger\/","title":{"rendered":"Bio-Fl\u00fcssigd\u00fcnger f\u00fcr den Garten"},"content":{"rendered":"<p>Organischer Fl\u00fcssigd\u00fcnger <a href=\"https:\/\/cultivers.es\/de\/abonos-ecologicos\/die-anpflanzung\/obstgarten\/\">f\u00fcr den Garten<\/a>. Der organische Gartend\u00fcnger ist eine organische Formulierung mit einer kontinuierlichen Versorgung mit N\u00e4hrstoffen in allgemeiner <span class=\"original-content\">Form <\/span>. Seine Zusammensetzung ist darauf ausgerichtet, die ausgewogene Entwicklung der N\u00e4hrstoffe w\u00e4hrend des gesamten Pflanzenzyklus zu f\u00f6rdern. Unterst\u00fctzt die Bodenern\u00e4hrung und die Bodenstruktur. Versorgung mit essentiellen <span class=\"original-content\">AAs <\/span>, die das Wachstum der Pflanzen f\u00f6rdern. Versorgung mit wichtigen Mikron\u00e4hrstoffen zur Vermeidung von Produktionsverlusten. Hoher Kaliumgehalt f\u00fcr besseren Fruchtansatz und gute Widerstandsf\u00e4higkeit gegen hohe Temperaturen.<\/p>\n","protected":false},"excerpt":{"rendered":"<ul class=\"a-unordered-list a-vertical a-spacing-mini\">\n<li><span class=\"a-list-item\">Fl\u00fcssiger organischer Gartend\u00fcnger f\u00fcr alle Gem\u00fcsesorten; aktiviert das Leben des Bodens.<\/span><\/li>\n<li><span class=\"a-list-item\">Optimale Ausgewogenheit der wesentlichen N\u00e4hrstoffe f\u00fcr das vegetative Wachstum und die Fruchtbildung<\/span><\/li>\n<li><span class=\"a-list-item\">npk 4-1-6 L\u00f6sung; kombinierte Zufuhr von Makron\u00e4hrstoffen (Stickstoff, Phosphor und Kalium) und Mikron\u00e4hrstoffen (Bor, Kalzium, Eisen, Magnesium, Molybd\u00e4n und Zink) f\u00fcr eine vollst\u00e4ndigere und ausgewogenere Ern\u00e4hrung; Aminos\u00e4uren beg\u00fcnstigen die Aufnahme der Elemente und haben eine biostimulierende Wirkung.<\/span><\/li>\n<li><span class=\"a-list-item\">Erleichtert die Pflanzenentwicklung in Stresssituationen und erm\u00f6glicht eine bessere Erholung der Pflanzen.<\/span><\/li>\n<li><span class=\"a-list-item\">100% nat\u00fcrliches und tierfreundliches, umweltfreundliches Produkt.<\/span><\/li>\n<\/ul>\n","protected":false},"featured_media":27325,"comment_status":"open","ping_status":"closed","template":"","meta":{"_acf_changed":false},"product_brand":[],"product_cat":[333,1273,384],"product_tag":[1414],"woo-feed-brand":[],"class_list":{"0":"post-17862","1":"product","2":"type-product","3":"status-publish","4":"has-post-thumbnail","6":"product_cat-dungemittel","7":"product_cat-empfohlene-dungemittel","8":"product_cat-flussigdunger","9":"product_tag-caae-de","11":"first","12":"instock","13":"taxable","14":"shipping-taxable","15":"purchasable","16":"product-type-variable"},"acf":[],"_links":{"self":[{"href":"https:\/\/cultivers.es\/de\/wp-json\/wp\/v2\/product\/17862","targetHints":{"allow":["GET"]}}],"collection":[{"href":"https:\/\/cultivers.es\/de\/wp-json\/wp\/v2\/product"}],"about":[{"href":"https:\/\/cultivers.es\/de\/wp-json\/wp\/v2\/types\/product"}],"replies":[{"embeddable":true,"href":"https:\/\/cultivers.es\/de\/wp-json\/wp\/v2\/comments?post=17862"}],"wp:featuredmedia":[{"embeddable":true,"href":"https:\/\/cultivers.es\/de\/wp-json\/wp\/v2\/media\/27325"}],"wp:attachment":[{"href":"https:\/\/cultivers.es\/de\/wp-json\/wp\/v2\/media?parent=17862"}],"wp:term":[{"taxonomy":"product_brand","embeddable":true,"href":"https:\/\/cultivers.es\/de\/wp-json\/wp\/v2\/product_brand?post=17862"},{"taxonomy":"product_cat","embeddable":true,"href":"https:\/\/cultivers.es\/de\/wp-json\/wp\/v2\/product_cat?post=17862"},{"taxonomy":"product_tag","embeddable":true,"href":"https:\/\/cultivers.es\/de\/wp-json\/wp\/v2\/product_tag?post=17862"},{"taxonomy":"woo-feed-brand","embeddable":true,"href":"https:\/\/cultivers.es\/de\/wp-json\/wp\/v2\/woo-feed-brand?post=17862"}],"curies":[{"name":"wp","href":"https:\/\/api.w.org\/{rel}","templated":true}]}}