{"id":17864,"date":"2021-10-22T12:12:46","date_gmt":"2021-10-22T12:12:46","guid":{"rendered":"https:\/\/cultivers.es\/abonos\/fluessiger-bio-olivenbaumduenger\/"},"modified":"2025-09-22T04:53:58","modified_gmt":"2025-09-22T04:53:58","slug":"bio-oliven-flussig-okodunger","status":"publish","type":"product","link":"https:\/\/cultivers.es\/de\/d\u00fcngemittel\/bio-oliven-flussig-okodunger\/","title":{"rendered":"Fl\u00fcssiger Bio-Olivenbaumd\u00fcnger"},"content":{"rendered":"<div class=\"page\" title=\"Seite 1\">\n<div class=\"section\">\n<div class=\"layoutArea\">\n<div class=\"column\">\n<p>Fl\u00fcssiger Bio-Olivenbaumd\u00fcnger. \u00d6kologischer D\u00fcnger f\u00fcr Olivenb\u00e4ume und mediterrane Pflanzen ist eine fl\u00fcssige organische Verbindung, die<a href=\"https:\/\/cultivers.es\/de\/abonos-ecologicos\/dungemittel\/biostimulanzien\/aminosauren\/\"> Aminos\u00e4uren,<\/a> Bor und Molybd\u00e4n enth\u00e4lt. Besonders geeignet f\u00fcr den Anbau von Olivenb\u00e4umen und mediterranen Pflanzen wie Palmen und Feigenb\u00e4umen. Enth\u00e4lt hochl\u00f6slichen organischen Stickstoff und Kalium, um den lebenswichtigen Bedarf der Pflanzen w\u00e4hrend des gesamten Erntezyklus zu decken.<\/p>\n<\/div>\n<\/div>\n<\/div>\n<\/div>\n","protected":false},"excerpt":{"rendered":"<ul class=\"a-unordered-list a-vertical a-spacing-mini\">\n<li><span class=\"a-list-item\">Spezieller organischer Fl\u00fcssigd\u00fcnger f\u00fcr tropische Pflanzen f\u00fcr Olivenb\u00e4ume und mediterrane Pflanzen.<\/span><\/li>\n<li><span class=\"a-list-item\">Optimale Ausgewogenheit der wesentlichen N\u00e4hrstoffe f\u00fcr das vegetative Wachstum und die Fruchtbildung<\/span><\/li>\n<li><span class=\"a-list-item\">NPK 4-1-7 L\u00f6sung. Kombinierte Versorgung mit Makron\u00e4hrstoffen (Stickstoff, Phosphor und Kalium) und Mikron\u00e4hrstoffen (Bor, Calcium, Eisen, Magnesium, Molybd\u00e4n und Zink) f\u00fcr eine vollst\u00e4ndigere und ausgewogenere Ern\u00e4hrung. Aminos\u00e4uren f\u00f6rdern die Assimilation der Elemente und verleihen ihm eine biostimulierende Wirkung.<\/span><\/li>\n<li><span class=\"a-list-item\">Erleichtert die Pflanzenentwicklung in Stresssituationen und erm\u00f6glicht eine bessere Erholung der Pflanzen.<\/span><\/li>\n<li><span class=\"a-list-item\">100% nat\u00fcrliches und tierfreundliches, umweltfreundliches Produkt.<\/span><\/li>\n<\/ul>\n","protected":false},"featured_media":27096,"comment_status":"open","ping_status":"closed","template":"","meta":{"_acf_changed":false},"product_brand":[],"product_cat":[333,384,525],"product_tag":[1414],"class_list":{"0":"post-17864","1":"product","2":"type-product","3":"status-publish","4":"has-post-thumbnail","6":"product_cat-dungemittel","7":"product_cat-flussigdunger","8":"product_cat-olivenbaum","9":"product_tag-caae-de","11":"first","12":"instock","13":"taxable","14":"shipping-taxable","15":"purchasable","16":"product-type-variable"},"acf":[],"_links":{"self":[{"href":"https:\/\/cultivers.es\/de\/wp-json\/wp\/v2\/product\/17864","targetHints":{"allow":["GET"]}}],"collection":[{"href":"https:\/\/cultivers.es\/de\/wp-json\/wp\/v2\/product"}],"about":[{"href":"https:\/\/cultivers.es\/de\/wp-json\/wp\/v2\/types\/product"}],"replies":[{"embeddable":true,"href":"https:\/\/cultivers.es\/de\/wp-json\/wp\/v2\/comments?post=17864"}],"wp:featuredmedia":[{"embeddable":true,"href":"https:\/\/cultivers.es\/de\/wp-json\/wp\/v2\/media\/27096"}],"wp:attachment":[{"href":"https:\/\/cultivers.es\/de\/wp-json\/wp\/v2\/media?parent=17864"}],"wp:term":[{"taxonomy":"product_brand","embeddable":true,"href":"https:\/\/cultivers.es\/de\/wp-json\/wp\/v2\/product_brand?post=17864"},{"taxonomy":"product_cat","embeddable":true,"href":"https:\/\/cultivers.es\/de\/wp-json\/wp\/v2\/product_cat?post=17864"},{"taxonomy":"product_tag","embeddable":true,"href":"https:\/\/cultivers.es\/de\/wp-json\/wp\/v2\/product_tag?post=17864"}],"curies":[{"name":"wp","href":"https:\/\/api.w.org\/{rel}","templated":true}]}}