{"id":17867,"date":"2021-10-22T12:12:44","date_gmt":"2021-10-22T12:12:44","guid":{"rendered":"https:\/\/cultivers.es\/abonos\/bio-olivenbaumduenger\/"},"modified":"2026-03-19T07:06:13","modified_gmt":"2026-03-19T07:06:13","slug":"bio-oliven-okodunger","status":"publish","type":"product","link":"https:\/\/cultivers.es\/de\/d\u00fcngemittel\/bio-oliven-okodunger\/","title":{"rendered":"Bio-Olivenbaumd\u00fcnger"},"content":{"rendered":"<p data-spm-anchor-id=\"a2g0o.detail.1000023.i0.69e07349ks0JgS\">Organischer Gem\u00fcsed\u00fcnger in leicht zu handhabender Perlenform. Er ist ein sehr kompletter D\u00fcnger mit Humins\u00e4uren und einem hohen Stickstoff- und Kaliumgehalt.<\/p>\n<p>Es handelt sich um ein D\u00fcngemittel, das f\u00fcr regengespeiste und bew\u00e4sserte Olivenhaine geeignet ist.<\/p>\n<p>Der in der Formel enthaltene organische Stickstoff wird w\u00e4hrend des gesamten Zyklus nach und nach freigesetzt.<\/p>\n<p>Kali spielt die Rolle einer Zuckerreserve, die die Fettreserven in der Frucht erh\u00f6ht.<\/p>\n<p>&nbsp;<\/p>\n<p>Humins\u00e4uren verbessern die Wasserbindung des Bodens und f\u00f6rdern die Wurzelbildung.<\/p>\n","protected":false},"excerpt":{"rendered":"<div id=\"featurebullets_feature_div\" class=\"celwidget\" data-feature-name=\"featurebullets\" data-csa-c-id=\"b3esmh-gltkyg-iauhml-ycjlkr\" data-cel-widget=\"featurebullets_feature_div\">\n<div id=\"feature-bullets\" class=\"a-section a-spacing-medium a-spacing-top-small\">\n<ul class=\"a-unordered-list a-vertical a-spacing-mini\">\n<li><span class=\"a-list-item\">D\u00fcngemittel in Form von Mikrogranulaten mit langsamer und kontrollierter Freisetzung.<\/span><\/li>\n<li><span class=\"a-list-item\">Vermehrter Fruchtansatz.<\/span><\/li>\n<li><span class=\"a-list-item\">Erh\u00f6hter Fettertrag und geringeres Auftreten von Krankheiten.<\/span><\/li>\n<li><span class=\"a-list-item\">Hohe Assimilation mit NPK + 74% organischer Substanz und Humins\u00e4uren.<\/span><\/li>\n<li><span class=\"a-list-item\">Das Produkt ist 100% nat\u00fcrlich und unsch\u00e4dlich f\u00fcr Tiere, umweltfreundlich.<\/span><\/li>\n<\/ul>\n<\/div>\n<\/div>\n<div id=\"customerReviewsAttribute_feature_div\" class=\"celwidget\" data-feature-name=\"customerReviewsAttribute\" data-csa-c-id=\"xi4epm-assa4t-fdyk31-h1wm91\" data-cel-widget=\"customerReviewsAttribute_feature_div\"><\/div>\n<div id=\"addOnItem_feature_div\" class=\"celwidget\" data-feature-name=\"addOnItem\" data-csa-c-id=\"24xdej-vz0t5h-h4jnfz-j8q1w9\" data-cel-widget=\"addOnItem_feature_div\"><\/div>\n<div id=\"andonCord_feature_div\" class=\"celwidget\" data-feature-name=\"andonCord\" data-csa-c-id=\"8238w-deksgk-wfby4o-k2dpgb\" data-cel-widget=\"andonCord_feature_div\"><\/div>\n<div id=\"HLCXComparisonJumplink_feature_div\"><\/div>\n","protected":false},"featured_media":12430,"comment_status":"open","ping_status":"closed","template":"","meta":{"_acf_changed":false},"product_brand":[],"product_cat":[333,331,525],"product_tag":[1414],"class_list":{"0":"post-17867","1":"product","2":"type-product","3":"status-publish","4":"has-post-thumbnail","6":"product_cat-dungemittel","7":"product_cat-feste-dungemittel","8":"product_cat-olivenbaum","9":"product_tag-caae-de","11":"first","12":"instock","13":"taxable","14":"shipping-taxable","15":"purchasable","16":"product-type-variable"},"acf":[],"_links":{"self":[{"href":"https:\/\/cultivers.es\/de\/wp-json\/wp\/v2\/product\/17867","targetHints":{"allow":["GET"]}}],"collection":[{"href":"https:\/\/cultivers.es\/de\/wp-json\/wp\/v2\/product"}],"about":[{"href":"https:\/\/cultivers.es\/de\/wp-json\/wp\/v2\/types\/product"}],"replies":[{"embeddable":true,"href":"https:\/\/cultivers.es\/de\/wp-json\/wp\/v2\/comments?post=17867"}],"wp:featuredmedia":[{"embeddable":true,"href":"https:\/\/cultivers.es\/de\/wp-json\/wp\/v2\/media\/12430"}],"wp:attachment":[{"href":"https:\/\/cultivers.es\/de\/wp-json\/wp\/v2\/media?parent=17867"}],"wp:term":[{"taxonomy":"product_brand","embeddable":true,"href":"https:\/\/cultivers.es\/de\/wp-json\/wp\/v2\/product_brand?post=17867"},{"taxonomy":"product_cat","embeddable":true,"href":"https:\/\/cultivers.es\/de\/wp-json\/wp\/v2\/product_cat?post=17867"},{"taxonomy":"product_tag","embeddable":true,"href":"https:\/\/cultivers.es\/de\/wp-json\/wp\/v2\/product_tag?post=17867"}],"curies":[{"name":"wp","href":"https:\/\/api.w.org\/{rel}","templated":true}]}}