{"id":17871,"date":"2021-10-22T12:12:44","date_gmt":"2021-10-22T12:12:44","guid":{"rendered":"https:\/\/cultivers.es\/abonos\/bio-zitrusduenger\/"},"modified":"2025-09-22T05:29:52","modified_gmt":"2025-09-22T05:29:52","slug":"bio-zitrus-okodunger","status":"publish","type":"product","link":"https:\/\/cultivers.es\/de\/d\u00fcngemittel\/bio-zitrus-okodunger\/","title":{"rendered":"Bio-Zitrusd\u00fcnger"},"content":{"rendered":"<div class=\"page\" title=\"Seite 1\">\n<div class=\"section\">\n<div class=\"layoutArea\">\n<div class=\"column\">\n<p>Organischer D\u00fcnger in Perlenform f\u00fcr einfache Handhabung, reich an Kalium und Humins\u00e4uren.<\/p>\n<p>-Ein hoher Kaliumgehalt in Zitrusfr\u00fcchten beeinflusst die Vorbeugung von Krankheiten und Sch\u00e4dlingen an Bl\u00e4ttern und Trieben.<\/p>\n<p data-spm-anchor-id=\"a2g0o.detail.1000023.i0.757f5dc4eMta2P\">-Humins\u00e4uren erh\u00f6hen die mikrobielle Aktivit\u00e4t, verhindern die Bodenverdichtung und maximieren die Aufnahme von Bodenn\u00e4hrstoffen und ausgebrachten D\u00fcngemitteln. Sie erh\u00f6hen auch die Ernteertr\u00e4ge.<\/p>\n<\/div>\n<\/div>\n<\/div>\n<\/div>\n","protected":false},"excerpt":{"rendered":"<ul class=\"a-unordered-list a-vertical a-spacing-mini\">\n<li><span class=\"a-list-item\">Gr\u00f6\u00dfere Fr\u00fcchte, h\u00f6here Ernteertr\u00e4ge.<\/span><\/li>\n<li><span class=\"a-list-item\">D\u00fcngemittel in Form von Mikrogranulaten mit langsamer und kontrollierter Freisetzung.<\/span><\/li>\n<li><span class=\"a-list-item\">\u00d6kologischer organischer D\u00fcnger mit NPK +74% M.O. und S\u00e4ure. Huminstoffe.<\/span><\/li>\n<li><span class=\"a-list-item\">Verbesserung der Wurzelentwicklung und N\u00e4hrstoffaufnahme der Pflanzen.<\/span><\/li>\n<li><span class=\"a-list-item\">100% nat\u00fcrlich und unsch\u00e4dlich f\u00fcr Tiere und Pflanzen.<\/span><\/li>\n<\/ul>\n","protected":false},"featured_media":11791,"comment_status":"open","ping_status":"closed","template":"","meta":{"_acf_changed":false},"product_brand":[],"product_cat":[333,331,524],"product_tag":[1414],"class_list":{"0":"post-17871","1":"product","2":"type-product","3":"status-publish","4":"has-post-thumbnail","6":"product_cat-dungemittel","7":"product_cat-feste-dungemittel","8":"product_cat-zitrusfruchte","9":"product_tag-caae-de","11":"first","12":"instock","13":"taxable","14":"shipping-taxable","15":"purchasable","16":"product-type-variable"},"acf":[],"_links":{"self":[{"href":"https:\/\/cultivers.es\/de\/wp-json\/wp\/v2\/product\/17871","targetHints":{"allow":["GET"]}}],"collection":[{"href":"https:\/\/cultivers.es\/de\/wp-json\/wp\/v2\/product"}],"about":[{"href":"https:\/\/cultivers.es\/de\/wp-json\/wp\/v2\/types\/product"}],"replies":[{"embeddable":true,"href":"https:\/\/cultivers.es\/de\/wp-json\/wp\/v2\/comments?post=17871"}],"wp:featuredmedia":[{"embeddable":true,"href":"https:\/\/cultivers.es\/de\/wp-json\/wp\/v2\/media\/11791"}],"wp:attachment":[{"href":"https:\/\/cultivers.es\/de\/wp-json\/wp\/v2\/media?parent=17871"}],"wp:term":[{"taxonomy":"product_brand","embeddable":true,"href":"https:\/\/cultivers.es\/de\/wp-json\/wp\/v2\/product_brand?post=17871"},{"taxonomy":"product_cat","embeddable":true,"href":"https:\/\/cultivers.es\/de\/wp-json\/wp\/v2\/product_cat?post=17871"},{"taxonomy":"product_tag","embeddable":true,"href":"https:\/\/cultivers.es\/de\/wp-json\/wp\/v2\/product_tag?post=17871"}],"curies":[{"name":"wp","href":"https:\/\/api.w.org\/{rel}","templated":true}]}}