{"id":17878,"date":"2021-10-22T12:12:45","date_gmt":"2021-10-22T12:12:45","guid":{"rendered":"https:\/\/cultivers.es\/abonos\/organischer-fluessigduenger-fuer-obst\/"},"modified":"2025-09-22T04:53:00","modified_gmt":"2025-09-22T04:53:00","slug":"bio-obst-flussig-okologisches-dungemittel","status":"publish","type":"product","link":"https:\/\/cultivers.es\/de\/d\u00fcngemittel\/bio-obst-flussig-okologisches-dungemittel\/","title":{"rendered":"Organischer Fl\u00fcssigd\u00fcnger f\u00fcr Obst"},"content":{"rendered":"<p>Fl\u00fcssiger Bio-Obstd\u00fcnger f\u00fcr Obstb\u00e4ume. Es handelt sich um eine fl\u00fcssige organische Verbindung, die ein ausgewogenes Verh\u00e4ltnis von Makro- und Mikron\u00e4hrstoffen enth\u00e4lt, um die lebenswichtigen Bed\u00fcrfnisse der Pflanzen w\u00e4hrend des gesamten Wachstumszyklus zu erf\u00fcllen. Enth\u00e4lt 6 % <a href=\"https:\/\/cultivers.es\/de\/abonos-ecologicos\/dungemittel\/biostimulanzien\/aminosauren\/\">Aminos\u00e4uren<\/a>, die ein schnelles Wachstum der B\u00e4ume f\u00f6rdern. Dank dieses D\u00fcngers werden Bl\u00fcte, Fruchtansatz, Fruchtmast und Fruchtgeschmack verbessert.<\/p>\n","protected":false},"excerpt":{"rendered":"<ul class=\"a-unordered-list a-vertical a-spacing-mini\">\n<li><span class=\"a-list-item\">Spezieller organischer Fl\u00fcssigd\u00fcnger f\u00fcr \u00c4pfel, Birnen, Kirschen, Waln\u00fcsse, Pflaumen, Mandeln, Mispeln, usw.<\/span><\/li>\n<li><span class=\"a-list-item\">Optimale Ausgewogenheit der wesentlichen N\u00e4hrstoffe f\u00fcr das vegetative Wachstum und die Fruchtbildung<\/span><\/li>\n<li><span class=\"a-list-item\">Die kombinierte Zufuhr von Makron\u00e4hrstoffen (Stickstoff, Phosphor und Kalium) und Mikron\u00e4hrstoffen (Bor, Kalzium, Eisen, Mangan, Molybd\u00e4n und Zink) in der L\u00f6sung NPK 4-1-6 sorgt f\u00fcr eine vollst\u00e4ndigere und ausgewogenere Ern\u00e4hrung; Aminos\u00e4uren beg\u00fcnstigen die Aufnahme der Elemente und haben eine biostimulierende Wirkung.<\/span><\/li>\n<li><span class=\"a-list-item\">Erleichtert die Pflanzenentwicklung in Stresssituationen und erm\u00f6glicht eine bessere Erholung der Pflanzen.<\/span><\/li>\n<li><span class=\"a-list-item\">100% nat\u00fcrliches und tierfreundliches, umweltfreundliches Produkt.<\/span><\/li>\n<\/ul>\n","protected":false},"featured_media":27289,"comment_status":"open","ping_status":"closed","template":"","meta":{"_acf_changed":false},"product_brand":[],"product_cat":[333,384],"product_tag":[1414],"class_list":{"0":"post-17878","1":"product","2":"type-product","3":"status-publish","4":"has-post-thumbnail","6":"product_cat-dungemittel","7":"product_cat-flussigdunger","8":"product_tag-caae-de","10":"first","11":"instock","12":"taxable","13":"shipping-taxable","14":"purchasable","15":"product-type-variable"},"acf":[],"_links":{"self":[{"href":"https:\/\/cultivers.es\/de\/wp-json\/wp\/v2\/product\/17878","targetHints":{"allow":["GET"]}}],"collection":[{"href":"https:\/\/cultivers.es\/de\/wp-json\/wp\/v2\/product"}],"about":[{"href":"https:\/\/cultivers.es\/de\/wp-json\/wp\/v2\/types\/product"}],"replies":[{"embeddable":true,"href":"https:\/\/cultivers.es\/de\/wp-json\/wp\/v2\/comments?post=17878"}],"wp:featuredmedia":[{"embeddable":true,"href":"https:\/\/cultivers.es\/de\/wp-json\/wp\/v2\/media\/27289"}],"wp:attachment":[{"href":"https:\/\/cultivers.es\/de\/wp-json\/wp\/v2\/media?parent=17878"}],"wp:term":[{"taxonomy":"product_brand","embeddable":true,"href":"https:\/\/cultivers.es\/de\/wp-json\/wp\/v2\/product_brand?post=17878"},{"taxonomy":"product_cat","embeddable":true,"href":"https:\/\/cultivers.es\/de\/wp-json\/wp\/v2\/product_cat?post=17878"},{"taxonomy":"product_tag","embeddable":true,"href":"https:\/\/cultivers.es\/de\/wp-json\/wp\/v2\/product_tag?post=17878"}],"curies":[{"name":"wp","href":"https:\/\/api.w.org\/{rel}","templated":true}]}}