{"id":18083,"date":"2021-10-22T12:12:44","date_gmt":"2021-10-22T12:12:44","guid":{"rendered":"https:\/\/cultivers.es\/abonos\/organischer-orchideenduenger\/"},"modified":"2025-09-22T05:13:51","modified_gmt":"2025-09-22T05:13:51","slug":"bio-orchideen-okodunger","status":"publish","type":"product","link":"https:\/\/cultivers.es\/de\/d\u00fcngemittel\/bio-orchideen-okodunger\/","title":{"rendered":"Organischer Orchideend\u00fcnger"},"content":{"rendered":"<div class=\"page\" title=\"Seite 1\">\n<div class=\"section\">\n<div class=\"layoutArea\">\n<div class=\"column\">\n<p>Organischer Orchideend\u00fcnger. Der organische Orchideend\u00fcnger ist eine fl\u00fcssige Formulierung, die entwickelt wurde, um eine vollst\u00e4ndige und ausgewogene Ern\u00e4hrung f\u00fcr Wachstum und Bl\u00fcte zu gew\u00e4hrleisten.<\/p>\n<p>Die Formel enth\u00e4lt Mikroelemente, die f\u00fcr die Pflanzenentwicklung und eine lang anhaltende Bl\u00fcte notwendig sind.<\/p>\n<\/div>\n<\/div>\n<\/div>\n<\/div>\n","protected":false},"excerpt":{"rendered":"<ul class=\"a-unordered-list a-vertical a-spacing-mini\">\n<li><span class=\"a-list-item\">Verst\u00e4rkt die Gr\u00f6\u00dfe und Farbe der Bl\u00fcten.<\/span><\/li>\n<li><span class=\"a-list-item\">Reduziert die Auswirkungen des Salzgehalts und f\u00f6rdert die mikrobiologische Aktivit\u00e4t.<\/span><\/li>\n<li><span class=\"a-list-item\">\u00d6kologischer D\u00fcnger aus 100 % organischem Pflanzenmaterial.<\/span><\/li>\n<li><span class=\"a-list-item\">Granulatd\u00fcnger in Form von Mikrosph\u00e4ren mit langsamer und kontrollierter Freisetzung.<\/span><\/li>\n<li><span class=\"a-list-item\">Verbessert die Bel\u00fcftung und das Wasserr\u00fcckhalteverm\u00f6gen.<\/span><\/li>\n<\/ul>\n","protected":false},"featured_media":11811,"comment_status":"open","ping_status":"closed","template":"","meta":{"_acf_changed":false},"product_brand":[],"product_cat":[333,331,536],"product_tag":[1414],"class_list":{"0":"post-18083","1":"product","2":"type-product","3":"status-publish","4":"has-post-thumbnail","6":"product_cat-dungemittel","7":"product_cat-feste-dungemittel","8":"product_cat-orchideen","9":"product_tag-caae-de","11":"first","12":"instock","13":"taxable","14":"shipping-taxable","15":"purchasable","16":"product-type-variable"},"acf":[],"_links":{"self":[{"href":"https:\/\/cultivers.es\/de\/wp-json\/wp\/v2\/product\/18083","targetHints":{"allow":["GET"]}}],"collection":[{"href":"https:\/\/cultivers.es\/de\/wp-json\/wp\/v2\/product"}],"about":[{"href":"https:\/\/cultivers.es\/de\/wp-json\/wp\/v2\/types\/product"}],"replies":[{"embeddable":true,"href":"https:\/\/cultivers.es\/de\/wp-json\/wp\/v2\/comments?post=18083"}],"wp:featuredmedia":[{"embeddable":true,"href":"https:\/\/cultivers.es\/de\/wp-json\/wp\/v2\/media\/11811"}],"wp:attachment":[{"href":"https:\/\/cultivers.es\/de\/wp-json\/wp\/v2\/media?parent=18083"}],"wp:term":[{"taxonomy":"product_brand","embeddable":true,"href":"https:\/\/cultivers.es\/de\/wp-json\/wp\/v2\/product_brand?post=18083"},{"taxonomy":"product_cat","embeddable":true,"href":"https:\/\/cultivers.es\/de\/wp-json\/wp\/v2\/product_cat?post=18083"},{"taxonomy":"product_tag","embeddable":true,"href":"https:\/\/cultivers.es\/de\/wp-json\/wp\/v2\/product_tag?post=18083"}],"curies":[{"name":"wp","href":"https:\/\/api.w.org\/{rel}","templated":true}]}}