{"id":18084,"date":"2021-10-22T12:12:44","date_gmt":"2021-10-22T12:12:44","guid":{"rendered":"https:\/\/cultivers.es\/abonos\/bio-geranien-duenger\/"},"modified":"2025-09-22T05:30:00","modified_gmt":"2025-09-22T05:30:00","slug":"organischer-geranium-dunger-okologischer-dunger","status":"publish","type":"product","link":"https:\/\/cultivers.es\/de\/d\u00fcngemittel\/organischer-geranium-dunger-okologischer-dunger\/","title":{"rendered":"Bio Geranien-D\u00fcnger"},"content":{"rendered":"<div class=\"page\" title=\"Seite 1\">\n<div class=\"section\">\n<div class=\"layoutArea\">\n<div class=\"column\">\n<p>Organischer D\u00fcnger pflanzlichen Ursprungs, geperlt f\u00fcr eine einfache Anwendung. Mit Stickstoff und Humins\u00e4uren.<\/p>\n<p>Die Vorteile dieses D\u00fcngers beim Anbau von Geranien sind folgende:<\/p>\n<p>Der organische Stickstoff wird nach und nach in den Boden\/das Substrat freigesetzt und liefert die notwendige Stickstoffquelle, um das Vergilben der Bl\u00e4tter zu verhindern.<\/p>\n<p>Humins\u00e4uren erleichtern die Wasserbindung und f\u00f6rdern die Wurzelbildung, erleichtern die Bl\u00fcte und das Wachstum.<\/p>\n<\/div>\n<\/div>\n<\/div>\n<\/div>\n","protected":false},"excerpt":{"rendered":"<ul class=\"a-unordered-list a-vertical a-spacing-mini\">\n<li><span class=\"a-list-item\">F\u00f6rdert die Bl\u00fcte und das Aroma der Blumen. Intensiviert die Farbe.<\/span><\/li>\n<li><span class=\"a-list-item\">100% biologischer und veganer Herkunft. Hohe Assimilation mit NPK + 74% organischer Substanz und Humins\u00e4uren.<\/span><\/li>\n<li><span class=\"a-list-item\">Langsame und kontrollierte Formulierung pflanzlichen Ursprungs. St\u00e4rkt die Widerstandsf\u00e4higkeit gegen Krankheiten.<\/span><\/li>\n<li><span class=\"a-list-item\">Auch f\u00fcr andere Sorten wie Petunien, Begonien, Fuchsien, Murcianen usw. geeignet.<\/span><\/li>\n<li><span class=\"a-list-item\">Das Produkt ist 100% nat\u00fcrlich und unsch\u00e4dlich f\u00fcr Tiere, umweltfreundlich.<\/span><\/li>\n<\/ul>\n","protected":false},"featured_media":12405,"comment_status":"open","ping_status":"closed","template":"","meta":{"_acf_changed":false},"product_brand":[],"product_cat":[333,331],"product_tag":[1414],"class_list":{"0":"post-18084","1":"product","2":"type-product","3":"status-publish","4":"has-post-thumbnail","6":"product_cat-dungemittel","7":"product_cat-feste-dungemittel","8":"product_tag-caae-de","10":"first","11":"instock","12":"taxable","13":"shipping-taxable","14":"purchasable","15":"product-type-variable"},"acf":[],"_links":{"self":[{"href":"https:\/\/cultivers.es\/de\/wp-json\/wp\/v2\/product\/18084","targetHints":{"allow":["GET"]}}],"collection":[{"href":"https:\/\/cultivers.es\/de\/wp-json\/wp\/v2\/product"}],"about":[{"href":"https:\/\/cultivers.es\/de\/wp-json\/wp\/v2\/types\/product"}],"replies":[{"embeddable":true,"href":"https:\/\/cultivers.es\/de\/wp-json\/wp\/v2\/comments?post=18084"}],"wp:featuredmedia":[{"embeddable":true,"href":"https:\/\/cultivers.es\/de\/wp-json\/wp\/v2\/media\/12405"}],"wp:attachment":[{"href":"https:\/\/cultivers.es\/de\/wp-json\/wp\/v2\/media?parent=18084"}],"wp:term":[{"taxonomy":"product_brand","embeddable":true,"href":"https:\/\/cultivers.es\/de\/wp-json\/wp\/v2\/product_brand?post=18084"},{"taxonomy":"product_cat","embeddable":true,"href":"https:\/\/cultivers.es\/de\/wp-json\/wp\/v2\/product_cat?post=18084"},{"taxonomy":"product_tag","embeddable":true,"href":"https:\/\/cultivers.es\/de\/wp-json\/wp\/v2\/product_tag?post=18084"}],"curies":[{"name":"wp","href":"https:\/\/api.w.org\/{rel}","templated":true}]}}