{"id":18085,"date":"2021-10-22T12:12:44","date_gmt":"2021-10-22T12:12:44","guid":{"rendered":"https:\/\/cultivers.es\/abonos\/organischer-fluessigduenger-fuer-tomaten\/"},"modified":"2025-09-22T05:14:18","modified_gmt":"2025-09-22T05:14:18","slug":"bio-flussig-okologische-dunger-tomaten","status":"publish","type":"product","link":"https:\/\/cultivers.es\/de\/d\u00fcngemittel\/bio-flussig-okologische-dunger-tomaten\/","title":{"rendered":"Organischer Fl\u00fcssigd\u00fcnger f\u00fcr Tomaten"},"content":{"rendered":"<p>Organischer Fl\u00fcssigd\u00fcnger f\u00fcr Tomaten. Der organische Tomatend\u00fcnger ist ein organischer Sofortd\u00fcnger, der f\u00fcr die kontinuierliche Versorgung mit N\u00e4hrstoffen w\u00e4hrend des gesamten Zyklus entwickelt wurde. Enth\u00e4lt Aminos\u00e4uren zur F\u00f6rderung des Wachstums von Pflanzen und Fr\u00fcchten. Bor und Molybd\u00e4n zur F\u00f6rderung des Fruchtansatzes. <a href=\"https:\/\/cultivers.es\/de\/abonos\/eisenchelat\/\">Chelatiertes Eisen<\/a> zur F\u00f6rderung der Photosynthese, Kupfer und weitere Mikron\u00e4hrstoffe, die es zum idealen Produkt f\u00fcr den \u00f6kologischen Tomatenanbau machen.<\/p>\n","protected":false},"excerpt":{"rendered":"<ul class=\"a-unordered-list a-vertical a-spacing-mini\">\n<li><span class=\"a-list-item\">Spezieller organischer Fl\u00fcssigd\u00fcnger f\u00fcr Tomaten f\u00fcr den gesamten Pflanzenzyklus<\/span><\/li>\n<li><span class=\"a-list-item\">npk 4-1-6 L\u00f6sung; kombinierte Zufuhr von Makron\u00e4hrstoffen (Stickstoff, Phosphor und Kalium) und Mikron\u00e4hrstoffen (Bor, Kalzium, Eisen, Magnesium, Molybd\u00e4n und Zink) f\u00fcr eine vollst\u00e4ndigere und ausgewogenere Ern\u00e4hrung; Aminos\u00e4uren beg\u00fcnstigen die Aufnahme der Elemente und haben eine biostimulierende Wirkung.<\/span><\/li>\n<li><span class=\"a-list-item\">Optimale Ausgewogenheit der wesentlichen N\u00e4hrstoffe f\u00fcr das vegetative Wachstum und die Fruchtbildung<\/span><\/li>\n<li><span class=\"a-list-item\">Erleichtert die Pflanzenentwicklung in Stresssituationen und erm\u00f6glicht eine bessere Erholung der Pflanzen.<\/span><\/li>\n<li><span class=\"a-list-item\">100% nat\u00fcrliches und tierfreundliches, umweltfreundliches Produkt.<\/span><\/li>\n<\/ul>\n","protected":false},"featured_media":27355,"comment_status":"open","ping_status":"closed","template":"","meta":{"_acf_changed":false},"product_brand":[],"product_cat":[333,384,359],"product_tag":[1414],"class_list":{"0":"post-18085","1":"product","2":"type-product","3":"status-publish","4":"has-post-thumbnail","6":"product_cat-dungemittel","7":"product_cat-flussigdunger","8":"product_cat-tomaten","9":"product_tag-caae-de","11":"first","12":"instock","13":"taxable","14":"shipping-taxable","15":"purchasable","16":"product-type-variable"},"acf":[],"_links":{"self":[{"href":"https:\/\/cultivers.es\/de\/wp-json\/wp\/v2\/product\/18085","targetHints":{"allow":["GET"]}}],"collection":[{"href":"https:\/\/cultivers.es\/de\/wp-json\/wp\/v2\/product"}],"about":[{"href":"https:\/\/cultivers.es\/de\/wp-json\/wp\/v2\/types\/product"}],"replies":[{"embeddable":true,"href":"https:\/\/cultivers.es\/de\/wp-json\/wp\/v2\/comments?post=18085"}],"wp:featuredmedia":[{"embeddable":true,"href":"https:\/\/cultivers.es\/de\/wp-json\/wp\/v2\/media\/27355"}],"wp:attachment":[{"href":"https:\/\/cultivers.es\/de\/wp-json\/wp\/v2\/media?parent=18085"}],"wp:term":[{"taxonomy":"product_brand","embeddable":true,"href":"https:\/\/cultivers.es\/de\/wp-json\/wp\/v2\/product_brand?post=18085"},{"taxonomy":"product_cat","embeddable":true,"href":"https:\/\/cultivers.es\/de\/wp-json\/wp\/v2\/product_cat?post=18085"},{"taxonomy":"product_tag","embeddable":true,"href":"https:\/\/cultivers.es\/de\/wp-json\/wp\/v2\/product_tag?post=18085"}],"curies":[{"name":"wp","href":"https:\/\/api.w.org\/{rel}","templated":true}]}}