{"id":18086,"date":"2021-10-22T12:12:44","date_gmt":"2021-10-22T12:12:44","guid":{"rendered":"https:\/\/cultivers.es\/abonos\/bio-zierpflanzenduenger\/"},"modified":"2025-09-22T05:14:11","modified_gmt":"2025-09-22T05:14:11","slug":"bio-zierpflanzen-dunger","status":"publish","type":"product","link":"https:\/\/cultivers.es\/de\/d\u00fcngemittel\/bio-zierpflanzen-dunger\/","title":{"rendered":"Bio-Zierpflanzend\u00fcnger"},"content":{"rendered":"<p>Unser Bio-Zierpflanzend\u00fcnger hat eine spezielle Formulierung f\u00fcr Zierpflanzen, 100% nat\u00fcrlich und biologisch. Es ist pflanzlichen Ursprungs und f\u00fcr eine einfache Anwendung perlenf\u00f6rmig. Hoher Gehalt an organischen Stoffen mit einem ausgezeichneten Kohlenstoff-Stickstoff-Verh\u00e4ltnis, das die Aufnahme von N\u00e4hrstoffen durch die Pflanze erleichtert.<\/p>\n<p>Ein Teil des Stickstoffs ist ab dem Zeitpunkt der Ausbringung verf\u00fcgbar, der Rest wird nach und nach freigesetzt, um D\u00fcngedefizite zu vermeiden. Kalium verhindert Stress und erleichtert die Wasseraufnahme der Pflanzen. Es f\u00f6rdert die Gr\u00f6\u00dfe und Farbe der Bl\u00fcten, tr\u00e4gt zu einer ausgewogenen Versorgung mit den wichtigsten Elementen bei, verbessert die Bel\u00fcftung und die Wasserr\u00fcckhaltung.<\/p>\n<p>Der Bio-Zierpflanzend\u00fcnger ist pflanzlichen Ursprungs und hat zur leichteren Anwendung eine Perlenform. Organischer D\u00fcnger mit hohem Gehalt an organischen Stoffen und einem ausgezeichneten Kohlenstoff-Stickstoff-Verh\u00e4ltnis, das die Aufnahme der N\u00e4hrstoffe durch die Pflanze erleichtert.<\/p>\n","protected":false},"excerpt":{"rendered":"<div id=\"featurebullets_feature_div\" class=\"celwidget\" data-feature-name=\"featurebullets\" data-csa-c-id=\"k06zpm-578otj-s52u0w-7dnm79\" data-cel-widget=\"featurebullets_feature_div\">\n<div id=\"feature-bullets\" class=\"a-section a-spacing-medium a-spacing-top-small\">\n<ul class=\"a-unordered-list a-vertical a-spacing-mini\">\n<li><span class=\"a-list-item\">Gesunde und kr\u00e4ftige Pflanzen. Vermehrte Bl\u00fcte und intensivere Farbe<\/span><\/li>\n<li><span class=\"a-list-item\">Optimale kontrollierte Freisetzung \u00fcber einen l\u00e4ngeren Zeitraum, wodurch die Wirksamkeit der einzelnen N\u00e4hrstoffe maximiert und eine unerw\u00fcnschte \u00dcberd\u00fcngung vermieden wird.<\/span><\/li>\n<li><span class=\"a-list-item\">Stimuliert das Wurzelwachstum und beugt Mangelerscheinungen vor. Leicht absorbierbarer D\u00fcnger und verbesserte Bodenstruktur. Hilft bei der Wassereinlagerung und spart Wasser.<\/span><\/li>\n<li><span class=\"a-list-item\">100% biologisches und veganes D\u00fcngemittelgranulat<\/span><\/li>\n<li><span class=\"a-list-item\">St\u00e4rkere und widerstandsf\u00e4higere Pflanzen<\/span><\/li>\n<li><span class=\"a-list-item\">Organischer Granulatd\u00fcnger in Form von Mikrokugeln mit langsamer und kontrollierter Freisetzung.<\/span><\/li>\n<\/ul>\n<\/div>\n<\/div>\n<div id=\"bissProductSpecification_feature_div\" class=\"celwidget\" data-feature-name=\"bissProductSpecification\" data-csa-c-id=\"wd687s-f2isls-pb65gz-13vpr8\" data-cel-widget=\"bissProductSpecification_feature_div\"><\/div>\n","protected":false},"featured_media":11775,"comment_status":"open","ping_status":"closed","template":"","meta":{"_acf_changed":false},"product_brand":[],"product_cat":[333,331],"product_tag":[1414],"class_list":{"0":"post-18086","1":"product","2":"type-product","3":"status-publish","4":"has-post-thumbnail","6":"product_cat-dungemittel","7":"product_cat-feste-dungemittel","8":"product_tag-caae-de","10":"first","11":"instock","12":"taxable","13":"shipping-taxable","14":"purchasable","15":"product-type-variable"},"acf":[],"_links":{"self":[{"href":"https:\/\/cultivers.es\/de\/wp-json\/wp\/v2\/product\/18086","targetHints":{"allow":["GET"]}}],"collection":[{"href":"https:\/\/cultivers.es\/de\/wp-json\/wp\/v2\/product"}],"about":[{"href":"https:\/\/cultivers.es\/de\/wp-json\/wp\/v2\/types\/product"}],"replies":[{"embeddable":true,"href":"https:\/\/cultivers.es\/de\/wp-json\/wp\/v2\/comments?post=18086"}],"wp:featuredmedia":[{"embeddable":true,"href":"https:\/\/cultivers.es\/de\/wp-json\/wp\/v2\/media\/11775"}],"wp:attachment":[{"href":"https:\/\/cultivers.es\/de\/wp-json\/wp\/v2\/media?parent=18086"}],"wp:term":[{"taxonomy":"product_brand","embeddable":true,"href":"https:\/\/cultivers.es\/de\/wp-json\/wp\/v2\/product_brand?post=18086"},{"taxonomy":"product_cat","embeddable":true,"href":"https:\/\/cultivers.es\/de\/wp-json\/wp\/v2\/product_cat?post=18086"},{"taxonomy":"product_tag","embeddable":true,"href":"https:\/\/cultivers.es\/de\/wp-json\/wp\/v2\/product_tag?post=18086"}],"curies":[{"name":"wp","href":"https:\/\/api.w.org\/{rel}","templated":true}]}}