{"id":18087,"date":"2021-10-22T12:12:44","date_gmt":"2021-10-22T12:12:44","guid":{"rendered":"https:\/\/cultivers.es\/abonos\/bio-hortensienduenger\/"},"modified":"2025-09-22T05:30:40","modified_gmt":"2025-09-22T05:30:40","slug":"dunger-okologische-hortensien-dunger","status":"publish","type":"product","link":"https:\/\/cultivers.es\/de\/d\u00fcngemittel\/dunger-okologische-hortensien-dunger\/","title":{"rendered":"Bio-Hortensiend\u00fcnger"},"content":{"rendered":"<p>Bio-Hortensiend\u00fcnger. Der organische D\u00fcnger f\u00fcr Hortensien und andere saure Pflanzen ist eine fl\u00fcssige organische Formulierung, die ein N\u00e4hrstoffgleichgewicht bietet, das entwickelt wurde, um den pH-Wert des Bodens niedrig zu halten. Erleichterung der Aufnahme von N\u00e4hrstoffen durch die Pflanze. Empfohlen zur F\u00f6rderung der Bl\u00fcte und des kontrollierten Wachstums. Enth\u00e4lt chelatiertes Eisen, um das intensive Gr\u00fcn der Bl\u00e4tter zu erhalten.<\/p>\n","protected":false},"excerpt":{"rendered":"<div id=\"featurebullets_feature_div\" class=\"celwidget\" data-feature-name=\"featurebullets\" data-csa-c-id=\"1hl9t2-oj47c8-7b56s0-1pa7hz\" data-cel-widget=\"featurebullets_feature_div\">\n<div id=\"feature-bullets\" class=\"a-section a-spacing-medium a-spacing-top-small\">\n<ul class=\"a-unordered-list a-vertical a-spacing-mini\">\n<li><span class=\"a-list-item\">Organischer Speziald\u00fcnger f\u00fcr Hortensien und Kamelien<\/span><\/li>\n<li><span class=\"a-list-item\">F\u00f6rdert die Bl\u00fcte und aktiviert die Farbe der Bl\u00fcten<\/span><\/li>\n<li><span class=\"a-list-item\">100% biologischer und veganer Herkunft; hoch assimilierbar mit npk 8-1-5 74% organischer Substanz und Humins\u00e4uren<\/span><\/li>\n<li><span class=\"a-list-item\">Langsam wirkende, kontrollierte Formulierung pflanzlichen Ursprungs; erh\u00f6ht die Krankheitsresistenz<\/span><\/li>\n<li><span class=\"a-list-item\">100% nat\u00fcrliches und tierfreundliches, umweltfreundliches Produkt.<\/span><\/li>\n<\/ul>\n<\/div>\n<\/div>\n","protected":false},"featured_media":12480,"comment_status":"open","ping_status":"closed","template":"","meta":{"_acf_changed":false},"product_brand":[],"product_cat":[333,331,537],"product_tag":[1414],"class_list":{"0":"post-18087","1":"product","2":"type-product","3":"status-publish","4":"has-post-thumbnail","6":"product_cat-dungemittel","7":"product_cat-feste-dungemittel","8":"product_cat-hortensien","9":"product_tag-caae-de","11":"first","12":"instock","13":"taxable","14":"shipping-taxable","15":"purchasable","16":"product-type-variable"},"acf":[],"_links":{"self":[{"href":"https:\/\/cultivers.es\/de\/wp-json\/wp\/v2\/product\/18087","targetHints":{"allow":["GET"]}}],"collection":[{"href":"https:\/\/cultivers.es\/de\/wp-json\/wp\/v2\/product"}],"about":[{"href":"https:\/\/cultivers.es\/de\/wp-json\/wp\/v2\/types\/product"}],"replies":[{"embeddable":true,"href":"https:\/\/cultivers.es\/de\/wp-json\/wp\/v2\/comments?post=18087"}],"wp:featuredmedia":[{"embeddable":true,"href":"https:\/\/cultivers.es\/de\/wp-json\/wp\/v2\/media\/12480"}],"wp:attachment":[{"href":"https:\/\/cultivers.es\/de\/wp-json\/wp\/v2\/media?parent=18087"}],"wp:term":[{"taxonomy":"product_brand","embeddable":true,"href":"https:\/\/cultivers.es\/de\/wp-json\/wp\/v2\/product_brand?post=18087"},{"taxonomy":"product_cat","embeddable":true,"href":"https:\/\/cultivers.es\/de\/wp-json\/wp\/v2\/product_cat?post=18087"},{"taxonomy":"product_tag","embeddable":true,"href":"https:\/\/cultivers.es\/de\/wp-json\/wp\/v2\/product_tag?post=18087"}],"curies":[{"name":"wp","href":"https:\/\/api.w.org\/{rel}","templated":true}]}}