{"id":18089,"date":"2021-10-22T12:12:44","date_gmt":"2021-10-22T12:12:44","guid":{"rendered":"https:\/\/cultivers.es\/abonos\/organischer-guano-duenger\/"},"modified":"2025-10-31T09:56:57","modified_gmt":"2025-10-31T09:56:57","slug":"dunger-mit-guano","status":"publish","type":"product","link":"https:\/\/cultivers.es\/de\/d\u00fcngemittel\/dunger-mit-guano\/","title":{"rendered":"Organischer Guano-D\u00fcnger"},"content":{"rendered":"<div id=\"dpx-product-description_feature_div\">\n<div class=\"celwidget\" data-csa-c-id=\"5jyizg-4o2ji4-od18pl-sv9ler\" data-cel-widget=\"dpx-product-description_csm_instrumentation_wrapper\">\n<div id=\"descriptionAndDetails\" class=\"a-section a-spacing-extra-large\">\n<div id=\"productDescription_feature_div\" class=\"celwidget\" data-feature-name=\"productDescription\" data-csa-c-id=\"jg15ak-vfn0hs-n6a0uj-smv9th\" data-cel-widget=\"productDescription_feature_div\">\n<div>\n<div id=\"productDescription_feature_div\" class=\"a-row feature\" data-feature-name=\"productDescription\" data-template-name=\"productDescription\" data-cel-widget=\"productDescription_feature_div\">\n<div id=\"productDescription\" class=\"a-section a-spacing-small\">\n<p>Unser Bio-Guano-D\u00fcnger erh\u00f6ht die Gr\u00f6\u00dfe der Fr\u00fcchte und steigert den Ertrag der Ernte. Stimuliert die nat\u00fcrlichen Abwehrkr\u00e4fte. \u00d6kologischer organischer D\u00fcnger mit einem hohen NPK-Gehalt. 100% nat\u00fcrlich und unsch\u00e4dlich f\u00fcr Tiere und Pflanzen. Hoher Gehalt an organischen Stoffen und Huminstoffen, die sich positiv auf die physikalischen, chemischen und biologischen Eigenschaften des Bodens auswirken und die Wurzelentwicklung und N\u00e4hrstoffaufnahme der Pflanzen verbessern. \u00d6kologischer D\u00fcnger mit Guano. 100% organischer und nat\u00fcrlicher Universald\u00fcnger f\u00fcr Garten und Gem\u00fcsegarten.<\/p>\n<\/div>\n<\/div>\n<\/div>\n<\/div>\n<\/div>\n<\/div>\n<\/div>\n","protected":false},"excerpt":{"rendered":"<ul class=\"a-unordered-list a-vertical a-spacing-mini\">\n<li><span class=\"a-list-item\">Gr\u00f6\u00dfere Fr\u00fcchte, h\u00f6here Ernteertr\u00e4ge.<\/span><\/li>\n<li><span class=\"a-list-item\">Stimuliert die nat\u00fcrlichen Abwehrkr\u00e4fte.<\/span><\/li>\n<li><span class=\"a-list-item\">Organischer D\u00fcnger mit einem hohen NPK-Gehalt<\/span><\/li>\n<li><span class=\"a-list-item\">100% nat\u00fcrlich und unsch\u00e4dlich f\u00fcr Tiere und Pflanzen.<\/span><\/li>\n<li><span class=\"a-list-item\">Hoher Gehalt an organischen Stoffen und Huminstoffen, die sich positiv auf die physikalischen, chemischen und biologischen Eigenschaften des Bodens auswirken und die Wurzelentwicklung und N\u00e4hrstoffaufnahme der Pflanzen verbessern.<\/span><\/li>\n<\/ul>\n","protected":false},"featured_media":12500,"comment_status":"open","ping_status":"closed","template":"","meta":{"_acf_changed":false},"product_brand":[],"product_cat":[336,333,331,358,525,359,524],"product_tag":[1569],"class_list":{"0":"post-18089","1":"product","2":"type-product","3":"status-publish","4":"has-post-thumbnail","6":"product_cat-bonsai-de","7":"product_cat-dungemittel","8":"product_cat-feste-dungemittel","9":"product_cat-koniferen-und-hecken","10":"product_cat-olivenbaum","11":"product_cat-tomaten","12":"product_cat-zitrusfruchte","13":"product_tag-sohiscert-de","15":"first","16":"instock","17":"taxable","18":"shipping-taxable","19":"purchasable","20":"product-type-variable"},"acf":[],"_links":{"self":[{"href":"https:\/\/cultivers.es\/de\/wp-json\/wp\/v2\/product\/18089","targetHints":{"allow":["GET"]}}],"collection":[{"href":"https:\/\/cultivers.es\/de\/wp-json\/wp\/v2\/product"}],"about":[{"href":"https:\/\/cultivers.es\/de\/wp-json\/wp\/v2\/types\/product"}],"replies":[{"embeddable":true,"href":"https:\/\/cultivers.es\/de\/wp-json\/wp\/v2\/comments?post=18089"}],"wp:featuredmedia":[{"embeddable":true,"href":"https:\/\/cultivers.es\/de\/wp-json\/wp\/v2\/media\/12500"}],"wp:attachment":[{"href":"https:\/\/cultivers.es\/de\/wp-json\/wp\/v2\/media?parent=18089"}],"wp:term":[{"taxonomy":"product_brand","embeddable":true,"href":"https:\/\/cultivers.es\/de\/wp-json\/wp\/v2\/product_brand?post=18089"},{"taxonomy":"product_cat","embeddable":true,"href":"https:\/\/cultivers.es\/de\/wp-json\/wp\/v2\/product_cat?post=18089"},{"taxonomy":"product_tag","embeddable":true,"href":"https:\/\/cultivers.es\/de\/wp-json\/wp\/v2\/product_tag?post=18089"}],"curies":[{"name":"wp","href":"https:\/\/api.w.org\/{rel}","templated":true}]}}